{"id":1370689,"date":"2026-04-29T09:07:15","date_gmt":"2026-04-29T06:07:15","guid":{"rendered":"https:\/\/games.tactic.net\/tuote\/tactic-lets-learn-wort-rallye\/"},"modified":"2026-04-29T09:07:15","modified_gmt":"2026-04-29T06:07:15","slug":"tactic-lets-learn-wort-rallye","status":"publish","type":"product","link":"https:\/\/games.tactic.net\/de\/tuote\/tactic-lets-learn-wort-rallye\/","title":{"rendered":"Tactic Let&#8217;s learn &#8211; Wort-Rallye"},"content":{"rendered":"<p>\u201eH f\u00fcr Haustier, G f\u00fcr Gl\u00fccklich\u201c. Mach mit bei diesem Wettrennen, um W\u00f6rter mit unterschiedlichen Anfangsbuchstaben zu finden und sammle Spielmarken auf deinen Bingo-Spielbrettern. Wer als Erster f\u00fcnf Spielmarken in der Reihe hat, gewinnt! Spezialkarten machen das Spiel noch spannender! Es gibt zwei Schwierigkeitsstufen; die j\u00fcngsten Kinder spielen mit bebilderten Spielbrettern. Au\u00dferdem gibt es Tipps zum Sortieren von W\u00f6rtern, um den Wortschatz und das Denkverm\u00f6gen zu verbessern.<\/p>\n","protected":false},"excerpt":{"rendered":"<p>\u201eH f\u00fcr Haustier, G f\u00fcr Gl\u00fccklich\u201c. Mach mit bei diesem Wettrennen, um W\u00f6rter mit unterschiedlichen Anfangsbuchstaben zu finden und sammle Spielmarken auf deinen Bingo-Spielbrettern. Wer als Erster f\u00fcnf Spielmarken in der Reihe hat, gewinnt! Spezialkarten machen das Spiel noch spannender! Es gibt zwei Schwierigkeitsstufen; die j\u00fcngsten Kinder spielen mit bebilderten Spielbrettern. Au\u00dferdem gibt es Tipps [&hellip;]<\/p>\n","protected":false},"featured_media":0,"template":"","meta":{"content-type":"","_monsterinsights_skip_tracking":false,"_monsterinsights_sitenote_active":false,"_monsterinsights_sitenote_note":"","_monsterinsights_sitenote_category":0},"product_brand":[],"product_cat":[2351],"product_tag":[1980],"brand":[{"id":870,"name":"Let's Learn","slug":"letslearn-de"}],"target-group":[],"discontinued":[],"class_list":{"0":"post-1370689","1":"product","2":"type-product","3":"status-publish","5":"product_cat-lernspiele","6":"product_tag-bildung","7":"brand-letslearn-de","9":"first","10":"instock","11":"taxable","12":"shipping-taxable","13":"product-type-simple"},"aioseo_notices":[],"_links":{"self":[{"href":"https:\/\/games.tactic.net\/de\/wp-json\/wp\/v2\/product\/1370689","targetHints":{"allow":["GET"]}}],"collection":[{"href":"https:\/\/games.tactic.net\/de\/wp-json\/wp\/v2\/product"}],"about":[{"href":"https:\/\/games.tactic.net\/de\/wp-json\/wp\/v2\/types\/product"}],"wp:attachment":[{"href":"https:\/\/games.tactic.net\/de\/wp-json\/wp\/v2\/media?parent=1370689"}],"wp:term":[{"taxonomy":"product_brand","embeddable":true,"href":"https:\/\/games.tactic.net\/de\/wp-json\/wp\/v2\/product_brand?post=1370689"},{"taxonomy":"product_cat","embeddable":true,"href":"https:\/\/games.tactic.net\/de\/wp-json\/wp\/v2\/product_cat?post=1370689"},{"taxonomy":"product_tag","embeddable":true,"href":"https:\/\/games.tactic.net\/de\/wp-json\/wp\/v2\/product_tag?post=1370689"},{"taxonomy":"brand","embeddable":true,"href":"https:\/\/games.tactic.net\/de\/wp-json\/wp\/v2\/brand?post=1370689"},{"taxonomy":"target-group","embeddable":true,"href":"https:\/\/games.tactic.net\/de\/wp-json\/wp\/v2\/target-group?post=1370689"},{"taxonomy":"discontinued","embeddable":true,"href":"https:\/\/games.tactic.net\/de\/wp-json\/wp\/v2\/discontinued?post=1370689"}],"curies":[{"name":"wp","href":"https:\/\/api.w.org\/{rel}","templated":true}]}}