{"id":1370685,"date":"2026-04-27T19:11:50","date_gmt":"2026-04-27T16:11:50","guid":{"rendered":"https:\/\/games.tactic.net\/tuote\/bex-sport-sunsport-badminton-2-rackets-and-balls\/"},"modified":"2026-04-27T19:11:50","modified_gmt":"2026-04-27T16:11:50","slug":"bex-sport-sunsport-badminton-2-rackets-and-balls","status":"publish","type":"product","link":"https:\/\/games.tactic.net\/de\/tuote\/bex-sport-sunsport-badminton-2-rackets-and-balls\/","title":{"rendered":"Bex Sport Sunsport Badminton 2 rackets and balls"},"content":{"rendered":"<p>Badminton ist eine R\u00fcckschlagsportart f\u00fcr zwei oder vier Spieler. Ziel ist es, den Federball mit dem Schl\u00e4ger so zu schlagen, dass er \u00fcber das Netz in die gegnerische Spielfeldh\u00e4lfte fliegt, m\u00f6glichst so, dass der Gegner ihn nicht erreicht, bevor er innerhalb der Spielfeldgrenzen den Boden ber\u00fchrt.<\/p>\n","protected":false},"excerpt":{"rendered":"<p>Badminton ist eine R\u00fcckschlagsportart f\u00fcr zwei oder vier Spieler. Ziel ist es, den Federball mit dem Schl\u00e4ger so zu schlagen, dass er \u00fcber das Netz in die gegnerische Spielfeldh\u00e4lfte fliegt, m\u00f6glichst so, dass der Gegner ihn nicht erreicht, bevor er innerhalb der Spielfeldgrenzen den Boden ber\u00fchrt.<\/p>\n","protected":false},"featured_media":0,"template":"","meta":{"content-type":"","_monsterinsights_skip_tracking":false,"_monsterinsights_sitenote_active":false,"_monsterinsights_sitenote_note":"","_monsterinsights_sitenote_category":0},"product_brand":[],"product_cat":[1970],"product_tag":[],"brand":[{"id":2366,"name":"BEX Sport","slug":"bex-sport"}],"target-group":[],"discontinued":[],"class_list":{"0":"post-1370685","1":"product","2":"type-product","3":"status-publish","5":"product_cat-spiele-fuer-draussen","6":"brand-bex-sport","8":"first","9":"instock","10":"taxable","11":"shipping-taxable","12":"product-type-simple"},"aioseo_notices":[],"_links":{"self":[{"href":"https:\/\/games.tactic.net\/de\/wp-json\/wp\/v2\/product\/1370685","targetHints":{"allow":["GET"]}}],"collection":[{"href":"https:\/\/games.tactic.net\/de\/wp-json\/wp\/v2\/product"}],"about":[{"href":"https:\/\/games.tactic.net\/de\/wp-json\/wp\/v2\/types\/product"}],"wp:attachment":[{"href":"https:\/\/games.tactic.net\/de\/wp-json\/wp\/v2\/media?parent=1370685"}],"wp:term":[{"taxonomy":"product_brand","embeddable":true,"href":"https:\/\/games.tactic.net\/de\/wp-json\/wp\/v2\/product_brand?post=1370685"},{"taxonomy":"product_cat","embeddable":true,"href":"https:\/\/games.tactic.net\/de\/wp-json\/wp\/v2\/product_cat?post=1370685"},{"taxonomy":"product_tag","embeddable":true,"href":"https:\/\/games.tactic.net\/de\/wp-json\/wp\/v2\/product_tag?post=1370685"},{"taxonomy":"brand","embeddable":true,"href":"https:\/\/games.tactic.net\/de\/wp-json\/wp\/v2\/brand?post=1370685"},{"taxonomy":"target-group","embeddable":true,"href":"https:\/\/games.tactic.net\/de\/wp-json\/wp\/v2\/target-group?post=1370685"},{"taxonomy":"discontinued","embeddable":true,"href":"https:\/\/games.tactic.net\/de\/wp-json\/wp\/v2\/discontinued?post=1370685"}],"curies":[{"name":"wp","href":"https:\/\/api.w.org\/{rel}","templated":true}]}}