{"id":1370683,"date":"2026-04-27T19:11:01","date_gmt":"2026-04-27T16:11:01","guid":{"rendered":"https:\/\/games.tactic.net\/tuote\/gamesson-tournament-edition-dartboard\/"},"modified":"2026-04-27T19:11:01","modified_gmt":"2026-04-27T16:11:01","slug":"gamesson-tournament-edition-dartboard","status":"publish","type":"product","link":"https:\/\/games.tactic.net\/de\/tuote\/gamesson-tournament-edition-dartboard\/","title":{"rendered":"Gamesson Tournament Edition Dartboard"},"content":{"rendered":"<p>Spielen Sie wie ein Champion auf dieser Dartscheibe. Die Sisalscheibe besteht aus \u201eselbstheilendem\u201c Material, das die durch die Pfeile entstandenen L\u00f6cher mit der Zeit wieder schlie\u00dft. Dadurch ist sie langlebig und ideal f\u00fcr viele Spiele. Inkl. selbstheilender Sisalscheibe, abnehmbarem Zahlenring, klammerfreiem Bullseye.<\/p>\n","protected":false},"excerpt":{"rendered":"<p>Spielen Sie wie ein Champion auf dieser Dartscheibe. Die Sisalscheibe besteht aus \u201eselbstheilendem\u201c Material, das die durch die Pfeile entstandenen L\u00f6cher mit der Zeit wieder schlie\u00dft. Dadurch ist sie langlebig und ideal f\u00fcr viele Spiele. Inkl. selbstheilender Sisalscheibe, abnehmbarem Zahlenring, klammerfreiem Bullseye.<\/p>\n","protected":false},"featured_media":0,"template":"","meta":{"content-type":"","_monsterinsights_skip_tracking":false,"_monsterinsights_sitenote_active":false,"_monsterinsights_sitenote_note":"","_monsterinsights_sitenote_category":0},"product_brand":[],"product_cat":[1970],"product_tag":[],"brand":[],"target-group":[],"discontinued":[],"class_list":{"0":"post-1370683","1":"product","2":"type-product","3":"status-publish","5":"product_cat-spiele-fuer-draussen","7":"first","8":"outofstock","9":"taxable","10":"shipping-taxable","11":"product-type-simple"},"aioseo_notices":[],"_links":{"self":[{"href":"https:\/\/games.tactic.net\/de\/wp-json\/wp\/v2\/product\/1370683","targetHints":{"allow":["GET"]}}],"collection":[{"href":"https:\/\/games.tactic.net\/de\/wp-json\/wp\/v2\/product"}],"about":[{"href":"https:\/\/games.tactic.net\/de\/wp-json\/wp\/v2\/types\/product"}],"wp:attachment":[{"href":"https:\/\/games.tactic.net\/de\/wp-json\/wp\/v2\/media?parent=1370683"}],"wp:term":[{"taxonomy":"product_brand","embeddable":true,"href":"https:\/\/games.tactic.net\/de\/wp-json\/wp\/v2\/product_brand?post=1370683"},{"taxonomy":"product_cat","embeddable":true,"href":"https:\/\/games.tactic.net\/de\/wp-json\/wp\/v2\/product_cat?post=1370683"},{"taxonomy":"product_tag","embeddable":true,"href":"https:\/\/games.tactic.net\/de\/wp-json\/wp\/v2\/product_tag?post=1370683"},{"taxonomy":"brand","embeddable":true,"href":"https:\/\/games.tactic.net\/de\/wp-json\/wp\/v2\/brand?post=1370683"},{"taxonomy":"target-group","embeddable":true,"href":"https:\/\/games.tactic.net\/de\/wp-json\/wp\/v2\/target-group?post=1370683"},{"taxonomy":"discontinued","embeddable":true,"href":"https:\/\/games.tactic.net\/de\/wp-json\/wp\/v2\/discontinued?post=1370683"}],"curies":[{"name":"wp","href":"https:\/\/api.w.org\/{rel}","templated":true}]}}