{"id":1370682,"date":"2026-04-27T19:10:45","date_gmt":"2026-04-27T16:10:45","guid":{"rendered":"https:\/\/games.tactic.net\/tuote\/gamesson-electronic-dartboard-devil\/"},"modified":"2026-04-27T19:10:45","modified_gmt":"2026-04-27T16:10:45","slug":"gamesson-electronic-dartboard-devil","status":"publish","type":"product","link":"https:\/\/games.tactic.net\/de\/tuote\/gamesson-electronic-dartboard-devil\/","title":{"rendered":"Gamesson electronic dartboard Devil"},"content":{"rendered":"<p>Devil II ist eine elektronische Dartscheibe mit vielen installierten Spielen und noch mehr Varianten. Spielen Sie allein oder mit bis zu 8 Personen und werfen Sie die mitgelieferten Pfeile auf die Scheibe. Die enthaltenen Pfeile haben Softspitzen. Die Spiele lassen sich \u00fcber die Tasten an der Scheibe leicht einstellen. Spieleranzahl festlegen, Spiel ausw\u00e4hlen und loslegen. Die Scheibe ben\u00f6tigt Batterien, die nicht im Lieferumfang enthalten sind. Funktionen: 18 Spiele mit 159 Varianten, 1\u20138 Spieler, Soundeffekte, LCD-Display.<\/p>\n","protected":false},"excerpt":{"rendered":"<p>Devil II ist eine elektronische Dartscheibe mit vielen installierten Spielen und noch mehr Varianten. Spielen Sie allein oder mit bis zu 8 Personen und werfen Sie die mitgelieferten Pfeile auf die Scheibe. Die enthaltenen Pfeile haben Softspitzen. Die Spiele lassen sich \u00fcber die Tasten an der Scheibe leicht einstellen. Spieleranzahl festlegen, Spiel ausw\u00e4hlen und loslegen. [&hellip;]<\/p>\n","protected":false},"featured_media":0,"template":"","meta":{"content-type":"","_monsterinsights_skip_tracking":false,"_monsterinsights_sitenote_active":false,"_monsterinsights_sitenote_note":"","_monsterinsights_sitenote_category":0},"product_brand":[],"product_cat":[1970],"product_tag":[],"brand":[],"target-group":[],"discontinued":[],"class_list":{"0":"post-1370682","1":"product","2":"type-product","3":"status-publish","5":"product_cat-spiele-fuer-draussen","7":"first","8":"outofstock","9":"taxable","10":"shipping-taxable","11":"product-type-simple"},"aioseo_notices":[],"_links":{"self":[{"href":"https:\/\/games.tactic.net\/de\/wp-json\/wp\/v2\/product\/1370682","targetHints":{"allow":["GET"]}}],"collection":[{"href":"https:\/\/games.tactic.net\/de\/wp-json\/wp\/v2\/product"}],"about":[{"href":"https:\/\/games.tactic.net\/de\/wp-json\/wp\/v2\/types\/product"}],"wp:attachment":[{"href":"https:\/\/games.tactic.net\/de\/wp-json\/wp\/v2\/media?parent=1370682"}],"wp:term":[{"taxonomy":"product_brand","embeddable":true,"href":"https:\/\/games.tactic.net\/de\/wp-json\/wp\/v2\/product_brand?post=1370682"},{"taxonomy":"product_cat","embeddable":true,"href":"https:\/\/games.tactic.net\/de\/wp-json\/wp\/v2\/product_cat?post=1370682"},{"taxonomy":"product_tag","embeddable":true,"href":"https:\/\/games.tactic.net\/de\/wp-json\/wp\/v2\/product_tag?post=1370682"},{"taxonomy":"brand","embeddable":true,"href":"https:\/\/games.tactic.net\/de\/wp-json\/wp\/v2\/brand?post=1370682"},{"taxonomy":"target-group","embeddable":true,"href":"https:\/\/games.tactic.net\/de\/wp-json\/wp\/v2\/target-group?post=1370682"},{"taxonomy":"discontinued","embeddable":true,"href":"https:\/\/games.tactic.net\/de\/wp-json\/wp\/v2\/discontinued?post=1370682"}],"curies":[{"name":"wp","href":"https:\/\/api.w.org\/{rel}","templated":true}]}}