{"id":1370681,"date":"2026-04-27T19:10:25","date_gmt":"2026-04-27T16:10:25","guid":{"rendered":"https:\/\/games.tactic.net\/tuote\/gamesson-family-dart-game\/"},"modified":"2026-04-27T19:10:25","modified_gmt":"2026-04-27T16:10:25","slug":"gamesson-family-dart-game","status":"publish","type":"product","link":"https:\/\/games.tactic.net\/de\/tuote\/gamesson-family-dart-game\/","title":{"rendered":"Gamesson Family Dart Game"},"content":{"rendered":"<p>Spielen Sie eine freundschaftliche Runde Dart mit diesem Dartset. Zur Abwechslung k\u00f6nnen Sie die Scheibe auch umdrehen und als Zielspiel verwenden. Inkl. 1 Papier-Dartscheibe mit Zielspiel auf der R\u00fcckseite, 2 Messing-Dartsets, abnehmbare Sch\u00e4fte und Flights. Gr\u00f6\u00dfe der Scheibe: 45,7 cm x 2,5 cm.<\/p>\n","protected":false},"excerpt":{"rendered":"<p>Spielen Sie eine freundschaftliche Runde Dart mit diesem Dartset. Zur Abwechslung k\u00f6nnen Sie die Scheibe auch umdrehen und als Zielspiel verwenden. Inkl. 1 Papier-Dartscheibe mit Zielspiel auf der R\u00fcckseite, 2 Messing-Dartsets, abnehmbare Sch\u00e4fte und Flights. Gr\u00f6\u00dfe der Scheibe: 45,7 cm x 2,5 cm.<\/p>\n","protected":false},"featured_media":0,"template":"","meta":{"content-type":"","_monsterinsights_skip_tracking":false,"_monsterinsights_sitenote_active":false,"_monsterinsights_sitenote_note":"","_monsterinsights_sitenote_category":0},"product_brand":[],"product_cat":[1970],"product_tag":[1968],"brand":[{"id":2366,"name":"BEX Sport","slug":"bex-sport"}],"target-group":[],"discontinued":[],"class_list":{"0":"post-1370681","1":"product","2":"type-product","3":"status-publish","5":"product_cat-spiele-fuer-draussen","6":"product_tag-fertigkeit","7":"brand-bex-sport","9":"first","10":"outofstock","11":"taxable","12":"shipping-taxable","13":"product-type-simple"},"aioseo_notices":[],"_links":{"self":[{"href":"https:\/\/games.tactic.net\/de\/wp-json\/wp\/v2\/product\/1370681","targetHints":{"allow":["GET"]}}],"collection":[{"href":"https:\/\/games.tactic.net\/de\/wp-json\/wp\/v2\/product"}],"about":[{"href":"https:\/\/games.tactic.net\/de\/wp-json\/wp\/v2\/types\/product"}],"wp:attachment":[{"href":"https:\/\/games.tactic.net\/de\/wp-json\/wp\/v2\/media?parent=1370681"}],"wp:term":[{"taxonomy":"product_brand","embeddable":true,"href":"https:\/\/games.tactic.net\/de\/wp-json\/wp\/v2\/product_brand?post=1370681"},{"taxonomy":"product_cat","embeddable":true,"href":"https:\/\/games.tactic.net\/de\/wp-json\/wp\/v2\/product_cat?post=1370681"},{"taxonomy":"product_tag","embeddable":true,"href":"https:\/\/games.tactic.net\/de\/wp-json\/wp\/v2\/product_tag?post=1370681"},{"taxonomy":"brand","embeddable":true,"href":"https:\/\/games.tactic.net\/de\/wp-json\/wp\/v2\/brand?post=1370681"},{"taxonomy":"target-group","embeddable":true,"href":"https:\/\/games.tactic.net\/de\/wp-json\/wp\/v2\/target-group?post=1370681"},{"taxonomy":"discontinued","embeddable":true,"href":"https:\/\/games.tactic.net\/de\/wp-json\/wp\/v2\/discontinued?post=1370681"}],"curies":[{"name":"wp","href":"https:\/\/api.w.org\/{rel}","templated":true}]}}