{"id":1370644,"date":"2026-04-24T13:28:01","date_gmt":"2026-04-24T10:28:01","guid":{"rendered":"https:\/\/games.tactic.net\/tuote\/heros-constructor-zubehoer-set-75-teile\/"},"modified":"2026-04-24T13:28:01","modified_gmt":"2026-04-24T10:28:01","slug":"heros-constructor-zubehoer-set-75-teile","status":"publish","type":"product","link":"https:\/\/games.tactic.net\/de\/tuote\/heros-constructor-zubehoer-set-75-teile\/","title":{"rendered":"Heros Constructor Zubeh\u00f6r-Set 75 Teile"},"content":{"rendered":"<p>Ein Zubeh\u00f6r-Set, um noch mehr Variationsm\u00f6glichkeiten mit den Heros Constructor-Sets entdecken und ausleben zu k\u00f6nnen. 75 Teile lassen Kreativit\u00e4t und Erfindergeist der Kinder maximalen Raum, sich zu verwirklichen. Aus 100 % FSC\u00ae-zertifiziertem Buchenholz, Schraubteile und Reifen etc. aus Kunststoff, hergestellt in Deutschland. F\u00fcr Kinder ab 3 Jahren.<\/p>\n","protected":false},"excerpt":{"rendered":"<p>Ein Heros Constructor Zubeh\u00f6r-Set f\u00fcr noch mehr Gestaltungsm\u00f6glichkeiten.<\/p>\n","protected":false},"featured_media":0,"template":"","meta":{"content-type":"","_monsterinsights_skip_tracking":false,"_monsterinsights_sitenote_active":false,"_monsterinsights_sitenote_note":"","_monsterinsights_sitenote_category":0},"product_brand":[],"product_cat":[2346],"product_tag":[],"brand":[{"id":2378,"name":"Heros","slug":"heros"}],"target-group":[],"discontinued":[],"class_list":{"0":"post-1370644","1":"product","2":"type-product","3":"status-publish","5":"product_cat-heros-wooden-toys","6":"brand-heros","8":"first","9":"instock","10":"taxable","11":"shipping-taxable","12":"product-type-simple"},"aioseo_notices":[],"_links":{"self":[{"href":"https:\/\/games.tactic.net\/de\/wp-json\/wp\/v2\/product\/1370644","targetHints":{"allow":["GET"]}}],"collection":[{"href":"https:\/\/games.tactic.net\/de\/wp-json\/wp\/v2\/product"}],"about":[{"href":"https:\/\/games.tactic.net\/de\/wp-json\/wp\/v2\/types\/product"}],"wp:attachment":[{"href":"https:\/\/games.tactic.net\/de\/wp-json\/wp\/v2\/media?parent=1370644"}],"wp:term":[{"taxonomy":"product_brand","embeddable":true,"href":"https:\/\/games.tactic.net\/de\/wp-json\/wp\/v2\/product_brand?post=1370644"},{"taxonomy":"product_cat","embeddable":true,"href":"https:\/\/games.tactic.net\/de\/wp-json\/wp\/v2\/product_cat?post=1370644"},{"taxonomy":"product_tag","embeddable":true,"href":"https:\/\/games.tactic.net\/de\/wp-json\/wp\/v2\/product_tag?post=1370644"},{"taxonomy":"brand","embeddable":true,"href":"https:\/\/games.tactic.net\/de\/wp-json\/wp\/v2\/brand?post=1370644"},{"taxonomy":"target-group","embeddable":true,"href":"https:\/\/games.tactic.net\/de\/wp-json\/wp\/v2\/target-group?post=1370644"},{"taxonomy":"discontinued","embeddable":true,"href":"https:\/\/games.tactic.net\/de\/wp-json\/wp\/v2\/discontinued?post=1370644"}],"curies":[{"name":"wp","href":"https:\/\/api.w.org\/{rel}","templated":true}]}}