{"id":1370643,"date":"2026-04-24T13:27:55","date_gmt":"2026-04-24T10:27:55","guid":{"rendered":"https:\/\/games.tactic.net\/tuote\/heros-constructor-vario-fahrzeuge-70-teile\/"},"modified":"2026-04-24T13:27:55","modified_gmt":"2026-04-24T10:27:55","slug":"heros-constructor-vario-fahrzeuge-70-teile","status":"publish","type":"product","link":"https:\/\/games.tactic.net\/de\/tuote\/heros-constructor-vario-fahrzeuge-70-teile\/","title":{"rendered":"Heros Constructor Vario-Fahrzeuge 70 Teile"},"content":{"rendered":"<p>Vielseitiger Bauspa\u00df! Dieses Heros Constructor-Set mit 70 Teilen erm\u00f6glicht den Bau von vier verschiedenen Modellen \u2013 Kranwagen, Helikopter, Flugzeug und Dreirad. F\u00f6rdert Kreativit\u00e4t: Kinder k\u00f6nnen die Anleitung nutzen oder eigene Bauideen entwickeln. Sicher und langlebig: gefertigt aus 100 % FSC\u00ae-zertifiziertem Buchenholz und robustem Kunststoff. Unterst\u00fctzt die Entwicklung: trainiert Feinmotorik und r\u00e4umliches Denken ab 3 Jahren.<\/p>\n","protected":false},"excerpt":{"rendered":"<p>Kranwagen, Helikopter, Flugzeug oder Dreirad &#8211; oder verwirkliche deine eigene Idee!<\/p>\n","protected":false},"featured_media":0,"template":"","meta":{"content-type":"","_monsterinsights_skip_tracking":false,"_monsterinsights_sitenote_active":false,"_monsterinsights_sitenote_note":"","_monsterinsights_sitenote_category":0},"product_brand":[],"product_cat":[2346],"product_tag":[],"brand":[{"id":2378,"name":"Heros","slug":"heros"}],"target-group":[],"discontinued":[],"class_list":{"0":"post-1370643","1":"product","2":"type-product","3":"status-publish","5":"product_cat-heros-wooden-toys","6":"brand-heros","8":"first","9":"instock","10":"taxable","11":"shipping-taxable","12":"product-type-simple"},"aioseo_notices":[],"_links":{"self":[{"href":"https:\/\/games.tactic.net\/de\/wp-json\/wp\/v2\/product\/1370643","targetHints":{"allow":["GET"]}}],"collection":[{"href":"https:\/\/games.tactic.net\/de\/wp-json\/wp\/v2\/product"}],"about":[{"href":"https:\/\/games.tactic.net\/de\/wp-json\/wp\/v2\/types\/product"}],"wp:attachment":[{"href":"https:\/\/games.tactic.net\/de\/wp-json\/wp\/v2\/media?parent=1370643"}],"wp:term":[{"taxonomy":"product_brand","embeddable":true,"href":"https:\/\/games.tactic.net\/de\/wp-json\/wp\/v2\/product_brand?post=1370643"},{"taxonomy":"product_cat","embeddable":true,"href":"https:\/\/games.tactic.net\/de\/wp-json\/wp\/v2\/product_cat?post=1370643"},{"taxonomy":"product_tag","embeddable":true,"href":"https:\/\/games.tactic.net\/de\/wp-json\/wp\/v2\/product_tag?post=1370643"},{"taxonomy":"brand","embeddable":true,"href":"https:\/\/games.tactic.net\/de\/wp-json\/wp\/v2\/brand?post=1370643"},{"taxonomy":"target-group","embeddable":true,"href":"https:\/\/games.tactic.net\/de\/wp-json\/wp\/v2\/target-group?post=1370643"},{"taxonomy":"discontinued","embeddable":true,"href":"https:\/\/games.tactic.net\/de\/wp-json\/wp\/v2\/discontinued?post=1370643"}],"curies":[{"name":"wp","href":"https:\/\/api.w.org\/{rel}","templated":true}]}}