{"id":1370621,"date":"2026-04-22T10:08:06","date_gmt":"2026-04-22T07:08:06","guid":{"rendered":"https:\/\/games.tactic.net\/tuote\/mish-match\/"},"modified":"2026-04-22T10:08:06","modified_gmt":"2026-04-22T07:08:06","slug":"mish-match","status":"publish","type":"product","link":"https:\/\/games.tactic.net\/de\/tuote\/mish-match\/","title":{"rendered":"Mish Match"},"content":{"rendered":"<p>Das scheinbar einfache, aber endlos unterhaltsame Spiel mit gr\u00fcnen Erdh\u00f6rnchen, festlichen Flamingos, Rollschuh fahrenden lila Pandas, gierigen Ziegen, die Kekse fressen, und verliebten Pinguinen. In diesem rasanten, herrlich albernen und zungenbrecherischen Zuordnungsspiel m\u00fcssen die Spieler als Erste eine \u00dcbereinstimmung finden. Je passender die \u00dcbereinstimmung, desto verr\u00fcckter wird es!<\/p>\n","protected":false},"excerpt":{"rendered":"<p>Ein rasantes und herrlich verr\u00fccktes Zuordnungsspiel. Sei der Erste, der eine \u00dcbereinstimmung entdeckt!<\/p>\n","protected":false},"featured_media":0,"template":"","meta":{"content-type":"","_monsterinsights_skip_tracking":false,"_monsterinsights_sitenote_active":false,"_monsterinsights_sitenote_note":"","_monsterinsights_sitenote_category":0},"product_brand":[],"product_cat":[1976],"product_tag":[1965,1271],"brand":[],"target-group":[],"discontinued":[],"class_list":{"0":"post-1370621","1":"product","2":"type-product","3":"status-publish","5":"product_cat-karten-und-wuerfelspiele","6":"product_tag-glueck","7":"product_tag-kombination","9":"first","10":"instock","11":"taxable","12":"shipping-taxable","13":"product-type-simple"},"aioseo_notices":[],"_links":{"self":[{"href":"https:\/\/games.tactic.net\/de\/wp-json\/wp\/v2\/product\/1370621","targetHints":{"allow":["GET"]}}],"collection":[{"href":"https:\/\/games.tactic.net\/de\/wp-json\/wp\/v2\/product"}],"about":[{"href":"https:\/\/games.tactic.net\/de\/wp-json\/wp\/v2\/types\/product"}],"wp:attachment":[{"href":"https:\/\/games.tactic.net\/de\/wp-json\/wp\/v2\/media?parent=1370621"}],"wp:term":[{"taxonomy":"product_brand","embeddable":true,"href":"https:\/\/games.tactic.net\/de\/wp-json\/wp\/v2\/product_brand?post=1370621"},{"taxonomy":"product_cat","embeddable":true,"href":"https:\/\/games.tactic.net\/de\/wp-json\/wp\/v2\/product_cat?post=1370621"},{"taxonomy":"product_tag","embeddable":true,"href":"https:\/\/games.tactic.net\/de\/wp-json\/wp\/v2\/product_tag?post=1370621"},{"taxonomy":"brand","embeddable":true,"href":"https:\/\/games.tactic.net\/de\/wp-json\/wp\/v2\/brand?post=1370621"},{"taxonomy":"target-group","embeddable":true,"href":"https:\/\/games.tactic.net\/de\/wp-json\/wp\/v2\/target-group?post=1370621"},{"taxonomy":"discontinued","embeddable":true,"href":"https:\/\/games.tactic.net\/de\/wp-json\/wp\/v2\/discontinued?post=1370621"}],"curies":[{"name":"wp","href":"https:\/\/api.w.org\/{rel}","templated":true}]}}