{"id":1370618,"date":"2026-04-22T10:07:24","date_gmt":"2026-04-22T07:07:24","guid":{"rendered":"https:\/\/games.tactic.net\/tuote\/egg-or-chicken\/"},"modified":"2026-04-22T10:07:24","modified_gmt":"2026-04-22T07:07:24","slug":"egg-or-chicken","status":"publish","type":"product","link":"https:\/\/games.tactic.net\/de\/tuote\/egg-or-chicken\/","title":{"rendered":"Egg or Chicken"},"content":{"rendered":"<p>Egg or Chicken ist ein Bietspiel, bei dem die Spieler sch\u00e4tzen, wie viele Eier oder H\u00fchner auf den Karten der Runde zu sehen sind. Glaubst du, es gibt mehr Eier? Oder vielleicht H\u00fchner? Pass auf die F\u00fcchse auf, die von jeder Karte ein Huhn entfernen! Oder gibt es Bratpfannen? Sie entfernen ein Ei von jeder Karte! Versuche, so viele Karten wie m\u00f6glich zu sammeln, indem du besser sch\u00e4tzt als die anderen Spieler. Am Ende gewinnt der Spieler mit den meisten Karten!<\/p>\n","protected":false},"excerpt":{"rendered":"<p>Sch\u00e4tze, wie viele Eier oder H\u00fchner auf den Karten der Runde zu sehen sind. Glaubst du, es gibt mehr Eier? Oder vielleicht H\u00fchner? Pass auf die F\u00fcchse und Bratpfannen auf!<\/p>\n","protected":false},"featured_media":0,"template":"","meta":{"content-type":"","_monsterinsights_skip_tracking":false,"_monsterinsights_sitenote_active":false,"_monsterinsights_sitenote_note":"","_monsterinsights_sitenote_category":0},"product_brand":[],"product_cat":[1976],"product_tag":[1965,1271],"brand":[],"target-group":[],"discontinued":[],"class_list":{"0":"post-1370618","1":"product","2":"type-product","3":"status-publish","5":"product_cat-karten-und-wuerfelspiele","6":"product_tag-glueck","7":"product_tag-kombination","9":"first","10":"instock","11":"taxable","12":"shipping-taxable","13":"product-type-simple"},"aioseo_notices":[],"_links":{"self":[{"href":"https:\/\/games.tactic.net\/de\/wp-json\/wp\/v2\/product\/1370618","targetHints":{"allow":["GET"]}}],"collection":[{"href":"https:\/\/games.tactic.net\/de\/wp-json\/wp\/v2\/product"}],"about":[{"href":"https:\/\/games.tactic.net\/de\/wp-json\/wp\/v2\/types\/product"}],"wp:attachment":[{"href":"https:\/\/games.tactic.net\/de\/wp-json\/wp\/v2\/media?parent=1370618"}],"wp:term":[{"taxonomy":"product_brand","embeddable":true,"href":"https:\/\/games.tactic.net\/de\/wp-json\/wp\/v2\/product_brand?post=1370618"},{"taxonomy":"product_cat","embeddable":true,"href":"https:\/\/games.tactic.net\/de\/wp-json\/wp\/v2\/product_cat?post=1370618"},{"taxonomy":"product_tag","embeddable":true,"href":"https:\/\/games.tactic.net\/de\/wp-json\/wp\/v2\/product_tag?post=1370618"},{"taxonomy":"brand","embeddable":true,"href":"https:\/\/games.tactic.net\/de\/wp-json\/wp\/v2\/brand?post=1370618"},{"taxonomy":"target-group","embeddable":true,"href":"https:\/\/games.tactic.net\/de\/wp-json\/wp\/v2\/target-group?post=1370618"},{"taxonomy":"discontinued","embeddable":true,"href":"https:\/\/games.tactic.net\/de\/wp-json\/wp\/v2\/discontinued?post=1370618"}],"curies":[{"name":"wp","href":"https:\/\/api.w.org\/{rel}","templated":true}]}}