{"id":1370080,"date":"2026-03-30T17:21:51","date_gmt":"2026-03-30T14:21:51","guid":{"rendered":"https:\/\/games.tactic.net\/tuote\/1000-pcs-puzzle-my-herbarium\/"},"modified":"2026-03-30T17:21:51","modified_gmt":"2026-03-30T14:21:51","slug":"1000-pcs-puzzle-my-herbarium","status":"publish","type":"product","link":"https:\/\/games.tactic.net\/de\/tuote\/1000-pcs-puzzle-my-herbarium\/","title":{"rendered":"1000 pcs puzzle: My Herbarium"},"content":{"rendered":"<p>Nimm dir einen Moment zum Abschalten und setze die Sch\u00f6nheit der Natur St\u00fcck f\u00fcr St\u00fcck zusammen. Dieses 1000-Teile-Puzzle bietet eine ruhige, erf\u00fcllende Herausforderung f\u00fcr Naturliebhaber, Puzzlefans und alle, die zeitloses Design sch\u00e4tzen. Ideal f\u00fcr achtsame Puzzlestunden, als Geschenk oder zum Ausstellen nach der Fertigstellung.<\/p>\n","protected":false},"excerpt":{"rendered":"<p>Nimm dir einen Moment zum Abschalten und setze die Sch\u00f6nheit der Natur St\u00fcck f\u00fcr St\u00fcck zusammen. Dieses 1000-Teile-Puzzle bietet eine ruhige, erf\u00fcllende Herausforderung f\u00fcr Naturliebhaber, Puzzlefans und alle, die zeitloses Design sch\u00e4tzen. Ideal f\u00fcr achtsame Puzzlestunden, als Geschenk oder zum Ausstellen nach der Fertigstellung.<\/p>\n","protected":false},"featured_media":0,"template":"","meta":{"content-type":"","_monsterinsights_skip_tracking":false,"_monsterinsights_sitenote_active":false,"_monsterinsights_sitenote_note":"","_monsterinsights_sitenote_category":0},"product_brand":[],"product_cat":[1953],"product_tag":[],"brand":[],"target-group":[],"discontinued":[],"class_list":{"0":"post-1370080","1":"product","2":"type-product","3":"status-publish","5":"product_cat-1000-stueck-puzzles-6","7":"first","8":"instock","9":"taxable","10":"shipping-taxable","11":"product-type-simple"},"aioseo_notices":[],"_links":{"self":[{"href":"https:\/\/games.tactic.net\/de\/wp-json\/wp\/v2\/product\/1370080","targetHints":{"allow":["GET"]}}],"collection":[{"href":"https:\/\/games.tactic.net\/de\/wp-json\/wp\/v2\/product"}],"about":[{"href":"https:\/\/games.tactic.net\/de\/wp-json\/wp\/v2\/types\/product"}],"wp:attachment":[{"href":"https:\/\/games.tactic.net\/de\/wp-json\/wp\/v2\/media?parent=1370080"}],"wp:term":[{"taxonomy":"product_brand","embeddable":true,"href":"https:\/\/games.tactic.net\/de\/wp-json\/wp\/v2\/product_brand?post=1370080"},{"taxonomy":"product_cat","embeddable":true,"href":"https:\/\/games.tactic.net\/de\/wp-json\/wp\/v2\/product_cat?post=1370080"},{"taxonomy":"product_tag","embeddable":true,"href":"https:\/\/games.tactic.net\/de\/wp-json\/wp\/v2\/product_tag?post=1370080"},{"taxonomy":"brand","embeddable":true,"href":"https:\/\/games.tactic.net\/de\/wp-json\/wp\/v2\/brand?post=1370080"},{"taxonomy":"target-group","embeddable":true,"href":"https:\/\/games.tactic.net\/de\/wp-json\/wp\/v2\/target-group?post=1370080"},{"taxonomy":"discontinued","embeddable":true,"href":"https:\/\/games.tactic.net\/de\/wp-json\/wp\/v2\/discontinued?post=1370080"}],"curies":[{"name":"wp","href":"https:\/\/api.w.org\/{rel}","templated":true}]}}