{"id":1370056,"date":"2026-03-27T13:54:10","date_gmt":"2026-03-27T11:54:10","guid":{"rendered":"https:\/\/games.tactic.net\/tuote\/bex-star-family-fsc-certified\/"},"modified":"2026-03-27T13:54:10","modified_gmt":"2026-03-27T11:54:10","slug":"bex-star-family-fsc-certified","status":"publish","type":"product","link":"https:\/\/games.tactic.net\/de\/tuote\/bex-star-family-fsc-certified\/","title":{"rendered":"Bex Star Family (FSC Certified)"},"content":{"rendered":"<p>5STAR. Ein taktisches Spiel f\u00fcr alle Altersgruppen. Die Teams versuchen, ihre W\u00fcrfel m\u00f6glichst nah an den gelben Ball zu platzieren und erhalten Punkte, wenn jemand einen neuen STAR (Zahl 5) w\u00fcrfelt. Das erste Team mit 25 Punkten gewinnt. Qualit\u00e4t: FSC-zertifiziertes Holz.<\/p>\n","protected":false},"excerpt":{"rendered":"<p>5STAR. Ein taktisches Spiel f\u00fcr alle Altersgruppen. Die Teams versuchen, ihre W\u00fcrfel m\u00f6glichst nah an den gelben Ball zu platzieren und erhalten Punkte, wenn jemand einen neuen STAR (Zahl 5) w\u00fcrfelt. Das erste Team mit 25 Punkten gewinnt. Qualit\u00e4t: FSC-zertifiziertes Holz.<\/p>\n","protected":false},"featured_media":0,"template":"","meta":{"content-type":"","_monsterinsights_skip_tracking":false,"_monsterinsights_sitenote_active":false,"_monsterinsights_sitenote_note":"","_monsterinsights_sitenote_category":0},"product_brand":[],"product_cat":[1970],"product_tag":[],"brand":[{"id":2366,"name":"BEX Sport","slug":"bex-sport"}],"target-group":[],"discontinued":[],"class_list":{"0":"post-1370056","1":"product","2":"type-product","3":"status-publish","5":"product_cat-spiele-fuer-draussen","6":"brand-bex-sport","8":"first","9":"instock","10":"taxable","11":"shipping-taxable","12":"product-type-simple"},"aioseo_notices":[],"_links":{"self":[{"href":"https:\/\/games.tactic.net\/de\/wp-json\/wp\/v2\/product\/1370056","targetHints":{"allow":["GET"]}}],"collection":[{"href":"https:\/\/games.tactic.net\/de\/wp-json\/wp\/v2\/product"}],"about":[{"href":"https:\/\/games.tactic.net\/de\/wp-json\/wp\/v2\/types\/product"}],"wp:attachment":[{"href":"https:\/\/games.tactic.net\/de\/wp-json\/wp\/v2\/media?parent=1370056"}],"wp:term":[{"taxonomy":"product_brand","embeddable":true,"href":"https:\/\/games.tactic.net\/de\/wp-json\/wp\/v2\/product_brand?post=1370056"},{"taxonomy":"product_cat","embeddable":true,"href":"https:\/\/games.tactic.net\/de\/wp-json\/wp\/v2\/product_cat?post=1370056"},{"taxonomy":"product_tag","embeddable":true,"href":"https:\/\/games.tactic.net\/de\/wp-json\/wp\/v2\/product_tag?post=1370056"},{"taxonomy":"brand","embeddable":true,"href":"https:\/\/games.tactic.net\/de\/wp-json\/wp\/v2\/brand?post=1370056"},{"taxonomy":"target-group","embeddable":true,"href":"https:\/\/games.tactic.net\/de\/wp-json\/wp\/v2\/target-group?post=1370056"},{"taxonomy":"discontinued","embeddable":true,"href":"https:\/\/games.tactic.net\/de\/wp-json\/wp\/v2\/discontinued?post=1370056"}],"curies":[{"name":"wp","href":"https:\/\/api.w.org\/{rel}","templated":true}]}}