{"id":1370032,"date":"2026-03-24T14:07:59","date_gmt":"2026-03-24T12:07:59","guid":{"rendered":"https:\/\/games.tactic.net\/tuote\/tactic-lets-learn-unser-fantastischer-koerper\/"},"modified":"2026-03-24T14:07:59","modified_gmt":"2026-03-24T12:07:59","slug":"tactic-lets-learn-unser-fantastischer-koerper","status":"publish","type":"product","link":"https:\/\/games.tactic.net\/de\/tuote\/tactic-lets-learn-unser-fantastischer-koerper\/","title":{"rendered":"Tactic Let&#8217;s learn &#8211; unser fantastischer K\u00f6rper"},"content":{"rendered":"<p>Begeben wir uns auf eine spannende Reise durch den menschlichen K\u00f6rper! Der erste Spieler, der das Ziel erreicht, wird Arzt! Bewege deine Spielfigur \u00fcber das Spielbrett, beantworte Fragen zum menschlichen K\u00f6rper und seiner Funktionsweise und probiere verschiedene Bewegungen selbst aus. Wenn du die Aufgaben erfolgreich meisterst, kommst du deinem Ziel, Arzt zu werden, ein St\u00fcck n\u00e4her \u2013 aber die anderen Spieler werden versuchen, noch schneller zu sein als du!<\/p>\n","protected":false},"excerpt":{"rendered":"<p>Begeben wir uns auf eine spannende Reise durch den menschlichen K\u00f6rper! Der erste Spieler, der das Ziel erreicht, wird Arzt! Bewege deine Spielfigur \u00fcber das Spielbrett, beantworte Fragen zum menschlichen K\u00f6rper und seiner Funktionsweise und probiere verschiedene Bewegungen selbst aus. Wenn du die Aufgaben erfolgreich meisterst, kommst du deinem Ziel, Arzt zu werden, ein St\u00fcck [&hellip;]<\/p>\n","protected":false},"featured_media":0,"template":"","meta":{"content-type":"","_monsterinsights_skip_tracking":false,"_monsterinsights_sitenote_active":false,"_monsterinsights_sitenote_note":"","_monsterinsights_sitenote_category":0},"product_brand":[],"product_cat":[1979,2351],"product_tag":[1980,1271],"brand":[{"id":870,"name":"Let's Learn","slug":"letslearn-de"}],"target-group":[],"discontinued":[],"class_list":{"0":"post-1370032","1":"product","2":"type-product","3":"status-publish","5":"product_cat-brettspiele","6":"product_cat-lernspiele","7":"product_tag-bildung","8":"product_tag-kombination","9":"brand-letslearn-de","11":"first","12":"instock","13":"taxable","14":"shipping-taxable","15":"product-type-simple"},"aioseo_notices":[],"_links":{"self":[{"href":"https:\/\/games.tactic.net\/de\/wp-json\/wp\/v2\/product\/1370032","targetHints":{"allow":["GET"]}}],"collection":[{"href":"https:\/\/games.tactic.net\/de\/wp-json\/wp\/v2\/product"}],"about":[{"href":"https:\/\/games.tactic.net\/de\/wp-json\/wp\/v2\/types\/product"}],"wp:attachment":[{"href":"https:\/\/games.tactic.net\/de\/wp-json\/wp\/v2\/media?parent=1370032"}],"wp:term":[{"taxonomy":"product_brand","embeddable":true,"href":"https:\/\/games.tactic.net\/de\/wp-json\/wp\/v2\/product_brand?post=1370032"},{"taxonomy":"product_cat","embeddable":true,"href":"https:\/\/games.tactic.net\/de\/wp-json\/wp\/v2\/product_cat?post=1370032"},{"taxonomy":"product_tag","embeddable":true,"href":"https:\/\/games.tactic.net\/de\/wp-json\/wp\/v2\/product_tag?post=1370032"},{"taxonomy":"brand","embeddable":true,"href":"https:\/\/games.tactic.net\/de\/wp-json\/wp\/v2\/brand?post=1370032"},{"taxonomy":"target-group","embeddable":true,"href":"https:\/\/games.tactic.net\/de\/wp-json\/wp\/v2\/target-group?post=1370032"},{"taxonomy":"discontinued","embeddable":true,"href":"https:\/\/games.tactic.net\/de\/wp-json\/wp\/v2\/discontinued?post=1370032"}],"curies":[{"name":"wp","href":"https:\/\/api.w.org\/{rel}","templated":true}]}}