{"id":1369843,"date":"2026-03-11T15:15:51","date_gmt":"2026-03-11T13:15:51","guid":{"rendered":"https:\/\/games.tactic.net\/tuote\/bex-giant-yatzy-family-fsc-certified\/"},"modified":"2026-03-11T15:15:51","modified_gmt":"2026-03-11T13:15:51","slug":"bex-giant-yatzy-family-fsc-certified","status":"publish","type":"product","link":"https:\/\/games.tactic.net\/de\/tuote\/bex-giant-yatzy-family-fsc-certified\/","title":{"rendered":"Bex Giant Yatzy Family (FSC Certified)"},"content":{"rendered":"<p>Das klassische W\u00fcrfelspiel im Gro\u00dfformat, f\u00fcr den Au\u00dfeneinsatz geeignet! Die gro\u00dfen Holzw\u00fcrfel sind gut sichtbar, machen Spa\u00df beim Werfen und sorgen f\u00fcr zus\u00e4tzliche Spannung. Enth\u00e4lt: 5 W\u00fcrfel, 5,5 cm \u2014 1 Punkteblock \u2014 Regeln.<\/p>\n","protected":false},"excerpt":{"rendered":"<p>Das klassische W\u00fcrfelspiel im Gro\u00dfformat, f\u00fcr den Au\u00dfeneinsatz geeignet! Die gro\u00dfen Holzw\u00fcrfel sind gut sichtbar, machen Spa\u00df beim Werfen und sorgen f\u00fcr zus\u00e4tzliche Spannung. Enth\u00e4lt: 5 W\u00fcrfel, 5,5 cm \u2014 1 Punkteblock \u2014 Regeln.<\/p>\n","protected":false},"featured_media":0,"template":"","meta":{"content-type":"","_monsterinsights_skip_tracking":false,"_monsterinsights_sitenote_active":false,"_monsterinsights_sitenote_note":"","_monsterinsights_sitenote_category":0},"product_brand":[],"product_cat":[1970],"product_tag":[],"brand":[],"target-group":[],"discontinued":[],"class_list":{"0":"post-1369843","1":"product","2":"type-product","3":"status-publish","5":"product_cat-spiele-fuer-draussen","7":"first","8":"outofstock","9":"taxable","10":"shipping-taxable","11":"product-type-simple"},"aioseo_notices":[],"_links":{"self":[{"href":"https:\/\/games.tactic.net\/de\/wp-json\/wp\/v2\/product\/1369843","targetHints":{"allow":["GET"]}}],"collection":[{"href":"https:\/\/games.tactic.net\/de\/wp-json\/wp\/v2\/product"}],"about":[{"href":"https:\/\/games.tactic.net\/de\/wp-json\/wp\/v2\/types\/product"}],"wp:attachment":[{"href":"https:\/\/games.tactic.net\/de\/wp-json\/wp\/v2\/media?parent=1369843"}],"wp:term":[{"taxonomy":"product_brand","embeddable":true,"href":"https:\/\/games.tactic.net\/de\/wp-json\/wp\/v2\/product_brand?post=1369843"},{"taxonomy":"product_cat","embeddable":true,"href":"https:\/\/games.tactic.net\/de\/wp-json\/wp\/v2\/product_cat?post=1369843"},{"taxonomy":"product_tag","embeddable":true,"href":"https:\/\/games.tactic.net\/de\/wp-json\/wp\/v2\/product_tag?post=1369843"},{"taxonomy":"brand","embeddable":true,"href":"https:\/\/games.tactic.net\/de\/wp-json\/wp\/v2\/brand?post=1369843"},{"taxonomy":"target-group","embeddable":true,"href":"https:\/\/games.tactic.net\/de\/wp-json\/wp\/v2\/target-group?post=1369843"},{"taxonomy":"discontinued","embeddable":true,"href":"https:\/\/games.tactic.net\/de\/wp-json\/wp\/v2\/discontinued?post=1369843"}],"curies":[{"name":"wp","href":"https:\/\/api.w.org\/{rel}","templated":true}]}}