{"id":1369807,"date":"2026-03-11T15:12:25","date_gmt":"2026-03-11T13:12:25","guid":{"rendered":"https:\/\/games.tactic.net\/tuote\/bex-kubb-original-red-king\/"},"modified":"2026-03-11T15:12:25","modified_gmt":"2026-03-11T13:12:25","slug":"bex-kubb-original-red-king","status":"publish","type":"product","link":"https:\/\/games.tactic.net\/de\/tuote\/bex-kubb-original-red-king\/","title":{"rendered":"Bex Kubb Original, Red king"},"content":{"rendered":"<p>Kubb, roter K\u00f6nig. Das traditionelle nordische Wurfspiel. Qualit\u00e4t: Gummibaumholz. Gr\u00f6\u00dfe: K\u00f6nig 30 x 7,5 cm, Wurfstab 30 x 4 cm, Kubb 15 x 6 cm. Enth\u00e4lt 1 K\u00f6nig, 6 Wurfst\u00e4be, 10 Kubbs, 4 Feldmarkierungen, 1 Vliesstofftasche mit Griffen, mehrsprachige Spielregeln mit Anleitung.<\/p>\n","protected":false},"excerpt":{"rendered":"<p>Kubb, roter K\u00f6nig. Das traditionelle nordische Wurfspiel. Qualit\u00e4t: Gummibaumholz. Gr\u00f6\u00dfe: K\u00f6nig 30 x 7,5 cm, Wurfstab 30 x 4 cm, Kubb 15 x 6 cm. Enth\u00e4lt 1 K\u00f6nig, 6 Wurfst\u00e4be, 10 Kubbs, 4 Feldmarkierungen, 1 Vliesstofftasche mit Griffen, mehrsprachige Spielregeln mit Anleitung.<\/p>\n","protected":false},"featured_media":0,"template":"","meta":{"content-type":"","_monsterinsights_skip_tracking":false,"_monsterinsights_sitenote_active":false,"_monsterinsights_sitenote_note":"","_monsterinsights_sitenote_category":0},"product_brand":[],"product_cat":[1970],"product_tag":[],"brand":[],"target-group":[],"discontinued":[],"class_list":{"0":"post-1369807","1":"product","2":"type-product","3":"status-publish","5":"product_cat-spiele-fuer-draussen","7":"first","8":"instock","9":"taxable","10":"shipping-taxable","11":"product-type-simple"},"aioseo_notices":[],"_links":{"self":[{"href":"https:\/\/games.tactic.net\/de\/wp-json\/wp\/v2\/product\/1369807","targetHints":{"allow":["GET"]}}],"collection":[{"href":"https:\/\/games.tactic.net\/de\/wp-json\/wp\/v2\/product"}],"about":[{"href":"https:\/\/games.tactic.net\/de\/wp-json\/wp\/v2\/types\/product"}],"wp:attachment":[{"href":"https:\/\/games.tactic.net\/de\/wp-json\/wp\/v2\/media?parent=1369807"}],"wp:term":[{"taxonomy":"product_brand","embeddable":true,"href":"https:\/\/games.tactic.net\/de\/wp-json\/wp\/v2\/product_brand?post=1369807"},{"taxonomy":"product_cat","embeddable":true,"href":"https:\/\/games.tactic.net\/de\/wp-json\/wp\/v2\/product_cat?post=1369807"},{"taxonomy":"product_tag","embeddable":true,"href":"https:\/\/games.tactic.net\/de\/wp-json\/wp\/v2\/product_tag?post=1369807"},{"taxonomy":"brand","embeddable":true,"href":"https:\/\/games.tactic.net\/de\/wp-json\/wp\/v2\/brand?post=1369807"},{"taxonomy":"target-group","embeddable":true,"href":"https:\/\/games.tactic.net\/de\/wp-json\/wp\/v2\/target-group?post=1369807"},{"taxonomy":"discontinued","embeddable":true,"href":"https:\/\/games.tactic.net\/de\/wp-json\/wp\/v2\/discontinued?post=1369807"}],"curies":[{"name":"wp","href":"https:\/\/api.w.org\/{rel}","templated":true}]}}