{"id":1369791,"date":"2026-03-11T15:10:48","date_gmt":"2026-03-11T13:10:48","guid":{"rendered":"https:\/\/games.tactic.net\/tuote\/bex-sport-spin-ladder-original\/"},"modified":"2026-03-11T15:10:48","modified_gmt":"2026-03-11T13:10:48","slug":"bex-sport-spin-ladder-original","status":"publish","type":"product","link":"https:\/\/games.tactic.net\/de\/tuote\/bex-sport-spin-ladder-original\/","title":{"rendered":"Bex Sport Spin Ladder Original"},"content":{"rendered":"<p>Sie erhalten Punkte je nach H\u00f6he der Leiter, die Sie treffen! Gr\u00f6\u00dfe: 88,5 x 60 x 57 cm. Inhalt: 3 rote Ballpaare \u2014 3 blaue Ballpaare \u2014 1 Tasche (f\u00fcr die B\u00e4lle) \u2014 Holzst\u00e4nder \u2014 Regeln und Anleitung. Der St\u00e4nder besteht aus Kiefernholz und die B\u00e4lle aus lackiertem Gummibaumholz. Gewicht: 2 kg.<\/p>\n","protected":false},"excerpt":{"rendered":"<p>Sie erhalten Punkte je nach H\u00f6he der Leiter, die Sie treffen! Gr\u00f6\u00dfe: 88,5 x 60 x 57 cm. Inhalt: 3 rote Ballpaare \u2014 3 blaue Ballpaare \u2014 1 Tasche (f\u00fcr die B\u00e4lle) \u2014 Holzst\u00e4nder \u2014 Regeln und Anleitung. Der St\u00e4nder besteht aus Kiefernholz und die B\u00e4lle aus lackiertem Gummibaumholz. Gewicht: 2 kg.<\/p>\n","protected":false},"featured_media":0,"template":"","meta":{"content-type":"","_monsterinsights_skip_tracking":false,"_monsterinsights_sitenote_active":false,"_monsterinsights_sitenote_note":"","_monsterinsights_sitenote_category":0},"product_brand":[],"product_cat":[1970],"product_tag":[],"brand":[],"target-group":[],"discontinued":[],"class_list":{"0":"post-1369791","1":"product","2":"type-product","3":"status-publish","5":"product_cat-spiele-fuer-draussen","7":"first","8":"outofstock","9":"taxable","10":"shipping-taxable","11":"product-type-simple"},"aioseo_notices":[],"_links":{"self":[{"href":"https:\/\/games.tactic.net\/de\/wp-json\/wp\/v2\/product\/1369791","targetHints":{"allow":["GET"]}}],"collection":[{"href":"https:\/\/games.tactic.net\/de\/wp-json\/wp\/v2\/product"}],"about":[{"href":"https:\/\/games.tactic.net\/de\/wp-json\/wp\/v2\/types\/product"}],"wp:attachment":[{"href":"https:\/\/games.tactic.net\/de\/wp-json\/wp\/v2\/media?parent=1369791"}],"wp:term":[{"taxonomy":"product_brand","embeddable":true,"href":"https:\/\/games.tactic.net\/de\/wp-json\/wp\/v2\/product_brand?post=1369791"},{"taxonomy":"product_cat","embeddable":true,"href":"https:\/\/games.tactic.net\/de\/wp-json\/wp\/v2\/product_cat?post=1369791"},{"taxonomy":"product_tag","embeddable":true,"href":"https:\/\/games.tactic.net\/de\/wp-json\/wp\/v2\/product_tag?post=1369791"},{"taxonomy":"brand","embeddable":true,"href":"https:\/\/games.tactic.net\/de\/wp-json\/wp\/v2\/brand?post=1369791"},{"taxonomy":"target-group","embeddable":true,"href":"https:\/\/games.tactic.net\/de\/wp-json\/wp\/v2\/target-group?post=1369791"},{"taxonomy":"discontinued","embeddable":true,"href":"https:\/\/games.tactic.net\/de\/wp-json\/wp\/v2\/discontinued?post=1369791"}],"curies":[{"name":"wp","href":"https:\/\/api.w.org\/{rel}","templated":true}]}}