{"id":1369778,"date":"2026-03-11T15:09:25","date_gmt":"2026-03-11T13:09:25","guid":{"rendered":"https:\/\/games.tactic.net\/tuote\/bex-sport-cornhole-pro-1pcs-with-carry-storage-bag\/"},"modified":"2026-03-11T15:09:25","modified_gmt":"2026-03-11T13:09:25","slug":"bex-sport-cornhole-pro-1pcs-with-carry-storage-bag","status":"publish","type":"product","link":"https:\/\/games.tactic.net\/de\/tuote\/bex-sport-cornhole-pro-1pcs-with-carry-storage-bag\/","title":{"rendered":"Bex Sport Cornhole PRO 1pcs with carry\/storage bag"},"content":{"rendered":"<p>Cornhole PRO. Dies ist die offizielle Turniergr\u00f6\u00dfe von Cornhole mit einer Spielfl\u00e4che von 120 x 60 cm. Ein sehr trendiges Spiel, das bei offiziellen Turnieren gespielt wird. Lieferung mit 2 Satz Beuteln, ebenfalls in offizieller Turnierqualit\u00e4t und -gewicht, 450 g. Inkl. Aufbewahrungstasche.<\/p>\n","protected":false},"excerpt":{"rendered":"<p>Cornhole PRO. Dies ist die offizielle Turniergr\u00f6\u00dfe von Cornhole mit einer Spielfl\u00e4che von 120 x 60 cm. Ein sehr trendiges Spiel, das bei offiziellen Turnieren gespielt wird. Lieferung mit 2 Satz Beuteln, ebenfalls in offizieller Turnierqualit\u00e4t und -gewicht, 450 g. Inkl. Aufbewahrungstasche.<\/p>\n","protected":false},"featured_media":0,"template":"","meta":{"content-type":"","_monsterinsights_skip_tracking":false,"_monsterinsights_sitenote_active":false,"_monsterinsights_sitenote_note":"","_monsterinsights_sitenote_category":0},"product_brand":[],"product_cat":[1970],"product_tag":[],"brand":[],"target-group":[],"discontinued":[],"class_list":{"0":"post-1369778","1":"product","2":"type-product","3":"status-publish","5":"product_cat-spiele-fuer-draussen","7":"first","8":"outofstock","9":"taxable","10":"shipping-taxable","11":"product-type-simple"},"aioseo_notices":[],"_links":{"self":[{"href":"https:\/\/games.tactic.net\/de\/wp-json\/wp\/v2\/product\/1369778","targetHints":{"allow":["GET"]}}],"collection":[{"href":"https:\/\/games.tactic.net\/de\/wp-json\/wp\/v2\/product"}],"about":[{"href":"https:\/\/games.tactic.net\/de\/wp-json\/wp\/v2\/types\/product"}],"wp:attachment":[{"href":"https:\/\/games.tactic.net\/de\/wp-json\/wp\/v2\/media?parent=1369778"}],"wp:term":[{"taxonomy":"product_brand","embeddable":true,"href":"https:\/\/games.tactic.net\/de\/wp-json\/wp\/v2\/product_brand?post=1369778"},{"taxonomy":"product_cat","embeddable":true,"href":"https:\/\/games.tactic.net\/de\/wp-json\/wp\/v2\/product_cat?post=1369778"},{"taxonomy":"product_tag","embeddable":true,"href":"https:\/\/games.tactic.net\/de\/wp-json\/wp\/v2\/product_tag?post=1369778"},{"taxonomy":"brand","embeddable":true,"href":"https:\/\/games.tactic.net\/de\/wp-json\/wp\/v2\/brand?post=1369778"},{"taxonomy":"target-group","embeddable":true,"href":"https:\/\/games.tactic.net\/de\/wp-json\/wp\/v2\/target-group?post=1369778"},{"taxonomy":"discontinued","embeddable":true,"href":"https:\/\/games.tactic.net\/de\/wp-json\/wp\/v2\/discontinued?post=1369778"}],"curies":[{"name":"wp","href":"https:\/\/api.w.org\/{rel}","templated":true}]}}