{"id":1369606,"date":"2026-02-14T17:18:12","date_gmt":"2026-02-14T15:18:12","guid":{"rendered":"https:\/\/games.tactic.net\/tuote\/500-pcs-puzzle-along-the-sylvan-path\/"},"modified":"2026-02-14T17:18:12","modified_gmt":"2026-02-14T15:18:12","slug":"500-pcs-puzzle-along-the-sylvan-path","status":"publish","type":"product","link":"https:\/\/games.tactic.net\/de\/tuote\/500-pcs-puzzle-along-the-sylvan-path\/","title":{"rendered":"500 pcs puzzle: Along the Sylvan Path"},"content":{"rendered":"<p>Dieses 500-Teile-Puzzle entf\u00fchrt dich in die ungez\u00e4hmte Natur. Tiere des Waldes und unsere furchtlosen Helden f\u00fcgen sich St\u00fcck f\u00fcr St\u00fcck zu einer detailreichen, anime-inspirierten Szene zusammen. Eine entspannte Puzzleerfahrung, bei der ein stimmungsvolles Bild entsteht.<\/p>\n","protected":false},"excerpt":{"rendered":"<p>Dieses 500-Teile-Puzzle entf\u00fchrt dich in die ungez\u00e4hmte Natur. Tiere des Waldes und unsere furchtlosen Helden f\u00fcgen sich St\u00fcck f\u00fcr St\u00fcck zu einer detailreichen, anime-inspirierten Szene zusammen. Eine entspannte Puzzleerfahrung, bei der ein stimmungsvolles Bild entsteht.<\/p>\n","protected":false},"featured_media":0,"template":"","meta":{"content-type":"","_monsterinsights_skip_tracking":false,"_monsterinsights_sitenote_active":false,"_monsterinsights_sitenote_note":"","_monsterinsights_sitenote_category":0},"product_brand":[],"product_cat":[1954],"product_tag":[],"brand":[{"id":665,"name":"PuzzleLovers","slug":"puzzlelovers_de"}],"target-group":[],"discontinued":[],"class_list":{"0":"post-1369606","1":"product","2":"type-product","3":"status-publish","5":"product_cat-500-stueck","6":"brand-puzzlelovers_de","8":"first","9":"instock","10":"taxable","11":"shipping-taxable","12":"product-type-simple"},"aioseo_notices":[],"_links":{"self":[{"href":"https:\/\/games.tactic.net\/de\/wp-json\/wp\/v2\/product\/1369606","targetHints":{"allow":["GET"]}}],"collection":[{"href":"https:\/\/games.tactic.net\/de\/wp-json\/wp\/v2\/product"}],"about":[{"href":"https:\/\/games.tactic.net\/de\/wp-json\/wp\/v2\/types\/product"}],"wp:attachment":[{"href":"https:\/\/games.tactic.net\/de\/wp-json\/wp\/v2\/media?parent=1369606"}],"wp:term":[{"taxonomy":"product_brand","embeddable":true,"href":"https:\/\/games.tactic.net\/de\/wp-json\/wp\/v2\/product_brand?post=1369606"},{"taxonomy":"product_cat","embeddable":true,"href":"https:\/\/games.tactic.net\/de\/wp-json\/wp\/v2\/product_cat?post=1369606"},{"taxonomy":"product_tag","embeddable":true,"href":"https:\/\/games.tactic.net\/de\/wp-json\/wp\/v2\/product_tag?post=1369606"},{"taxonomy":"brand","embeddable":true,"href":"https:\/\/games.tactic.net\/de\/wp-json\/wp\/v2\/brand?post=1369606"},{"taxonomy":"target-group","embeddable":true,"href":"https:\/\/games.tactic.net\/de\/wp-json\/wp\/v2\/target-group?post=1369606"},{"taxonomy":"discontinued","embeddable":true,"href":"https:\/\/games.tactic.net\/de\/wp-json\/wp\/v2\/discontinued?post=1369606"}],"curies":[{"name":"wp","href":"https:\/\/api.w.org\/{rel}","templated":true}]}}