{"id":1369601,"date":"2026-02-14T16:39:23","date_gmt":"2026-02-14T14:39:23","guid":{"rendered":"https:\/\/games.tactic.net\/tuote\/tactic-vlaggen-der-welt\/"},"modified":"2026-02-14T16:39:23","modified_gmt":"2026-02-14T14:39:23","slug":"tactic-vlaggen-der-welt","status":"publish","type":"product","link":"https:\/\/games.tactic.net\/de\/tuote\/tactic-vlaggen-der-welt\/","title":{"rendered":"Tactic Vlaggen der Welt"},"content":{"rendered":"<p>Bereit f\u00fcr eine Reise rund um den Globus?<br \/>\nFlags of the World l\u00e4dt Kinder, Familien und Wissbegierige dazu ein, L\u00e4nder, Flaggen, Hauptst\u00e4dte und spannende Fakten \u00fcber unseren Globus zu entdecken.<br \/>\nInsgesamt 200 Karten stecken voller faszinierender Informationen \u00fcber unterschiedliche Nationen und ihre Besonderheiten. Mit dabei ist au\u00dferdem eine detaillierte Weltkarte, auf der die gesammelten Karten den richtigen Kontinenten zugeordnet werden \u2013 Wissen, Spielspa\u00df und Abenteuer in einem!<br \/>\nWer erkennt die meisten Flaggen richtig?<br \/>\nSpezielle Aktionsmarker bringen zus\u00e4tzliche Spannung ins Spiel:<br \/>\n\u2013 Sichere dir eine Flagge, die du besonders gut kennst<br \/>\n\u2013 Blockiere eine einfache Karte, damit kein anderer sie w\u00e4hlen kann<br \/>\nSo entsteht jedes Mal eine neue, \u00fcberraschende Herausforderung!<br \/>\nFlags of the World \u2013 das perfekte Lern- und Familienspiel f\u00fcr alle, die die Welt neugierig entdecken wollen. <\/p>\n","protected":false},"excerpt":{"rendered":"<p>Bereit f\u00fcr eine Reise rund um den Globus? Flags of the World l\u00e4dt Kinder, Familien und Wissbegierige dazu ein, L\u00e4nder, Flaggen, Hauptst\u00e4dte und spannende Fakten \u00fcber unseren Globus zu entdecken. Insgesamt 200 Karten stecken voller faszinierender Informationen \u00fcber unterschiedliche Nationen und ihre Besonderheiten. Mit dabei ist au\u00dferdem eine detaillierte Weltkarte, auf der die gesammelten Karten [&hellip;]<\/p>\n","protected":false},"featured_media":0,"template":"","meta":{"content-type":"","_monsterinsights_skip_tracking":false,"_monsterinsights_sitenote_active":false,"_monsterinsights_sitenote_note":"","_monsterinsights_sitenote_category":0},"product_brand":[],"product_cat":[1013,2362,2361],"product_tag":[1980,2363],"brand":[],"target-group":[],"discontinued":[],"class_list":{"0":"post-1369601","1":"product","2":"type-product","3":"status-publish","5":"product_cat-puzzles-6","6":"product_cat-trivia-spiele","8":"product_tag-bildung","9":"product_tag-wissen","11":"first","12":"instock","13":"taxable","14":"shipping-taxable","15":"product-type-simple"},"aioseo_notices":[],"_links":{"self":[{"href":"https:\/\/games.tactic.net\/de\/wp-json\/wp\/v2\/product\/1369601","targetHints":{"allow":["GET"]}}],"collection":[{"href":"https:\/\/games.tactic.net\/de\/wp-json\/wp\/v2\/product"}],"about":[{"href":"https:\/\/games.tactic.net\/de\/wp-json\/wp\/v2\/types\/product"}],"wp:attachment":[{"href":"https:\/\/games.tactic.net\/de\/wp-json\/wp\/v2\/media?parent=1369601"}],"wp:term":[{"taxonomy":"product_brand","embeddable":true,"href":"https:\/\/games.tactic.net\/de\/wp-json\/wp\/v2\/product_brand?post=1369601"},{"taxonomy":"product_cat","embeddable":true,"href":"https:\/\/games.tactic.net\/de\/wp-json\/wp\/v2\/product_cat?post=1369601"},{"taxonomy":"product_tag","embeddable":true,"href":"https:\/\/games.tactic.net\/de\/wp-json\/wp\/v2\/product_tag?post=1369601"},{"taxonomy":"brand","embeddable":true,"href":"https:\/\/games.tactic.net\/de\/wp-json\/wp\/v2\/brand?post=1369601"},{"taxonomy":"target-group","embeddable":true,"href":"https:\/\/games.tactic.net\/de\/wp-json\/wp\/v2\/target-group?post=1369601"},{"taxonomy":"discontinued","embeddable":true,"href":"https:\/\/games.tactic.net\/de\/wp-json\/wp\/v2\/discontinued?post=1369601"}],"curies":[{"name":"wp","href":"https:\/\/api.w.org\/{rel}","templated":true}]}}