{"id":1369421,"date":"2026-01-28T17:16:55","date_gmt":"2026-01-28T15:16:55","guid":{"rendered":"https:\/\/games.tactic.net\/tuote\/lets-learn-puzzle-fun-iq-bingo\/"},"modified":"2026-01-28T17:16:55","modified_gmt":"2026-01-28T15:16:55","slug":"lets-learn-puzzle-fun-iq-bingo","status":"publish","type":"product","link":"https:\/\/games.tactic.net\/de\/tuote\/lets-learn-puzzle-fun-iq-bingo\/","title":{"rendered":"Let\u00b4s learn Puzzle Fun &#8211; IQ Bingo"},"content":{"rendered":"<p>Dieses Spiel bringt dein Gehirn in Schwung und zaubert dir ein L\u00e4cheln ins Gesicht! L\u00f6se lustige Aufgaben, zeige deine Antwort mit einer \u201eSchere\u2013Stein\u2013Papier\u201c-Geste und markiere deine Punkte auf der Bingotafel! Leicht zu lernen und macht richtig Spa\u00df! Enth\u00e4lt 100 einzigartige Aufgaben, die deinen Verstand herausfordern. Kombiniere zwei IQ Bingo-Spiele, um eine Superversion f\u00fcr 4 Spieler zu erstellen!<\/p>\n","protected":false},"excerpt":{"rendered":"<p>Dieses Spiel bringt dein Gehirn in Schwung und zaubert dir ein L\u00e4cheln ins Gesicht! L\u00f6se lustige Aufgaben, zeige deine Antwort mit einer \u201eSchere\u2013Stein\u2013Papier\u201c-Geste und markiere deine Punkte auf der Bingotafel! Leicht zu lernen und macht richtig Spa\u00df! Enth\u00e4lt 100 einzigartige Aufgaben, die deinen Verstand herausfordern. Kombiniere zwei IQ Bingo-Spiele, um eine Superversion f\u00fcr 4 Spieler [&hellip;]<\/p>\n","protected":false},"featured_media":0,"template":"","meta":{"content-type":"","_monsterinsights_skip_tracking":false,"_monsterinsights_sitenote_active":false,"_monsterinsights_sitenote_note":"","_monsterinsights_sitenote_category":0},"product_brand":[],"product_cat":[1979,2351],"product_tag":[],"brand":[],"target-group":[],"discontinued":[],"class_list":{"0":"post-1369421","1":"product","2":"type-product","3":"status-publish","5":"product_cat-brettspiele","6":"product_cat-lernspiele","8":"first","9":"outofstock","10":"taxable","11":"shipping-taxable","12":"product-type-simple"},"aioseo_notices":[],"_links":{"self":[{"href":"https:\/\/games.tactic.net\/de\/wp-json\/wp\/v2\/product\/1369421","targetHints":{"allow":["GET"]}}],"collection":[{"href":"https:\/\/games.tactic.net\/de\/wp-json\/wp\/v2\/product"}],"about":[{"href":"https:\/\/games.tactic.net\/de\/wp-json\/wp\/v2\/types\/product"}],"wp:attachment":[{"href":"https:\/\/games.tactic.net\/de\/wp-json\/wp\/v2\/media?parent=1369421"}],"wp:term":[{"taxonomy":"product_brand","embeddable":true,"href":"https:\/\/games.tactic.net\/de\/wp-json\/wp\/v2\/product_brand?post=1369421"},{"taxonomy":"product_cat","embeddable":true,"href":"https:\/\/games.tactic.net\/de\/wp-json\/wp\/v2\/product_cat?post=1369421"},{"taxonomy":"product_tag","embeddable":true,"href":"https:\/\/games.tactic.net\/de\/wp-json\/wp\/v2\/product_tag?post=1369421"},{"taxonomy":"brand","embeddable":true,"href":"https:\/\/games.tactic.net\/de\/wp-json\/wp\/v2\/brand?post=1369421"},{"taxonomy":"target-group","embeddable":true,"href":"https:\/\/games.tactic.net\/de\/wp-json\/wp\/v2\/target-group?post=1369421"},{"taxonomy":"discontinued","embeddable":true,"href":"https:\/\/games.tactic.net\/de\/wp-json\/wp\/v2\/discontinued?post=1369421"}],"curies":[{"name":"wp","href":"https:\/\/api.w.org\/{rel}","templated":true}]}}