{"id":1368639,"date":"2025-11-21T10:08:53","date_gmt":"2025-11-21T08:08:53","guid":{"rendered":"https:\/\/games.tactic.net\/tuote\/tactic-lets-learn-kinder-der-welt\/"},"modified":"2025-11-21T10:08:53","modified_gmt":"2025-11-21T08:08:53","slug":"tactic-lets-learn-kinder-der-welt","status":"publish","type":"product","link":"https:\/\/games.tactic.net\/de\/tuote\/tactic-lets-learn-kinder-der-welt\/","title":{"rendered":"Tactic Let&#8217;s learn &#8211; Kinder der Welt"},"content":{"rendered":"<p>Bereit f\u00fcr eine Reise um die Welt?<br \/>\nPack deine Neugier ein \u2013 und los geht\u2019s! Let\u2019s Learn \u2013 Kinder der Welt \u00f6ffnet ein farbenfrohes Fenster zu verschiedenen L\u00e4ndern, Kulturen und Lebensweisen.<br \/>\nIn diesem kooperativen Spiel bewegen sich alle gemeinsam \u00fcber das Spielbrett, meistern kleine Aufgaben und sammeln Stempel f\u00fcr ihren Reisepass. Auf spielerische Weise entdecken Kinder, was uns Menschen verbindet \u2013 und was jeden von uns einzigartig macht.<br \/>\nDas gemeinsame Erkunden von Kindern und Kulturen weckt die nat\u00fcrliche Entdeckerlust und l\u00e4dt immer wieder aufs Neue zum Spielen ein.<br \/>\nGemeinsam unterwegs, gemeinsam entdecken \u2013 rund um die Welt!<\/p>\n","protected":false},"excerpt":{"rendered":"<p>Bereit f\u00fcr eine Reise um die Welt? Pack deine Neugier ein \u2013 und los geht\u2019s! Let\u2019s Learn \u2013 Kinder der Welt \u00f6ffnet ein farbenfrohes Fenster zu verschiedenen L\u00e4ndern, Kulturen und Lebensweisen. In diesem kooperativen Spiel bewegen sich alle gemeinsam \u00fcber das Spielbrett, meistern kleine Aufgaben und sammeln Stempel f\u00fcr ihren Reisepass. Auf spielerische Weise entdecken [&hellip;]<\/p>\n","protected":false},"featured_media":0,"template":"","meta":{"content-type":"","_monsterinsights_skip_tracking":false,"_monsterinsights_sitenote_active":false,"_monsterinsights_sitenote_note":"","_monsterinsights_sitenote_category":0},"product_brand":[],"product_cat":[1979,2351],"product_tag":[1980,1271],"brand":[{"id":870,"name":"Let's Learn","slug":"letslearn-de"}],"target-group":[],"discontinued":[],"class_list":{"0":"post-1368639","1":"product","2":"type-product","3":"status-publish","5":"product_cat-brettspiele","6":"product_cat-lernspiele","7":"product_tag-bildung","8":"product_tag-kombination","9":"brand-letslearn-de","11":"first","12":"instock","13":"taxable","14":"shipping-taxable","15":"product-type-simple"},"aioseo_notices":[],"_links":{"self":[{"href":"https:\/\/games.tactic.net\/de\/wp-json\/wp\/v2\/product\/1368639","targetHints":{"allow":["GET"]}}],"collection":[{"href":"https:\/\/games.tactic.net\/de\/wp-json\/wp\/v2\/product"}],"about":[{"href":"https:\/\/games.tactic.net\/de\/wp-json\/wp\/v2\/types\/product"}],"wp:attachment":[{"href":"https:\/\/games.tactic.net\/de\/wp-json\/wp\/v2\/media?parent=1368639"}],"wp:term":[{"taxonomy":"product_brand","embeddable":true,"href":"https:\/\/games.tactic.net\/de\/wp-json\/wp\/v2\/product_brand?post=1368639"},{"taxonomy":"product_cat","embeddable":true,"href":"https:\/\/games.tactic.net\/de\/wp-json\/wp\/v2\/product_cat?post=1368639"},{"taxonomy":"product_tag","embeddable":true,"href":"https:\/\/games.tactic.net\/de\/wp-json\/wp\/v2\/product_tag?post=1368639"},{"taxonomy":"brand","embeddable":true,"href":"https:\/\/games.tactic.net\/de\/wp-json\/wp\/v2\/brand?post=1368639"},{"taxonomy":"target-group","embeddable":true,"href":"https:\/\/games.tactic.net\/de\/wp-json\/wp\/v2\/target-group?post=1368639"},{"taxonomy":"discontinued","embeddable":true,"href":"https:\/\/games.tactic.net\/de\/wp-json\/wp\/v2\/discontinued?post=1368639"}],"curies":[{"name":"wp","href":"https:\/\/api.w.org\/{rel}","templated":true}]}}