{"id":1368638,"date":"2025-11-21T10:08:46","date_gmt":"2025-11-21T08:08:46","guid":{"rendered":"https:\/\/games.tactic.net\/tuote\/tactic-lets-learn-das-grosse-gefuehle-puzzle\/"},"modified":"2025-11-21T10:08:46","modified_gmt":"2025-11-21T08:08:46","slug":"tactic-lets-learn-das-grosse-gefuehle-puzzle","status":"publish","type":"product","link":"https:\/\/games.tactic.net\/de\/tuote\/tactic-lets-learn-das-grosse-gefuehle-puzzle\/","title":{"rendered":"Tactic Let&#8217;s learn &#8211; das gro\u00dfe Gef\u00fchle-Puzzle"},"content":{"rendered":"<p>Gef\u00fchle entdecken \u2013 St\u00fcck f\u00fcr St\u00fcck!<br \/>\nGef\u00fchle k\u00f6nnen manchmal ganz sch\u00f6n verwirrend sein: Man ist pl\u00f6tzlich w\u00fctend, traurig oder auch einfach nur gl\u00fccklich \u2013 und oft wei\u00df man gar nicht genau, warum.<br \/>\nMit dem Let&#8217;s Learn \u2013 Gef\u00fchle-Puzzle k\u00f6nnen Kinder und Erwachsene spielerisch dar\u00fcber ins Gespr\u00e4ch kommen. W\u00e4hrend das 56-teilige Puzzle zusammengesetzt wird, entstehen nat\u00fcrliche Momente, um \u00fcber verschiedene Emotionen zu sprechen und sie gemeinsam zu erforschen.<br \/>\nSo lernen Kinder Schritt f\u00fcr Schritt, ihre eigenen Gef\u00fchle besser zu verstehen und auszudr\u00fccken. Eine beiliegende Fragenliste gibt zus\u00e4tzlichen Gespr\u00e4chsansto\u00df \u2013 ideal f\u00fcr zu Hause, in Kita und Grundschule.<br \/>\nGemeinsam puzzeln, reden und Gef\u00fchle kennenlernen!<\/p>\n","protected":false},"excerpt":{"rendered":"<p>Gef\u00fchle entdecken \u2013 St\u00fcck f\u00fcr St\u00fcck! Gef\u00fchle k\u00f6nnen manchmal ganz sch\u00f6n verwirrend sein: Man ist pl\u00f6tzlich w\u00fctend, traurig oder auch einfach nur gl\u00fccklich \u2013 und oft wei\u00df man gar nicht genau, warum. Mit dem Let&#8217;s Learn \u2013 Gef\u00fchle-Puzzle k\u00f6nnen Kinder und Erwachsene spielerisch dar\u00fcber ins Gespr\u00e4ch kommen. W\u00e4hrend das 56-teilige Puzzle zusammengesetzt wird, entstehen nat\u00fcrliche [&hellip;]<\/p>\n","protected":false},"featured_media":0,"template":"","meta":{"content-type":"","_monsterinsights_skip_tracking":false,"_monsterinsights_sitenote_active":false,"_monsterinsights_sitenote_note":"","_monsterinsights_sitenote_category":0},"product_brand":[],"product_cat":[1949],"product_tag":[1271],"brand":[{"id":870,"name":"Let's Learn","slug":"letslearn-de"}],"target-group":[],"discontinued":[],"class_list":{"0":"post-1368638","1":"product","2":"type-product","3":"status-publish","5":"product_cat-kinderpuzzle-puzzles-6","6":"product_tag-kombination","7":"brand-letslearn-de","9":"first","10":"instock","11":"taxable","12":"shipping-taxable","13":"product-type-simple"},"aioseo_notices":[],"_links":{"self":[{"href":"https:\/\/games.tactic.net\/de\/wp-json\/wp\/v2\/product\/1368638","targetHints":{"allow":["GET"]}}],"collection":[{"href":"https:\/\/games.tactic.net\/de\/wp-json\/wp\/v2\/product"}],"about":[{"href":"https:\/\/games.tactic.net\/de\/wp-json\/wp\/v2\/types\/product"}],"wp:attachment":[{"href":"https:\/\/games.tactic.net\/de\/wp-json\/wp\/v2\/media?parent=1368638"}],"wp:term":[{"taxonomy":"product_brand","embeddable":true,"href":"https:\/\/games.tactic.net\/de\/wp-json\/wp\/v2\/product_brand?post=1368638"},{"taxonomy":"product_cat","embeddable":true,"href":"https:\/\/games.tactic.net\/de\/wp-json\/wp\/v2\/product_cat?post=1368638"},{"taxonomy":"product_tag","embeddable":true,"href":"https:\/\/games.tactic.net\/de\/wp-json\/wp\/v2\/product_tag?post=1368638"},{"taxonomy":"brand","embeddable":true,"href":"https:\/\/games.tactic.net\/de\/wp-json\/wp\/v2\/brand?post=1368638"},{"taxonomy":"target-group","embeddable":true,"href":"https:\/\/games.tactic.net\/de\/wp-json\/wp\/v2\/target-group?post=1368638"},{"taxonomy":"discontinued","embeddable":true,"href":"https:\/\/games.tactic.net\/de\/wp-json\/wp\/v2\/discontinued?post=1368638"}],"curies":[{"name":"wp","href":"https:\/\/api.w.org\/{rel}","templated":true}]}}