{"id":1368636,"date":"2025-11-21T09:37:49","date_gmt":"2025-11-21T07:37:49","guid":{"rendered":"https:\/\/games.tactic.net\/tuote\/tactic-lets-learn-buchstaben-und-woerter\/"},"modified":"2025-11-21T09:37:49","modified_gmt":"2025-11-21T07:37:49","slug":"tactic-lets-learn-buchstaben-und-woerter","status":"publish","type":"product","link":"https:\/\/games.tactic.net\/de\/tuote\/tactic-lets-learn-buchstaben-und-woerter\/","title":{"rendered":"Tactic Let&#8217;s learn &#8211; Buchstaben und W\u00f6rter"},"content":{"rendered":"<p>Buchstaben entdecken, W\u00f6rter bauen \u2013 spielend lernen!<br \/>\nMit \u201eLet\u2019s Learn \u2013 Buchstaben und W\u00f6rter\u201c erleben Kinder vier abwechslungsreiche Spiele, die Schritt f\u00fcr Schritt beim Lesen- und Schreibenlernen unterst\u00fctzen.<br \/>\nMit den Buchstabentafeln k\u00f6nnen Kinder ganz einfach erste W\u00f6rter legen und sich danach an schwierigere Aufgaben heranwagen. Die erg\u00e4nzenden Minispiele f\u00f6rdern zus\u00e4tzlich Aufmerksamkeit, Kombinationsf\u00e4higkeit und sprachliche Kreativit\u00e4t \u2013 auf spielerische Weise und ohne Druck.<br \/>\nSo wird das Erkunden von Buchstaben und W\u00f6rtern zu einem nat\u00fcrlichen Abenteuer, das Kinder immer wieder aufs Neue begeistert.<br \/>\nSpielend lesen, spielend schreiben \u2013 und dabei jede Menge Freude haben!<\/p>\n","protected":false},"excerpt":{"rendered":"<p>Buchstaben entdecken, W\u00f6rter bauen \u2013 spielend lernen! Mit \u201eLet\u2019s Learn \u2013 Buchstaben und W\u00f6rter\u201c erleben Kinder vier abwechslungsreiche Spiele, die Schritt f\u00fcr Schritt beim Lesen- und Schreibenlernen unterst\u00fctzen. Mit den Buchstabentafeln k\u00f6nnen Kinder ganz einfach erste W\u00f6rter legen und sich danach an schwierigere Aufgaben heranwagen. Die erg\u00e4nzenden Minispiele f\u00f6rdern zus\u00e4tzlich Aufmerksamkeit, Kombinationsf\u00e4higkeit und sprachliche Kreativit\u00e4t [&hellip;]<\/p>\n","protected":false},"featured_media":0,"template":"","meta":{"content-type":"","_monsterinsights_skip_tracking":false,"_monsterinsights_sitenote_active":false,"_monsterinsights_sitenote_note":"","_monsterinsights_sitenote_category":0},"product_brand":[],"product_cat":[2351],"product_tag":[1980,1271],"brand":[{"id":870,"name":"Let's Learn","slug":"letslearn-de"}],"target-group":[],"discontinued":[],"class_list":{"0":"post-1368636","1":"product","2":"type-product","3":"status-publish","5":"product_cat-lernspiele","6":"product_tag-bildung","7":"product_tag-kombination","8":"brand-letslearn-de","10":"first","11":"instock","12":"taxable","13":"shipping-taxable","14":"product-type-simple"},"aioseo_notices":[],"_links":{"self":[{"href":"https:\/\/games.tactic.net\/de\/wp-json\/wp\/v2\/product\/1368636","targetHints":{"allow":["GET"]}}],"collection":[{"href":"https:\/\/games.tactic.net\/de\/wp-json\/wp\/v2\/product"}],"about":[{"href":"https:\/\/games.tactic.net\/de\/wp-json\/wp\/v2\/types\/product"}],"wp:attachment":[{"href":"https:\/\/games.tactic.net\/de\/wp-json\/wp\/v2\/media?parent=1368636"}],"wp:term":[{"taxonomy":"product_brand","embeddable":true,"href":"https:\/\/games.tactic.net\/de\/wp-json\/wp\/v2\/product_brand?post=1368636"},{"taxonomy":"product_cat","embeddable":true,"href":"https:\/\/games.tactic.net\/de\/wp-json\/wp\/v2\/product_cat?post=1368636"},{"taxonomy":"product_tag","embeddable":true,"href":"https:\/\/games.tactic.net\/de\/wp-json\/wp\/v2\/product_tag?post=1368636"},{"taxonomy":"brand","embeddable":true,"href":"https:\/\/games.tactic.net\/de\/wp-json\/wp\/v2\/brand?post=1368636"},{"taxonomy":"target-group","embeddable":true,"href":"https:\/\/games.tactic.net\/de\/wp-json\/wp\/v2\/target-group?post=1368636"},{"taxonomy":"discontinued","embeddable":true,"href":"https:\/\/games.tactic.net\/de\/wp-json\/wp\/v2\/discontinued?post=1368636"}],"curies":[{"name":"wp","href":"https:\/\/api.w.org\/{rel}","templated":true}]}}