{"id":1368496,"date":"2025-11-03T10:11:07","date_gmt":"2025-11-03T08:11:07","guid":{"rendered":"https:\/\/games.tactic.net\/tuote\/heros-play-and-learn-race-track\/"},"modified":"2025-11-03T10:11:07","modified_gmt":"2025-11-03T08:11:07","slug":"heros-play-and-learn-race-track","status":"publish","type":"product","link":"https:\/\/games.tactic.net\/de\/tuote\/heros-play-and-learn-race-track\/","title":{"rendered":"Heros Play and Learn Rennstrecke"},"content":{"rendered":"<p>Spannender Rennspa\u00df f\u00fcr Kinder! Die Autos sausen die Zickzack-Bahn hinunter und sorgen f\u00fcr endlose Unterhaltung. 100 % FSC\u00ae-zertifiziert \u2013 eine nachhaltige und verantwortungsvolle Wahl! Geeignet f\u00fcr Kinder ab 1 Jahr. Hergestellt in Deutschland.<\/p>\n","protected":false},"excerpt":{"rendered":"<p>Spannender Rennspa\u00df f\u00fcr Kinder! Die Autos flitzen die Bahn hinunter \u2013 immer wieder aufs Neue.<\/p>\n","protected":false},"featured_media":0,"template":"","meta":{"content-type":"","_monsterinsights_skip_tracking":false,"_monsterinsights_sitenote_active":false,"_monsterinsights_sitenote_note":"","_monsterinsights_sitenote_category":0},"product_brand":[],"product_cat":[2346],"product_tag":[],"brand":[],"target-group":[],"discontinued":[],"class_list":{"0":"post-1368496","1":"product","2":"type-product","3":"status-publish","5":"product_cat-heros-wooden-toys","7":"first","8":"instock","9":"taxable","10":"shipping-taxable","11":"product-type-simple"},"aioseo_notices":[],"_links":{"self":[{"href":"https:\/\/games.tactic.net\/de\/wp-json\/wp\/v2\/product\/1368496","targetHints":{"allow":["GET"]}}],"collection":[{"href":"https:\/\/games.tactic.net\/de\/wp-json\/wp\/v2\/product"}],"about":[{"href":"https:\/\/games.tactic.net\/de\/wp-json\/wp\/v2\/types\/product"}],"wp:attachment":[{"href":"https:\/\/games.tactic.net\/de\/wp-json\/wp\/v2\/media?parent=1368496"}],"wp:term":[{"taxonomy":"product_brand","embeddable":true,"href":"https:\/\/games.tactic.net\/de\/wp-json\/wp\/v2\/product_brand?post=1368496"},{"taxonomy":"product_cat","embeddable":true,"href":"https:\/\/games.tactic.net\/de\/wp-json\/wp\/v2\/product_cat?post=1368496"},{"taxonomy":"product_tag","embeddable":true,"href":"https:\/\/games.tactic.net\/de\/wp-json\/wp\/v2\/product_tag?post=1368496"},{"taxonomy":"brand","embeddable":true,"href":"https:\/\/games.tactic.net\/de\/wp-json\/wp\/v2\/brand?post=1368496"},{"taxonomy":"target-group","embeddable":true,"href":"https:\/\/games.tactic.net\/de\/wp-json\/wp\/v2\/target-group?post=1368496"},{"taxonomy":"discontinued","embeddable":true,"href":"https:\/\/games.tactic.net\/de\/wp-json\/wp\/v2\/discontinued?post=1368496"}],"curies":[{"name":"wp","href":"https:\/\/api.w.org\/{rel}","templated":true}]}}