{"id":1368440,"date":"2025-10-30T19:18:27","date_gmt":"2025-10-30T17:18:27","guid":{"rendered":"https:\/\/games.tactic.net\/tuote\/hazzle\/"},"modified":"2025-10-30T19:18:27","modified_gmt":"2025-10-30T17:18:27","slug":"hazzle","status":"publish","type":"product","link":"https:\/\/games.tactic.net\/de\/tuote\/hazzle\/","title":{"rendered":"Hazzle"},"content":{"rendered":"<p>Lass dich von diesem rasanten Spiel mitrei\u00dfen! Hier z\u00e4hlen Geschwindigkeit und scharfer Fokus! Triff zielgerecht mit deinem Hammer genau die richtigen Karten, um dir den Sieg zu holen. Ergattere dir alle Punkte, indem du die Karten aufdeckst und so schnell wie m\u00f6glich die richtigen Bilder findest. Sei bereit f\u00fcr diesen ultimativen actionreichen Spa\u00df!<\/p>\n","protected":false},"excerpt":{"rendered":"<p>Lass dich von diesem rasanten Spiel mitrei\u00dfen! Hier z\u00e4hlen Geschwindigkeit und scharfer Fokus! Triff zielgerecht mit deinem Hammer genau die richtigen Karten, um dir den Sieg zu holen. Ergattere dir alle Punkte, indem du die Karten aufdeckst und so schnell wie m\u00f6glich die richtigen Bilder findest. Sei bereit f\u00fcr diesen ultimativen actionreichen Spa\u00df!<\/p>\n","protected":false},"featured_media":0,"template":"","meta":{"content-type":"","_monsterinsights_skip_tracking":false,"_monsterinsights_sitenote_active":false,"_monsterinsights_sitenote_note":"","_monsterinsights_sitenote_category":0},"product_brand":[],"product_cat":[1984],"product_tag":[],"brand":[],"target-group":[],"discontinued":[],"class_list":{"0":"post-1368440","1":"product","2":"type-product","3":"status-publish","5":"product_cat-brettspiele-spiele-fuer-familien","7":"first","8":"instock","9":"taxable","10":"shipping-taxable","11":"product-type-simple"},"aioseo_notices":[],"_links":{"self":[{"href":"https:\/\/games.tactic.net\/de\/wp-json\/wp\/v2\/product\/1368440","targetHints":{"allow":["GET"]}}],"collection":[{"href":"https:\/\/games.tactic.net\/de\/wp-json\/wp\/v2\/product"}],"about":[{"href":"https:\/\/games.tactic.net\/de\/wp-json\/wp\/v2\/types\/product"}],"wp:attachment":[{"href":"https:\/\/games.tactic.net\/de\/wp-json\/wp\/v2\/media?parent=1368440"}],"wp:term":[{"taxonomy":"product_brand","embeddable":true,"href":"https:\/\/games.tactic.net\/de\/wp-json\/wp\/v2\/product_brand?post=1368440"},{"taxonomy":"product_cat","embeddable":true,"href":"https:\/\/games.tactic.net\/de\/wp-json\/wp\/v2\/product_cat?post=1368440"},{"taxonomy":"product_tag","embeddable":true,"href":"https:\/\/games.tactic.net\/de\/wp-json\/wp\/v2\/product_tag?post=1368440"},{"taxonomy":"brand","embeddable":true,"href":"https:\/\/games.tactic.net\/de\/wp-json\/wp\/v2\/brand?post=1368440"},{"taxonomy":"target-group","embeddable":true,"href":"https:\/\/games.tactic.net\/de\/wp-json\/wp\/v2\/target-group?post=1368440"},{"taxonomy":"discontinued","embeddable":true,"href":"https:\/\/games.tactic.net\/de\/wp-json\/wp\/v2\/discontinued?post=1368440"}],"curies":[{"name":"wp","href":"https:\/\/api.w.org\/{rel}","templated":true}]}}