{"id":1368439,"date":"2025-10-30T19:18:11","date_gmt":"2025-10-30T17:18:11","guid":{"rendered":"https:\/\/games.tactic.net\/tuote\/snarf\/"},"modified":"2025-10-30T19:18:11","modified_gmt":"2025-10-30T17:18:11","slug":"snarf","status":"publish","type":"product","link":"https:\/\/games.tactic.net\/de\/tuote\/snarf\/","title":{"rendered":"Snarf"},"content":{"rendered":"<p>Mach mit beim Wettbewerb um den Titel des besten S\u00fc\u00dfwarenladens der Stadt, aber h\u00fcte dich vor dem Schweinchen, denn es k\u00f6nnte \u00fcberraschend das ganze Spiel durcheinanderbringen! Spiele strategisch, beliefere die L\u00e4den vor deinen Gegnern und steuere die Z\u00fcge des Schweinchens mit Spezialkarten. Wer als erster alle seine Karten los wird, gewinnt!<\/p>\n","protected":false},"excerpt":{"rendered":"<p>Mach mit beim Wettbewerb um den Titel des besten S\u00fc\u00dfwarenladens der Stadt, aber h\u00fcte dich vor dem Schweinchen, denn es k\u00f6nnte \u00fcberraschend das ganze Spiel durcheinanderbringen! Spiele strategisch, beliefere die L\u00e4den vor deinen Gegnern und steuere die Z\u00fcge des Schweinchens mit Spezialkarten. Wer als erster alle seine Karten los wird, gewinnt!<\/p>\n","protected":false},"featured_media":0,"template":"","meta":{"content-type":"","_monsterinsights_skip_tracking":false,"_monsterinsights_sitenote_active":false,"_monsterinsights_sitenote_note":"","_monsterinsights_sitenote_category":0},"product_brand":[],"product_cat":[1984,1979],"product_tag":[1985,1991,2344],"brand":[],"target-group":[],"discontinued":[],"class_list":{"0":"post-1368439","1":"product","2":"type-product","3":"status-publish","5":"product_cat-brettspiele-spiele-fuer-familien","6":"product_cat-brettspiele","7":"product_tag-gemeinschaftsspiel","8":"product_tag-kreativitaet","9":"product_tag-worterklaerung","11":"first","12":"instock","13":"taxable","14":"shipping-taxable","15":"product-type-simple"},"aioseo_notices":[],"_links":{"self":[{"href":"https:\/\/games.tactic.net\/de\/wp-json\/wp\/v2\/product\/1368439","targetHints":{"allow":["GET"]}}],"collection":[{"href":"https:\/\/games.tactic.net\/de\/wp-json\/wp\/v2\/product"}],"about":[{"href":"https:\/\/games.tactic.net\/de\/wp-json\/wp\/v2\/types\/product"}],"wp:attachment":[{"href":"https:\/\/games.tactic.net\/de\/wp-json\/wp\/v2\/media?parent=1368439"}],"wp:term":[{"taxonomy":"product_brand","embeddable":true,"href":"https:\/\/games.tactic.net\/de\/wp-json\/wp\/v2\/product_brand?post=1368439"},{"taxonomy":"product_cat","embeddable":true,"href":"https:\/\/games.tactic.net\/de\/wp-json\/wp\/v2\/product_cat?post=1368439"},{"taxonomy":"product_tag","embeddable":true,"href":"https:\/\/games.tactic.net\/de\/wp-json\/wp\/v2\/product_tag?post=1368439"},{"taxonomy":"brand","embeddable":true,"href":"https:\/\/games.tactic.net\/de\/wp-json\/wp\/v2\/brand?post=1368439"},{"taxonomy":"target-group","embeddable":true,"href":"https:\/\/games.tactic.net\/de\/wp-json\/wp\/v2\/target-group?post=1368439"},{"taxonomy":"discontinued","embeddable":true,"href":"https:\/\/games.tactic.net\/de\/wp-json\/wp\/v2\/discontinued?post=1368439"}],"curies":[{"name":"wp","href":"https:\/\/api.w.org\/{rel}","templated":true}]}}