{"id":1368438,"date":"2025-10-30T19:17:52","date_gmt":"2025-10-30T17:17:52","guid":{"rendered":"https:\/\/games.tactic.net\/tuote\/botanical-bliss\/"},"modified":"2025-10-30T19:17:52","modified_gmt":"2025-10-30T17:17:52","slug":"botanical-bliss","status":"publish","type":"product","link":"https:\/\/games.tactic.net\/de\/tuote\/botanical-bliss\/","title":{"rendered":"Botanical Bliss"},"content":{"rendered":"<p>Bl\u00fche pr\u00e4chtiger als die anderen und gewinne! Platziere deine Spielsteine auf dem Spielbrett, um wundersch\u00f6ne Muster zu erschaffen. Erobere das Spielfeld mit Eleganz und Geschick, indem du die Felder klug f\u00fcllst. Du brauchst eine Prise Strategie und ein Qu\u00e4ntchen Gl\u00fcck. Wirst du erbl\u00fchen \u2013 oder verwelken?<\/p>\n","protected":false},"excerpt":{"rendered":"<p>Bl\u00fche pr\u00e4chtiger als die anderen und gewinne! Platziere deine Spielsteine auf dem Spielbrett, um wundersch\u00f6ne Muster zu erschaffen. Erobere das Spielfeld mit Eleganz und Geschick, indem du die Felder klug f\u00fcllst. Du brauchst eine Prise Strategie und ein Qu\u00e4ntchen Gl\u00fcck. Wirst du erbl\u00fchen \u2013 oder verwelken?<\/p>\n","protected":false},"featured_media":0,"template":"","meta":{"content-type":"","_monsterinsights_skip_tracking":false,"_monsterinsights_sitenote_active":false,"_monsterinsights_sitenote_note":"","_monsterinsights_sitenote_category":0},"product_brand":[],"product_cat":[1959,1958],"product_tag":[],"brand":[],"target-group":[],"discontinued":[],"class_list":{"0":"post-1368438","1":"product","2":"type-product","3":"status-publish","5":"product_cat-spiele-fuer-familien","6":"product_cat-strategiespiele","8":"first","9":"instock","10":"taxable","11":"shipping-taxable","12":"product-type-simple"},"aioseo_notices":[],"_links":{"self":[{"href":"https:\/\/games.tactic.net\/de\/wp-json\/wp\/v2\/product\/1368438","targetHints":{"allow":["GET"]}}],"collection":[{"href":"https:\/\/games.tactic.net\/de\/wp-json\/wp\/v2\/product"}],"about":[{"href":"https:\/\/games.tactic.net\/de\/wp-json\/wp\/v2\/types\/product"}],"wp:attachment":[{"href":"https:\/\/games.tactic.net\/de\/wp-json\/wp\/v2\/media?parent=1368438"}],"wp:term":[{"taxonomy":"product_brand","embeddable":true,"href":"https:\/\/games.tactic.net\/de\/wp-json\/wp\/v2\/product_brand?post=1368438"},{"taxonomy":"product_cat","embeddable":true,"href":"https:\/\/games.tactic.net\/de\/wp-json\/wp\/v2\/product_cat?post=1368438"},{"taxonomy":"product_tag","embeddable":true,"href":"https:\/\/games.tactic.net\/de\/wp-json\/wp\/v2\/product_tag?post=1368438"},{"taxonomy":"brand","embeddable":true,"href":"https:\/\/games.tactic.net\/de\/wp-json\/wp\/v2\/brand?post=1368438"},{"taxonomy":"target-group","embeddable":true,"href":"https:\/\/games.tactic.net\/de\/wp-json\/wp\/v2\/target-group?post=1368438"},{"taxonomy":"discontinued","embeddable":true,"href":"https:\/\/games.tactic.net\/de\/wp-json\/wp\/v2\/discontinued?post=1368438"}],"curies":[{"name":"wp","href":"https:\/\/api.w.org\/{rel}","templated":true}]}}