{"id":55276,"date":"2019-10-25T23:59:09","date_gmt":"2019-10-25T20:59:09","guid":{"rendered":"https:\/\/dev.tactic.net\/jalleenmyyjat\/jalleenmyyjaksi\/tietoajalleenmyyjille\/"},"modified":"2022-08-19T14:05:53","modified_gmt":"2022-08-19T11:05:53","slug":"tietoajalleenmyyjille","status":"publish","type":"page","link":"https:\/\/games.tactic.net\/de\/einzelhaendler\/jalleenmyyjaksi\/tietoajalleenmyyjille\/","title":{"rendered":"H\u00e4ndler Information"},"content":{"rendered":"\t\t<div data-elementor-type=\"wp-page\" data-elementor-id=\"55276\" class=\"elementor elementor-55276 elementor-35\" data-elementor-post-type=\"page\">\n\t\t\t\t\t\t<section class=\"elementor-section elementor-top-section elementor-element elementor-element-444fc67 elementor-section-boxed elementor-section-height-default elementor-section-height-default\" data-id=\"444fc67\" data-element_type=\"section\" data-e-type=\"section\">\n\t\t\t\t\t\t<div class=\"elementor-container elementor-column-gap-default\">\n\t\t\t\t\t<div class=\"elementor-column elementor-col-100 elementor-top-column elementor-element elementor-element-78e20a9\" data-id=\"78e20a9\" data-element_type=\"column\" data-e-type=\"column\">\n\t\t\t<div class=\"elementor-widget-wrap elementor-element-populated\">\n\t\t\t\t\t\t<div class=\"elementor-element elementor-element-51479ed elementor-widget elementor-widget-heading\" data-id=\"51479ed\" data-element_type=\"widget\" data-e-type=\"widget\" data-widget_type=\"heading.default\">\n\t\t\t\t<div class=\"elementor-widget-container\">\n\t\t\t\t\t<h2 class=\"elementor-heading-title elementor-size-default\">H\u00e4ndler Information<\/h2>\t\t\t\t<\/div>\n\t\t\t\t<\/div>\n\t\t\t\t\t<\/div>\n\t\t<\/div>\n\t\t\t\t\t<\/div>\n\t\t<\/section>\n\t\t\t\t<section class=\"elementor-section elementor-top-section elementor-element elementor-element-d3afeba elementor-section-boxed elementor-section-height-default elementor-section-height-default\" data-id=\"d3afeba\" data-element_type=\"section\" data-e-type=\"section\">\n\t\t\t\t\t\t<div class=\"elementor-container elementor-column-gap-default\">\n\t\t\t\t\t<div class=\"elementor-column elementor-col-100 elementor-top-column elementor-element elementor-element-f134be7\" data-id=\"f134be7\" data-element_type=\"column\" data-e-type=\"column\">\n\t\t\t<div class=\"elementor-widget-wrap elementor-element-populated\">\n\t\t\t\t\t\t<div class=\"elementor-element elementor-element-010bf04 elementor-widget elementor-widget-heading\" data-id=\"010bf04\" data-element_type=\"widget\" data-e-type=\"widget\" data-widget_type=\"heading.default\">\n\t\t\t\t<div class=\"elementor-widget-container\">\n\t\t\t\t\t<h1 class=\"elementor-heading-title elementor-size-default\">Willkommen im H\u00e4ndler Informationszentrum<\/h1>\t\t\t\t<\/div>\n\t\t\t\t<\/div>\n\t\t\t\t\t<\/div>\n\t\t<\/div>\n\t\t\t\t\t<\/div>\n\t\t<\/section>\n\t\t\t\t<section class=\"elementor-section elementor-top-section elementor-element elementor-element-26e1f5d elementor-section-boxed elementor-section-height-default elementor-section-height-default\" data-id=\"26e1f5d\" data-element_type=\"section\" data-e-type=\"section\">\n\t\t\t\t\t\t<div class=\"elementor-container elementor-column-gap-default\">\n\t\t\t\t\t<div class=\"elementor-column elementor-col-100 elementor-top-column elementor-element elementor-element-095b5a3\" data-id=\"095b5a3\" data-element_type=\"column\" data-e-type=\"column\">\n\t\t\t<div class=\"elementor-widget-wrap elementor-element-populated\">\n\t\t\t\t\t\t<div class=\"elementor-element elementor-element-ab5e6d0 elementor-widget elementor-widget-text-editor\" data-id=\"ab5e6d0\" data-element_type=\"widget\" data-e-type=\"widget\" data-widget_type=\"text-editor.default\">\n\t\t\t\t<div class=\"elementor-widget-container\">\n\t\t\t\t\t\t\t\t\t<h3>Einzelh\u00e4ndler Webshop<\/h3>\n<p><a href=\"http:\/\/tactic.net\/shop\/\" target=\"_blank\" rel=\"noopener\">Webshop login<\/a><\/p>\n\t\t\t\t\t\t\t\t<\/div>\n\t\t\t\t<\/div>\n\t\t\t\t\t<\/div>\n\t\t<\/div>\n\t\t\t\t\t<\/div>\n\t\t<\/section>\n\t\t\t\t<section class=\"elementor-section elementor-top-section elementor-element elementor-element-b09e79d elementor-section-boxed elementor-section-height-default elementor-section-height-default\" data-id=\"b09e79d\" data-element_type=\"section\" data-e-type=\"section\">\n\t\t\t\t\t\t<div class=\"elementor-container elementor-column-gap-default\">\n\t\t\t\t\t<div class=\"elementor-column elementor-col-100 elementor-top-column elementor-element elementor-element-b589a18\" data-id=\"b589a18\" data-element_type=\"column\" data-e-type=\"column\">\n\t\t\t<div class=\"elementor-widget-wrap elementor-element-populated\">\n\t\t\t\t\t\t<div class=\"elementor-element elementor-element-2a6a305 elementor-widget elementor-widget-text-editor\" data-id=\"2a6a305\" data-element_type=\"widget\" data-e-type=\"widget\" data-widget_type=\"text-editor.default\">\n\t\t\t\t<div class=\"elementor-widget-container\">\n\t\t\t\t\t\t\t\t\t<h3>Einzelh\u00e4ndler Bilddatenbank<\/h3><p><a href=\"http:\/\/gallery.tactic.net\/\" target=\"_blank\" rel=\"noopener\">Bilddatenbank login<\/a><\/p><p>Unsere Bilddatenbank beinhaltet alle Produktbilder sowie andere spielbezogene Bilder und Videos.<\/p><p>Um auf die Bilddatenbank zuzugreifen, fordern Sie bitte den Code und das Passwort an: info(at)taktic.net<\/p>\t\t\t\t\t\t\t\t<\/div>\n\t\t\t\t<\/div>\n\t\t\t\t\t<\/div>\n\t\t<\/div>\n\t\t\t\t\t<\/div>\n\t\t<\/section>\n\t\t\t\t<section class=\"elementor-section elementor-top-section elementor-element elementor-element-1fa695f elementor-section-boxed elementor-section-height-default elementor-section-height-default\" data-id=\"1fa695f\" data-element_type=\"section\" data-e-type=\"section\">\n\t\t\t\t\t\t<div class=\"elementor-container elementor-column-gap-default\">\n\t\t\t\t\t<div class=\"elementor-column elementor-col-100 elementor-top-column elementor-element elementor-element-9a3e1d1\" data-id=\"9a3e1d1\" data-element_type=\"column\" data-e-type=\"column\">\n\t\t\t<div class=\"elementor-widget-wrap elementor-element-populated\">\n\t\t\t\t\t\t<div class=\"elementor-element elementor-element-2828103 elementor-widget elementor-widget-text-editor\" data-id=\"2828103\" data-element_type=\"widget\" data-e-type=\"widget\" data-widget_type=\"text-editor.default\">\n\t\t\t\t<div class=\"elementor-widget-container\">\n\t\t\t\t\t\t\t\t\t<h3>Newsletter<\/h3><p>Als Einzelh\u00e4ndler erhalten Sie unseren regelm\u00e4\u00dfigen Newsletter, der Sie \u00fcber unsere neuesten Produkte, Kampagnen und andere Neuigkeiten auf dem Laufenden h\u00e4lt.<\/p><p>Falls Sie den Newsletter noch nicht erhalten, abonnieren Sie ihn bitte unter: info(at)taktic.net<\/p>\t\t\t\t\t\t\t\t<\/div>\n\t\t\t\t<\/div>\n\t\t\t\t<div class=\"elementor-element elementor-element-2838f95 elementor-widget-divider--view-line elementor-widget elementor-widget-divider\" data-id=\"2838f95\" data-element_type=\"widget\" data-e-type=\"widget\" data-widget_type=\"divider.default\">\n\t\t\t\t<div class=\"elementor-widget-container\">\n\t\t\t\t\t\t\t<div class=\"elementor-divider\">\n\t\t\t<span class=\"elementor-divider-separator\">\n\t\t\t\t\t\t<\/span>\n\t\t<\/div>\n\t\t\t\t\t\t<\/div>\n\t\t\t\t<\/div>\n\t\t\t\t\t<\/div>\n\t\t<\/div>\n\t\t\t\t\t<\/div>\n\t\t<\/section>\n\t\t\t\t<section class=\"elementor-section elementor-top-section elementor-element elementor-element-c65d372 elementor-section-boxed elementor-section-height-default elementor-section-height-default\" data-id=\"c65d372\" data-element_type=\"section\" data-e-type=\"section\">\n\t\t\t\t\t\t<div class=\"elementor-container elementor-column-gap-default\">\n\t\t\t\t\t<div class=\"elementor-column elementor-col-100 elementor-top-column elementor-element elementor-element-bf76c49\" data-id=\"bf76c49\" data-element_type=\"column\" data-e-type=\"column\">\n\t\t\t<div class=\"elementor-widget-wrap elementor-element-populated\">\n\t\t\t\t\t\t<div class=\"elementor-element elementor-element-1519b8d elementor-widget elementor-widget-text-editor\" data-id=\"1519b8d\" data-element_type=\"widget\" data-e-type=\"widget\" data-widget_type=\"text-editor.default\">\n\t\t\t\t<div class=\"elementor-widget-container\">\n\t\t\t\t\t\t\t\t\t<h3>Materialien<\/h3><p><a href=\"http:\/\/files.tactic.net\/public\/catalogues\/2022\/Tactic_Games_Export_2022_Final.pdf\" target=\"_blank\" rel=\"noopener\">Taktic Spielekatalog 2022<\/a>\u00a0(pdf)<\/p><p><a href=\"https:\/\/tacticfinland.sharepoint.com\/:p:\/s\/TacticGamesOy361\/Efuet3ab12lNjmZoeaLVUi0BVViFBfuKCF4iqqUsUV8bBQ?e=8E5YZg\" target=\"_blank\" rel=\"noopener\">Tactic Unternehmenspr\u00e4sentation\u00a0<\/a>2022 (PowerPoint)<\/p><p><a href=\"http:\/\/files.tactic.net\/public\/catalogues\/2022\/Tactic_Company_Presentation_A5_2022.pdf?_gl=1*b2jqjw*_ga*MTQwOTM5MDQzNS4xNjYwNjQzMTE3*_ga_D2X7DJMR44*MTY2MDkwMjY1NS4xNy4xLjE2NjA5MDcwNDcuMC4wLjA.*_ga_HKQSJPPC2P*MTY2MDkwMjY1NS4xNi4xLjE2NjA5MDcwNDcuMC4wLjA.\" target=\"_blank\" rel=\"noopener\">Tactic Unternehmensbrosch\u00fcre<\/a>\u00a02022 (pdf)<\/p>\t\t\t\t\t\t\t\t<\/div>\n\t\t\t\t<\/div>\n\t\t\t\t\t<\/div>\n\t\t<\/div>\n\t\t\t\t\t<\/div>\n\t\t<\/section>\n\t\t\t\t<section class=\"elementor-section elementor-top-section elementor-element elementor-element-d8b3fde elementor-section-boxed elementor-section-height-default elementor-section-height-default\" data-id=\"d8b3fde\" data-element_type=\"section\" data-e-type=\"section\">\n\t\t\t\t\t\t<div class=\"elementor-container elementor-column-gap-default\">\n\t\t\t\t\t<div class=\"elementor-column elementor-col-100 elementor-top-column elementor-element elementor-element-9f3bd42\" data-id=\"9f3bd42\" data-element_type=\"column\" data-e-type=\"column\">\n\t\t\t<div class=\"elementor-widget-wrap elementor-element-populated\">\n\t\t\t\t\t\t\t<\/div>\n\t\t<\/div>\n\t\t\t\t\t<\/div>\n\t\t<\/section>\n\t\t\t\t<\/div>\n\t\t","protected":false},"excerpt":{"rendered":"<p>H\u00e4ndler Information Willkommen im H\u00e4ndler Informationszentrum Einzelh\u00e4ndler Webshop Webshop login Einzelh\u00e4ndler Bilddatenbank Bilddatenbank login Unsere Bilddatenbank beinhaltet alle Produktbilder sowie andere spielbezogene Bilder und Videos. Um auf die Bilddatenbank zuzugreifen, fordern Sie bitte den Code und das Passwort an: info(at)taktic.net Newsletter Als Einzelh\u00e4ndler erhalten Sie unseren regelm\u00e4\u00dfigen Newsletter, der Sie \u00fcber unsere neuesten Produkte, Kampagnen [&hellip;]<\/p>\n","protected":false},"author":1,"featured_media":0,"parent":55273,"menu_order":1,"comment_status":"closed","ping_status":"closed","template":"","meta":{"content-type":"","_monsterinsights_skip_tracking":false,"_monsterinsights_sitenote_active":false,"_monsterinsights_sitenote_note":"","_monsterinsights_sitenote_category":0,"footnotes":""},"class_list":["post-55276","page","type-page","status-publish","hentry"],"aioseo_notices":[],"_links":{"self":[{"href":"https:\/\/games.tactic.net\/de\/wp-json\/wp\/v2\/pages\/55276","targetHints":{"allow":["GET"]}}],"collection":[{"href":"https:\/\/games.tactic.net\/de\/wp-json\/wp\/v2\/pages"}],"about":[{"href":"https:\/\/games.tactic.net\/de\/wp-json\/wp\/v2\/types\/page"}],"author":[{"embeddable":true,"href":"https:\/\/games.tactic.net\/de\/wp-json\/wp\/v2\/users\/1"}],"replies":[{"embeddable":true,"href":"https:\/\/games.tactic.net\/de\/wp-json\/wp\/v2\/comments?post=55276"}],"version-history":[{"count":23,"href":"https:\/\/games.tactic.net\/de\/wp-json\/wp\/v2\/pages\/55276\/revisions"}],"predecessor-version":[{"id":622595,"href":"https:\/\/games.tactic.net\/de\/wp-json\/wp\/v2\/pages\/55276\/revisions\/622595"}],"up":[{"embeddable":true,"href":"https:\/\/games.tactic.net\/de\/wp-json\/wp\/v2\/pages\/55273"}],"wp:attachment":[{"href":"https:\/\/games.tactic.net\/de\/wp-json\/wp\/v2\/media?parent=55276"}],"curies":[{"name":"wp","href":"https:\/\/api.w.org\/{rel}","templated":true}]}}