{"id":55273,"date":"2020-02-18T09:57:01","date_gmt":"2020-02-18T07:57:01","guid":{"rendered":"https:\/\/dev.tactic.net\/jalleenmyyjat\/jalleenmyyjaksi\/"},"modified":"2022-08-19T14:04:55","modified_gmt":"2022-08-19T11:04:55","slug":"jalleenmyyjaksi","status":"publish","type":"page","link":"https:\/\/games.tactic.net\/de\/einzelhaendler\/jalleenmyyjaksi\/","title":{"rendered":"Werden Sie einzelh\u00e4ndler"},"content":{"rendered":"\t\t<div data-elementor-type=\"wp-page\" data-elementor-id=\"55273\" class=\"elementor elementor-55273 elementor-10466\" data-elementor-post-type=\"page\">\n\t\t\t\t\t\t<section class=\"elementor-section elementor-top-section elementor-element elementor-element-091474a elementor-section-boxed elementor-section-height-default elementor-section-height-default\" data-id=\"091474a\" data-element_type=\"section\" data-e-type=\"section\">\n\t\t\t\t\t\t<div class=\"elementor-container elementor-column-gap-default\">\n\t\t\t\t\t<div class=\"elementor-column elementor-col-100 elementor-top-column elementor-element elementor-element-d2be8c4\" data-id=\"d2be8c4\" data-element_type=\"column\" data-e-type=\"column\">\n\t\t\t<div class=\"elementor-widget-wrap elementor-element-populated\">\n\t\t\t\t\t\t<div class=\"elementor-element elementor-element-1761ab9 elementor-widget elementor-widget-heading\" data-id=\"1761ab9\" data-element_type=\"widget\" data-e-type=\"widget\" data-widget_type=\"heading.default\">\n\t\t\t\t<div class=\"elementor-widget-container\">\n\t\t\t\t\t<h2 class=\"elementor-heading-title elementor-size-default\">Werden Sie Einzelh\u00e4ndler<\/h2>\t\t\t\t<\/div>\n\t\t\t\t<\/div>\n\t\t\t\t\t<\/div>\n\t\t<\/div>\n\t\t\t\t\t<\/div>\n\t\t<\/section>\n\t\t\t\t<section class=\"elementor-section elementor-top-section elementor-element elementor-element-3c9701e elementor-section-boxed elementor-section-height-default elementor-section-height-default\" data-id=\"3c9701e\" data-element_type=\"section\" data-e-type=\"section\">\n\t\t\t\t\t\t<div class=\"elementor-container elementor-column-gap-default\">\n\t\t\t\t\t<div class=\"elementor-column elementor-col-100 elementor-top-column elementor-element elementor-element-6933e2e\" data-id=\"6933e2e\" data-element_type=\"column\" data-e-type=\"column\">\n\t\t\t<div class=\"elementor-widget-wrap elementor-element-populated\">\n\t\t\t\t\t\t<div class=\"elementor-element elementor-element-a57b81e elementor-widget elementor-widget-heading\" data-id=\"a57b81e\" data-element_type=\"widget\" data-e-type=\"widget\" data-widget_type=\"heading.default\">\n\t\t\t\t<div class=\"elementor-widget-container\">\n\t\t\t\t\t<h1 class=\"elementor-heading-title elementor-size-default\">Sind Sie bereit f\u00fcr den n\u00e4chsten Schritt?<\/h1>\t\t\t\t<\/div>\n\t\t\t\t<\/div>\n\t\t\t\t\t<\/div>\n\t\t<\/div>\n\t\t\t\t\t<\/div>\n\t\t<\/section>\n\t\t\t\t<section class=\"elementor-section elementor-top-section elementor-element elementor-element-72e4e96 elementor-section-boxed elementor-section-height-default elementor-section-height-default\" data-id=\"72e4e96\" data-element_type=\"section\" data-e-type=\"section\">\n\t\t\t\t\t\t<div class=\"elementor-container elementor-column-gap-default\">\n\t\t\t\t\t<div class=\"elementor-column elementor-col-100 elementor-top-column elementor-element elementor-element-b960f5b\" data-id=\"b960f5b\" data-element_type=\"column\" data-e-type=\"column\">\n\t\t\t<div class=\"elementor-widget-wrap elementor-element-populated\">\n\t\t\t\t\t\t<div class=\"elementor-element elementor-element-965800b elementor-widget elementor-widget-text-editor\" data-id=\"965800b\" data-element_type=\"widget\" data-e-type=\"widget\" data-widget_type=\"text-editor.default\">\n\t\t\t\t<div class=\"elementor-widget-container\">\n\t\t\t\t\t\t\t\t\t<p><strong>Spielen Sie Ihre Rolle in der Erfolgsgeschichte von Taktikspielen, Spielzeug und Kinderb\u00fcchern!<\/strong><\/p>\n<p>Wir sind nicht nur auf Brettspiele (Kinder-, Familien- und Partyspiele) spezialisiert, sondern produzieren und verkaufen auch Reise- und Taschenspiele, Karten- und W\u00fcrfelspiele, Pokerprodukte, Puzzles, Zauber- und Bastelsets sowie Outdoor-Holzspiele. Wir sind Herausgeber einer gro\u00dfen Auswahl an Kinderb\u00fcchern. Dar\u00fcber hinaus umfasst unser Repertoire sowohl unsere eigenen als auch importierte Spielzeugmarken.<\/p>\n<p>Als Einzelh\u00e4ndler erhalten Sie einen zuverl\u00e4ssigen Partner und die M\u00f6glichkeit, mit f\u00fchrenden finnischen und internationalen Spiele- und Spielzeugprodukten zu handeln. Wir garantieren p\u00fcnktliche und schnelle Lieferungen direkt von unserem eigenen Lager in Pori, Finnland.<\/p>\n\t\t\t\t\t\t\t\t<\/div>\n\t\t\t\t<\/div>\n\t\t\t\t\t<\/div>\n\t\t<\/div>\n\t\t\t\t\t<\/div>\n\t\t<\/section>\n\t\t\t\t<section class=\"elementor-section elementor-top-section elementor-element elementor-element-6089db1 elementor-section-boxed elementor-section-height-default elementor-section-height-default\" data-id=\"6089db1\" data-element_type=\"section\" data-e-type=\"section\">\n\t\t\t\t\t\t<div class=\"elementor-container elementor-column-gap-default\">\n\t\t\t\t\t<div class=\"elementor-column elementor-col-100 elementor-top-column elementor-element elementor-element-d1cd1f3\" data-id=\"d1cd1f3\" data-element_type=\"column\" data-e-type=\"column\">\n\t\t\t<div class=\"elementor-widget-wrap elementor-element-populated\">\n\t\t\t\t\t\t<div class=\"elementor-element elementor-element-74721d8 elementor-widget elementor-widget-text-editor\" data-id=\"74721d8\" data-element_type=\"widget\" data-e-type=\"widget\" data-widget_type=\"text-editor.default\">\n\t\t\t\t<div class=\"elementor-widget-container\">\n\t\t\t\t\t\t\t\t\t<p><a href=\"http:\/\/files.tactic.net\/public\/catalogues\/2022\/Tactic_Games_Export_2022_Final.pdf\" target=\"_blank\" rel=\"noopener\">Taktic Spielekatalog 2022<\/a>\u00a0(pdf)<\/p><p><a href=\"https:\/\/tacticfinland.sharepoint.com\/:p:\/s\/TacticGamesOy361\/Efuet3ab12lNjmZoeaLVUi0BVViFBfuKCF4iqqUsUV8bBQ?e=8E5YZg\" target=\"_blank\" rel=\"noopener\">Tactic Unternehmenspr\u00e4sentation\u00a0<\/a>2022 (PowerPoint)<\/p><p><a href=\"http:\/\/files.tactic.net\/public\/catalogues\/2022\/Tactic_Company_Presentation_A5_2022.pdf?_gl=1*b2jqjw*_ga*MTQwOTM5MDQzNS4xNjYwNjQzMTE3*_ga_D2X7DJMR44*MTY2MDkwMjY1NS4xNy4xLjE2NjA5MDcwNDcuMC4wLjA.*_ga_HKQSJPPC2P*MTY2MDkwMjY1NS4xNi4xLjE2NjA5MDcwNDcuMC4wLjA.\" target=\"_blank\" rel=\"noopener\">Tactic Unternehmensbrosch\u00fcre<\/a>\u00a02022 (pdf)<\/p>\t\t\t\t\t\t\t\t<\/div>\n\t\t\t\t<\/div>\n\t\t\t\t\t<\/div>\n\t\t<\/div>\n\t\t\t\t\t<\/div>\n\t\t<\/section>\n\t\t\t\t<section class=\"elementor-section elementor-top-section elementor-element elementor-element-03f8305 elementor-section-boxed elementor-section-height-default elementor-section-height-default\" data-id=\"03f8305\" data-element_type=\"section\" data-e-type=\"section\">\n\t\t\t\t\t\t<div class=\"elementor-container elementor-column-gap-default\">\n\t\t\t\t\t<div class=\"elementor-column elementor-col-100 elementor-top-column elementor-element elementor-element-67379be\" data-id=\"67379be\" data-element_type=\"column\" data-e-type=\"column\">\n\t\t\t<div class=\"elementor-widget-wrap elementor-element-populated\">\n\t\t\t\t\t\t<div class=\"elementor-element elementor-element-f4c6a92 elementor-widget elementor-widget-text-editor\" data-id=\"f4c6a92\" data-element_type=\"widget\" data-e-type=\"widget\" data-widget_type=\"text-editor.default\">\n\t\t\t\t<div class=\"elementor-widget-container\">\n\t\t\t\t\t\t\t\t\t<p>K<strong>ontaktieren Sie uns und machen Sie mit!<\/strong><\/p>\n\t\t\t\t\t\t\t\t<\/div>\n\t\t\t\t<\/div>\n\t\t\t\t\t<\/div>\n\t\t<\/div>\n\t\t\t\t\t<\/div>\n\t\t<\/section>\n\t\t\t\t<section class=\"elementor-section elementor-top-section elementor-element elementor-element-d322d50 elementor-section-boxed elementor-section-height-default elementor-section-height-default\" data-id=\"d322d50\" data-element_type=\"section\" data-e-type=\"section\">\n\t\t\t\t\t\t<div class=\"elementor-container elementor-column-gap-default\">\n\t\t\t\t\t<div class=\"elementor-column elementor-col-25 elementor-top-column elementor-element elementor-element-ddcd0d9\" data-id=\"ddcd0d9\" data-element_type=\"column\" data-e-type=\"column\">\n\t\t\t<div class=\"elementor-widget-wrap elementor-element-populated\">\n\t\t\t\t\t\t<div class=\"elementor-element elementor-element-3e934fd elementor-widget elementor-widget-text-editor\" data-id=\"3e934fd\" data-element_type=\"widget\" data-e-type=\"widget\" data-widget_type=\"text-editor.default\">\n\t\t\t\t<div class=\"elementor-widget-container\">\n\t\t\t\t\t\t\t\t\t<p><strong>Juha Nieminen<\/strong><br \/>CSO, Export<br \/>+358 2 6244 120<br \/>juha.nieminen@tactic.net<\/p>\t\t\t\t\t\t\t\t<\/div>\n\t\t\t\t<\/div>\n\t\t\t\t\t<\/div>\n\t\t<\/div>\n\t\t\t\t<div class=\"elementor-column elementor-col-25 elementor-top-column elementor-element elementor-element-3df35e6\" data-id=\"3df35e6\" data-element_type=\"column\" data-e-type=\"column\">\n\t\t\t<div class=\"elementor-widget-wrap\">\n\t\t\t\t\t\t\t<\/div>\n\t\t<\/div>\n\t\t\t\t<div class=\"elementor-column elementor-col-25 elementor-top-column elementor-element elementor-element-c30d0a4\" data-id=\"c30d0a4\" data-element_type=\"column\" data-e-type=\"column\">\n\t\t\t<div class=\"elementor-widget-wrap\">\n\t\t\t\t\t\t\t<\/div>\n\t\t<\/div>\n\t\t\t\t<div class=\"elementor-column elementor-col-25 elementor-top-column elementor-element elementor-element-103d79d\" data-id=\"103d79d\" data-element_type=\"column\" data-e-type=\"column\">\n\t\t\t<div class=\"elementor-widget-wrap\">\n\t\t\t\t\t\t\t<\/div>\n\t\t<\/div>\n\t\t\t\t\t<\/div>\n\t\t<\/section>\n\t\t\t\t<section class=\"elementor-section elementor-top-section elementor-element elementor-element-d6809bd elementor-section-boxed elementor-section-height-default elementor-section-height-default\" data-id=\"d6809bd\" data-element_type=\"section\" data-e-type=\"section\">\n\t\t\t\t\t\t<div class=\"elementor-container elementor-column-gap-default\">\n\t\t\t\t\t<div class=\"elementor-column elementor-col-100 elementor-top-column elementor-element elementor-element-b45350c\" data-id=\"b45350c\" data-element_type=\"column\" data-e-type=\"column\">\n\t\t\t<div class=\"elementor-widget-wrap elementor-element-populated\">\n\t\t\t\t\t\t<div class=\"elementor-element elementor-element-51a94d2 elementor-widget-divider--view-line elementor-widget elementor-widget-divider\" data-id=\"51a94d2\" data-element_type=\"widget\" data-e-type=\"widget\" data-widget_type=\"divider.default\">\n\t\t\t\t<div class=\"elementor-widget-container\">\n\t\t\t\t\t\t\t<div class=\"elementor-divider\">\n\t\t\t<span class=\"elementor-divider-separator\">\n\t\t\t\t\t\t<\/span>\n\t\t<\/div>\n\t\t\t\t\t\t<\/div>\n\t\t\t\t<\/div>\n\t\t\t\t\t<\/div>\n\t\t<\/div>\n\t\t\t\t\t<\/div>\n\t\t<\/section>\n\t\t\t\t<section class=\"elementor-section elementor-top-section elementor-element elementor-element-2df0ce3 elementor-section-boxed elementor-section-height-default elementor-section-height-default\" data-id=\"2df0ce3\" data-element_type=\"section\" data-e-type=\"section\">\n\t\t\t\t\t\t<div class=\"elementor-container elementor-column-gap-default\">\n\t\t\t\t\t<div class=\"elementor-column elementor-col-100 elementor-top-column elementor-element elementor-element-11dfeee\" data-id=\"11dfeee\" data-element_type=\"column\" data-e-type=\"column\">\n\t\t\t<div class=\"elementor-widget-wrap elementor-element-populated\">\n\t\t\t\t\t\t<div class=\"elementor-element elementor-element-0821766 elementor-widget elementor-widget-text-editor\" data-id=\"0821766\" data-element_type=\"widget\" data-e-type=\"widget\" data-widget_type=\"text-editor.default\">\n\t\t\t\t<div class=\"elementor-widget-container\">\n\t\t\t\t\t\t\t\t\t<p><a href=\"https:\/\/games.tactic.net\/da\/forhandlere\/bliv-forhandler\/information-til-forhandlere\/\">&gt;&gt;&gt; H\u00e4ndler Information<\/a><\/p>\t\t\t\t\t\t\t\t<\/div>\n\t\t\t\t<\/div>\n\t\t\t\t<div class=\"elementor-element elementor-element-3916599 elementor-widget elementor-widget-spacer\" data-id=\"3916599\" data-element_type=\"widget\" data-e-type=\"widget\" data-widget_type=\"spacer.default\">\n\t\t\t\t<div class=\"elementor-widget-container\">\n\t\t\t\t\t\t\t<div class=\"elementor-spacer\">\n\t\t\t<div class=\"elementor-spacer-inner\"><\/div>\n\t\t<\/div>\n\t\t\t\t\t\t<\/div>\n\t\t\t\t<\/div>\n\t\t\t\t\t<\/div>\n\t\t<\/div>\n\t\t\t\t\t<\/div>\n\t\t<\/section>\n\t\t\t\t<\/div>\n\t\t","protected":false},"excerpt":{"rendered":"<p>Werden Sie Einzelh\u00e4ndler Sind Sie bereit f\u00fcr den n\u00e4chsten Schritt? Spielen Sie Ihre Rolle in der Erfolgsgeschichte von Taktikspielen, Spielzeug und Kinderb\u00fcchern! Wir sind nicht nur auf Brettspiele (Kinder-, Familien- und Partyspiele) spezialisiert, sondern produzieren und verkaufen auch Reise- und Taschenspiele, Karten- und W\u00fcrfelspiele, Pokerprodukte, Puzzles, Zauber- und Bastelsets sowie Outdoor-Holzspiele. Wir sind Herausgeber einer [&hellip;]<\/p>\n","protected":false},"author":2,"featured_media":0,"parent":55268,"menu_order":1,"comment_status":"closed","ping_status":"closed","template":"","meta":{"content-type":"","_monsterinsights_skip_tracking":false,"_monsterinsights_sitenote_active":false,"_monsterinsights_sitenote_note":"","_monsterinsights_sitenote_category":0,"footnotes":""},"class_list":["post-55273","page","type-page","status-publish","hentry"],"aioseo_notices":[],"_links":{"self":[{"href":"https:\/\/games.tactic.net\/de\/wp-json\/wp\/v2\/pages\/55273","targetHints":{"allow":["GET"]}}],"collection":[{"href":"https:\/\/games.tactic.net\/de\/wp-json\/wp\/v2\/pages"}],"about":[{"href":"https:\/\/games.tactic.net\/de\/wp-json\/wp\/v2\/types\/page"}],"author":[{"embeddable":true,"href":"https:\/\/games.tactic.net\/de\/wp-json\/wp\/v2\/users\/2"}],"replies":[{"embeddable":true,"href":"https:\/\/games.tactic.net\/de\/wp-json\/wp\/v2\/comments?post=55273"}],"version-history":[{"count":11,"href":"https:\/\/games.tactic.net\/de\/wp-json\/wp\/v2\/pages\/55273\/revisions"}],"predecessor-version":[{"id":622589,"href":"https:\/\/games.tactic.net\/de\/wp-json\/wp\/v2\/pages\/55273\/revisions\/622589"}],"up":[{"embeddable":true,"href":"https:\/\/games.tactic.net\/de\/wp-json\/wp\/v2\/pages\/55268"}],"wp:attachment":[{"href":"https:\/\/games.tactic.net\/de\/wp-json\/wp\/v2\/media?parent=55273"}],"curies":[{"name":"wp","href":"https:\/\/api.w.org\/{rel}","templated":true}]}}