{"id":55194,"date":"2020-03-04T09:50:45","date_gmt":"2020-03-04T07:50:45","guid":{"rendered":"https:\/\/dev.tactic.net\/tactic\/vastuullisuus\/"},"modified":"2021-01-19T12:11:12","modified_gmt":"2021-01-19T10:11:12","slug":"vastuullisuus","status":"publish","type":"page","link":"https:\/\/games.tactic.net\/de\/tactic\/vastuullisuus\/","title":{"rendered":"Verantwortung"},"content":{"rendered":"\t\t<div data-elementor-type=\"wp-page\" data-elementor-id=\"55194\" class=\"elementor elementor-55194 elementor-11078\" data-elementor-post-type=\"page\">\n\t\t\t\t\t\t<section class=\"elementor-section elementor-top-section elementor-element elementor-element-229fd3d elementor-section-boxed elementor-section-height-default elementor-section-height-default\" data-id=\"229fd3d\" data-element_type=\"section\" data-e-type=\"section\">\n\t\t\t\t\t\t<div class=\"elementor-container elementor-column-gap-default\">\n\t\t\t\t\t<div class=\"elementor-column elementor-col-100 elementor-top-column elementor-element elementor-element-46bc73b\" data-id=\"46bc73b\" data-element_type=\"column\" data-e-type=\"column\">\n\t\t\t<div class=\"elementor-widget-wrap elementor-element-populated\">\n\t\t\t\t\t\t<div class=\"elementor-element elementor-element-299b429 elementor-widget elementor-widget-heading\" data-id=\"299b429\" data-element_type=\"widget\" data-e-type=\"widget\" data-widget_type=\"heading.default\">\n\t\t\t\t<div class=\"elementor-widget-container\">\n\t\t\t\t\t<h2 class=\"elementor-heading-title elementor-size-default\">Verantwortung<\/h2>\t\t\t\t<\/div>\n\t\t\t\t<\/div>\n\t\t\t\t\t<\/div>\n\t\t<\/div>\n\t\t\t\t\t<\/div>\n\t\t<\/section>\n\t\t\t\t<section class=\"elementor-section elementor-top-section elementor-element elementor-element-fdf30dd elementor-section-boxed elementor-section-height-default elementor-section-height-default\" data-id=\"fdf30dd\" data-element_type=\"section\" data-e-type=\"section\">\n\t\t\t\t\t\t<div class=\"elementor-container elementor-column-gap-default\">\n\t\t\t\t\t<div class=\"elementor-column elementor-col-100 elementor-top-column elementor-element elementor-element-8eb66dc\" data-id=\"8eb66dc\" data-element_type=\"column\" data-e-type=\"column\">\n\t\t\t<div class=\"elementor-widget-wrap elementor-element-populated\">\n\t\t\t\t\t\t<div class=\"elementor-element elementor-element-a4bab3a elementor-widget elementor-widget-heading\" data-id=\"a4bab3a\" data-element_type=\"widget\" data-e-type=\"widget\" data-widget_type=\"heading.default\">\n\t\t\t\t<div class=\"elementor-widget-container\">\n\t\t\t\t\t<h1 class=\"elementor-heading-title elementor-size-default\">Wir sind der umweltfreundlichste Spielehersteller der nordischen L\u00e4nder.<\/h1>\t\t\t\t<\/div>\n\t\t\t\t<\/div>\n\t\t\t\t\t<\/div>\n\t\t<\/div>\n\t\t\t\t\t<\/div>\n\t\t<\/section>\n\t\t\t\t<section class=\"elementor-section elementor-top-section elementor-element elementor-element-3107b84 elementor-section-boxed elementor-section-height-default elementor-section-height-default\" data-id=\"3107b84\" data-element_type=\"section\" data-e-type=\"section\">\n\t\t\t\t\t\t<div class=\"elementor-container elementor-column-gap-default\">\n\t\t\t\t\t<div class=\"elementor-column elementor-col-100 elementor-top-column elementor-element elementor-element-06565f9\" data-id=\"06565f9\" data-element_type=\"column\" data-e-type=\"column\">\n\t\t\t<div class=\"elementor-widget-wrap elementor-element-populated\">\n\t\t\t\t\t\t<div class=\"elementor-element elementor-element-7ec8949 elementor-widget elementor-widget-text-editor\" data-id=\"7ec8949\" data-element_type=\"widget\" data-e-type=\"widget\" data-widget_type=\"text-editor.default\">\n\t\t\t\t<div class=\"elementor-widget-container\">\n\t\t\t\t\t\t\t\t\t<p>Verantwortung bedeutet, konkretes Handeln angefangen bei der Produktion bis hin zum Spieletisch. Wir sind stolz auf unsere wertvollen, hohen Nordischen Qualit\u00e4tsstandards, auf unser Spezialk\u00f6nnen und unser Umweltbewustsein.<\/p>\n<p>Finnisches Design garantiert Best\u00e4ndigkeit, sowohl was zeitliche als auch materielle Nutzung betrifft. Dies gilt auch f\u00fcr unsere Spiele und Spielzeugwaren. In unserer Produktion werden recycelte Karton und Kunststoffe eingesesetzt. Bereits bei der Planung ist unsere Mission, unn\u00f6tige Plastikverpackungen zu vermeiden. Wir bieten eine R\u00fcckverfolgbarkeit aller Materialien unserer Produktion sowie genaue CO2-Bilanz und garantierten eine schnelle, sichere Zustellung direkt aus unserem Lager in Pori, Finnland.<\/p>\n<p><span style=\"color: #333333;\">Unsere ethischen Prinzipien bringen ein hohes Bewusstsein gegen\u00fcber der Umwelt, Produktion, technische Qualit\u00e4tsanforderungen, Menschlichkeit und Arbeitsplatzbeschaffung. Wir besch\u00e4ftigen \u00fcber 100 Mitarbeiter, und achten als verantwortungsbewusster Arbeitgeber sowohl auf die Qualit\u00e4t unserer Produkte als auch auf die Arbeitsbedingungen. <\/span><\/p>\n<p><span style=\"color: #333333;\">Alle unsere Subunternehmer inklusive der gesamten Lieferungskette haben sich zu unseren ethischen Grunds\u00e4tzen verpflichtet. <\/span><\/p>\n<p><span style=\"color: #333333;\">Wir sind stolz auf unsere Zusammenarbeitsprojekte mit den lokalen Betrieben. Zusammen sind wir st\u00e4rker. <\/span><\/p>\n\t\t\t\t\t\t\t\t<\/div>\n\t\t\t\t<\/div>\n\t\t\t\t<div class=\"elementor-element elementor-element-928ca0a elementor-widget-divider--view-line elementor-widget elementor-widget-divider\" data-id=\"928ca0a\" data-element_type=\"widget\" data-e-type=\"widget\" data-widget_type=\"divider.default\">\n\t\t\t\t<div class=\"elementor-widget-container\">\n\t\t\t\t\t\t\t<div class=\"elementor-divider\">\n\t\t\t<span class=\"elementor-divider-separator\">\n\t\t\t\t\t\t<\/span>\n\t\t<\/div>\n\t\t\t\t\t\t<\/div>\n\t\t\t\t<\/div>\n\t\t\t\t\t<\/div>\n\t\t<\/div>\n\t\t\t\t\t<\/div>\n\t\t<\/section>\n\t\t\t\t<section class=\"elementor-section elementor-top-section elementor-element elementor-element-a9e4ce1 elementor-section-boxed elementor-section-height-default elementor-section-height-default\" data-id=\"a9e4ce1\" data-element_type=\"section\" data-e-type=\"section\">\n\t\t\t\t\t\t<div class=\"elementor-container elementor-column-gap-default\">\n\t\t\t\t\t<div class=\"elementor-column elementor-col-33 elementor-top-column elementor-element elementor-element-a118fa7\" data-id=\"a118fa7\" data-element_type=\"column\" data-e-type=\"column\">\n\t\t\t<div class=\"elementor-widget-wrap elementor-element-populated\">\n\t\t\t\t\t\t<div class=\"elementor-element elementor-element-60c7337 elementor-widget elementor-widget-image\" data-id=\"60c7337\" data-element_type=\"widget\" data-e-type=\"widget\" data-widget_type=\"image.default\">\n\t\t\t\t<div class=\"elementor-widget-container\">\n\t\t\t\t\t\t\t\t\t\t\t\t\t\t\t<img decoding=\"async\" width=\"140\" height=\"200\" src=\"https:\/\/games.tactic.net\/wp-content\/uploads\/2020\/03\/avainlippu.png\" class=\"attachment-medium size-medium wp-image-55195\" alt=\"\" \/>\t\t\t\t\t\t\t\t\t\t\t\t\t\t\t<\/div>\n\t\t\t\t<\/div>\n\t\t\t\t\t<\/div>\n\t\t<\/div>\n\t\t\t\t<div class=\"elementor-column elementor-col-66 elementor-top-column elementor-element elementor-element-7a0fb4e\" data-id=\"7a0fb4e\" data-element_type=\"column\" data-e-type=\"column\">\n\t\t\t<div class=\"elementor-widget-wrap elementor-element-populated\">\n\t\t\t\t\t\t<div class=\"elementor-element elementor-element-8e2ef6c elementor-widget elementor-widget-text-editor\" data-id=\"8e2ef6c\" data-element_type=\"widget\" data-e-type=\"widget\" data-widget_type=\"text-editor.default\">\n\t\t\t\t<div class=\"elementor-widget-container\">\n\t\t\t\t\t\t\t\t\t<p><strong>Made in Finland<\/strong><\/p>\n<p>Das Finnische Schl\u00fcsselflaggensymbol regt zum Nachdenke \u00fcber den Erwerb unserer Produkte an. In Finnland hergestellte Artikel stehen f\u00fcr ethische, \u00f6kologische und verantwortungsbewusste Kaufentscheidung. Unsere Brettspiele wurden von Finnischen Spezialisten designt und in eigener Werkstatt im finnischen Pori hergestellt. Produkte &#8222;made in Finland&#8220; haben eine weit gr\u00f6ssere Transperenz als Billigprodukte. Ihre Wahl z\u00e4hlt \u2013 Spielen Sie fair wie die Finnen!<\/p>\n<p>Weiterlesen! <a href=\"https:\/\/suomalainentyo.fi\/en\/\" target=\"_blank\" rel=\"noopener\">&gt;&gt;&gt;suomalainentyo.fi\/en<\/a><\/p>\n\t\t\t\t\t\t\t\t<\/div>\n\t\t\t\t<\/div>\n\t\t\t\t\t<\/div>\n\t\t<\/div>\n\t\t\t\t\t<\/div>\n\t\t<\/section>\n\t\t\t\t<section class=\"elementor-section elementor-top-section elementor-element elementor-element-a471799 elementor-section-boxed elementor-section-height-default elementor-section-height-default\" data-id=\"a471799\" data-element_type=\"section\" data-e-type=\"section\">\n\t\t\t\t\t\t<div class=\"elementor-container elementor-column-gap-default\">\n\t\t\t\t\t<div class=\"elementor-column elementor-col-100 elementor-top-column elementor-element elementor-element-c49e79f\" data-id=\"c49e79f\" data-element_type=\"column\" data-e-type=\"column\">\n\t\t\t<div class=\"elementor-widget-wrap elementor-element-populated\">\n\t\t\t\t\t\t<div class=\"elementor-element elementor-element-9bb035f elementor-widget-divider--view-line elementor-widget elementor-widget-divider\" data-id=\"9bb035f\" data-element_type=\"widget\" data-e-type=\"widget\" data-widget_type=\"divider.default\">\n\t\t\t\t<div class=\"elementor-widget-container\">\n\t\t\t\t\t\t\t<div class=\"elementor-divider\">\n\t\t\t<span class=\"elementor-divider-separator\">\n\t\t\t\t\t\t<\/span>\n\t\t<\/div>\n\t\t\t\t\t\t<\/div>\n\t\t\t\t<\/div>\n\t\t\t\t\t<\/div>\n\t\t<\/div>\n\t\t\t\t\t<\/div>\n\t\t<\/section>\n\t\t\t\t<section class=\"elementor-section elementor-top-section elementor-element elementor-element-6164b06 elementor-section-boxed elementor-section-height-default elementor-section-height-default\" data-id=\"6164b06\" data-element_type=\"section\" data-e-type=\"section\">\n\t\t\t\t\t\t<div class=\"elementor-container elementor-column-gap-default\">\n\t\t\t\t\t<div class=\"elementor-column elementor-col-100 elementor-top-column elementor-element elementor-element-18df893\" data-id=\"18df893\" data-element_type=\"column\" data-e-type=\"column\">\n\t\t\t<div class=\"elementor-widget-wrap elementor-element-populated\">\n\t\t\t\t\t\t<div class=\"elementor-element elementor-element-8dd9d3e elementor-widget elementor-widget-heading\" data-id=\"8dd9d3e\" data-element_type=\"widget\" data-e-type=\"widget\" data-widget_type=\"heading.default\">\n\t\t\t\t<div class=\"elementor-widget-container\">\n\t\t\t\t\t<h1 class=\"elementor-heading-title elementor-size-default\">Menschen hinter den Spielen<\/h1>\t\t\t\t<\/div>\n\t\t\t\t<\/div>\n\t\t\t\t\t<\/div>\n\t\t<\/div>\n\t\t\t\t\t<\/div>\n\t\t<\/section>\n\t\t\t\t<section class=\"elementor-section elementor-top-section elementor-element elementor-element-414e36a elementor-section-boxed elementor-section-height-default elementor-section-height-default\" data-id=\"414e36a\" data-element_type=\"section\" data-e-type=\"section\">\n\t\t\t\t\t\t<div class=\"elementor-container elementor-column-gap-default\">\n\t\t\t\t\t<div class=\"elementor-column elementor-col-100 elementor-top-column elementor-element elementor-element-79fa9ec\" data-id=\"79fa9ec\" data-element_type=\"column\" data-e-type=\"column\">\n\t\t\t<div class=\"elementor-widget-wrap elementor-element-populated\">\n\t\t\t\t\t\t<div class=\"elementor-element elementor-element-c11975f elementor-skin-carousel elementor-arrows-yes elementor-pagination-type-bullets elementor-pagination-position-outside elementor-widget elementor-widget-media-carousel\" data-id=\"c11975f\" data-element_type=\"widget\" data-e-type=\"widget\" data-settings=\"{&quot;skin&quot;:&quot;carousel&quot;,&quot;effect&quot;:&quot;slide&quot;,&quot;show_arrows&quot;:&quot;yes&quot;,&quot;pagination&quot;:&quot;bullets&quot;,&quot;speed&quot;:500,&quot;loop&quot;:&quot;yes&quot;,&quot;space_between&quot;:{&quot;unit&quot;:&quot;px&quot;,&quot;size&quot;:10,&quot;sizes&quot;:[]},&quot;space_between_tablet&quot;:{&quot;unit&quot;:&quot;px&quot;,&quot;size&quot;:10,&quot;sizes&quot;:[]},&quot;space_between_mobile&quot;:{&quot;unit&quot;:&quot;px&quot;,&quot;size&quot;:10,&quot;sizes&quot;:[]}}\" data-widget_type=\"media-carousel.default\">\n\t\t\t\t<div class=\"elementor-widget-container\">\n\t\t\t\t\t\t\t\t\t<div class=\"elementor-swiper\">\n\t\t\t\t\t<div class=\"elementor-main-swiper swiper\" role=\"region\" aria-roledescription=\"carousel\" aria-label=\"Slider\">\n\t\t\t\t<div class=\"swiper-wrapper\">\n\t\t\t\t\t\t\t\t\t\t\t<div class=\"swiper-slide\" role=\"group\" aria-roledescription=\"slide\">\n\t\t\t\t\t\t\t<a href=\"https:\/\/games.tactic.net\/wp-content\/uploads\/2020\/04\/Tactic_henkil\u00f6kunta_2017_2-1024x746-1.jpg\" data-elementor-open-lightbox=\"yes\" data-elementor-lightbox-slideshow=\"c11975f\" data-e-action-hash=\"#elementor-action%3Aaction%3Dlightbox%26settings%3DeyJpZCI6NDY2MzQsInVybCI6Imh0dHBzOlwvXC9nYW1lcy50YWN0aWMubmV0XC93cC1jb250ZW50XC91cGxvYWRzXC8yMDIwXC8wNFwvVGFjdGljX2hlbmtpbFx1MDBmNmt1bnRhXzIwMTdfMi0xMDI0eDc0Ni0xLmpwZyIsInNsaWRlc2hvdyI6ImMxMTk3NWYifQ%3D%3D\">\t\t<div class=\"elementor-carousel-image\" role=\"img\" aria-label=\"Tactic_henkil\u00f6kunta_2017_2-1024x746\" style=\"background-image: url(&#039;https:\/\/games.tactic.net\/wp-content\/uploads\/2020\/04\/Tactic_henkil\u00f6kunta_2017_2-1024x746-1.jpg&#039;)\">\n\n\t\t\t\n\t\t\t\t\t<\/div>\n\t\t<\/a>\t\t\t\t\t\t<\/div>\n\t\t\t\t\t\t\t\t\t\t\t<div class=\"swiper-slide\" role=\"group\" aria-roledescription=\"slide\">\n\t\t\t\t\t\t\t<a href=\"https:\/\/games.tactic.net\/wp-content\/uploads\/2020\/02\/ihmisetpelientakana.png\" data-elementor-open-lightbox=\"yes\" data-elementor-lightbox-slideshow=\"c11975f\" data-e-action-hash=\"#elementor-action%3Aaction%3Dlightbox%26settings%3DeyJpZCI6MTAzOTgsInVybCI6Imh0dHBzOlwvXC9nYW1lcy50YWN0aWMubmV0XC93cC1jb250ZW50XC91cGxvYWRzXC8yMDIwXC8wMlwvaWhtaXNldHBlbGllbnRha2FuYS5wbmciLCJzbGlkZXNob3ciOiJjMTE5NzVmIn0%3D\" data-elementor-lightbox-video=\"https:\/\/www.youtube.com\/embed\/sRlEAAN1QXw?feature=oembed&amp;autoplay=1&amp;rel=0&amp;controls=0\">\t\t<div class=\"elementor-carousel-image\" role=\"img\" aria-label=\"Ihmiset pelien takana\" style=\"background-image: url(&#039;https:\/\/games.tactic.net\/wp-content\/uploads\/2020\/02\/ihmisetpelientakana.png&#039;)\">\n\n\t\t\t\n\t\t\t\t\t\t\t<div class=\"elementor-custom-embed-play\">\n\t\t\t\t\t<i aria-hidden=\"true\" class=\"eicon-play\"><\/i>\t\t\t\t\t<span class=\"elementor-screen-only\">Abspielen<\/span>\n\t\t\t\t<\/div>\n\t\t\t\t\t<\/div>\n\t\t<\/a>\t\t\t\t\t\t<\/div>\n\t\t\t\t\t\t\t\t\t<\/div>\n\t\t\t\t\t\t\t\t\t\t\t\t\t\t\t<div class=\"elementor-swiper-button elementor-swiper-button-prev\" role=\"button\" tabindex=\"0\" aria-label=\"Voriger\">\n\t\t\t\t\t\t\t<i aria-hidden=\"true\" class=\"eicon-chevron-left\"><\/i>\t\t\t\t\t\t<\/div>\n\t\t\t\t\t\t<div class=\"elementor-swiper-button elementor-swiper-button-next\" role=\"button\" tabindex=\"0\" aria-label=\"N\u00e4chster\">\n\t\t\t\t\t\t\t<i aria-hidden=\"true\" class=\"eicon-chevron-right\"><\/i>\t\t\t\t\t\t<\/div>\n\t\t\t\t\t\t\t\t\t\t\t\t\t\t\t\t<div class=\"swiper-pagination\"><\/div>\n\t\t\t\t\t\t\t\t\t\t\t\t<\/div>\n\t\t\t\t<\/div>\n\t\t\t\t\t\t\t\t<\/div>\n\t\t\t\t<\/div>\n\t\t\t\t\t<\/div>\n\t\t<\/div>\n\t\t\t\t\t<\/div>\n\t\t<\/section>\n\t\t\t\t<section class=\"elementor-section elementor-top-section elementor-element elementor-element-89ed565 elementor-section-boxed elementor-section-height-default elementor-section-height-default\" data-id=\"89ed565\" data-element_type=\"section\" data-e-type=\"section\">\n\t\t\t\t\t\t<div class=\"elementor-container elementor-column-gap-default\">\n\t\t\t\t\t<div class=\"elementor-column elementor-col-100 elementor-top-column elementor-element elementor-element-3c09338\" data-id=\"3c09338\" data-element_type=\"column\" data-e-type=\"column\">\n\t\t\t<div class=\"elementor-widget-wrap elementor-element-populated\">\n\t\t\t\t\t\t<div class=\"elementor-element elementor-element-78c6999 elementor-widget elementor-widget-spacer\" data-id=\"78c6999\" data-element_type=\"widget\" data-e-type=\"widget\" data-widget_type=\"spacer.default\">\n\t\t\t\t<div class=\"elementor-widget-container\">\n\t\t\t\t\t\t\t<div class=\"elementor-spacer\">\n\t\t\t<div class=\"elementor-spacer-inner\"><\/div>\n\t\t<\/div>\n\t\t\t\t\t\t<\/div>\n\t\t\t\t<\/div>\n\t\t\t\t\t<\/div>\n\t\t<\/div>\n\t\t\t\t\t<\/div>\n\t\t<\/section>\n\t\t\t\t<\/div>\n\t\t","protected":false},"excerpt":{"rendered":"<p>Verantwortung Wir sind der umweltfreundlichste Spielehersteller der nordischen L\u00e4nder. Verantwortung bedeutet, konkretes Handeln angefangen bei der Produktion bis hin zum Spieletisch. Wir sind stolz auf unsere wertvollen, hohen Nordischen Qualit\u00e4tsstandards, auf unser Spezialk\u00f6nnen und unser Umweltbewustsein. Finnisches Design garantiert Best\u00e4ndigkeit, sowohl was zeitliche als auch materielle Nutzung betrifft. Dies gilt auch f\u00fcr unsere Spiele und [&hellip;]<\/p>\n","protected":false},"author":2,"featured_media":0,"parent":55183,"menu_order":2,"comment_status":"closed","ping_status":"closed","template":"","meta":{"content-type":"","_monsterinsights_skip_tracking":false,"_monsterinsights_sitenote_active":false,"_monsterinsights_sitenote_note":"","_monsterinsights_sitenote_category":0,"footnotes":""},"class_list":["post-55194","page","type-page","status-publish","hentry"],"aioseo_notices":[],"_links":{"self":[{"href":"https:\/\/games.tactic.net\/de\/wp-json\/wp\/v2\/pages\/55194","targetHints":{"allow":["GET"]}}],"collection":[{"href":"https:\/\/games.tactic.net\/de\/wp-json\/wp\/v2\/pages"}],"about":[{"href":"https:\/\/games.tactic.net\/de\/wp-json\/wp\/v2\/types\/page"}],"author":[{"embeddable":true,"href":"https:\/\/games.tactic.net\/de\/wp-json\/wp\/v2\/users\/2"}],"replies":[{"embeddable":true,"href":"https:\/\/games.tactic.net\/de\/wp-json\/wp\/v2\/comments?post=55194"}],"version-history":[{"count":5,"href":"https:\/\/games.tactic.net\/de\/wp-json\/wp\/v2\/pages\/55194\/revisions"}],"predecessor-version":[{"id":55469,"href":"https:\/\/games.tactic.net\/de\/wp-json\/wp\/v2\/pages\/55194\/revisions\/55469"}],"up":[{"embeddable":true,"href":"https:\/\/games.tactic.net\/de\/wp-json\/wp\/v2\/pages\/55183"}],"wp:attachment":[{"href":"https:\/\/games.tactic.net\/de\/wp-json\/wp\/v2\/media?parent=55194"}],"curies":[{"name":"wp","href":"https:\/\/api.w.org\/{rel}","templated":true}]}}