{"id":55191,"date":"2020-04-09T09:26:12","date_gmt":"2020-04-09T06:26:12","guid":{"rendered":"https:\/\/dev.tactic.net\/tactic\/tapa-toimia\/"},"modified":"2021-01-19T09:01:01","modified_gmt":"2021-01-19T07:01:01","slug":"tapa-toimia","status":"publish","type":"page","link":"https:\/\/games.tactic.net\/de\/tactic\/tapa-toimia\/","title":{"rendered":"Verhaltensregeln"},"content":{"rendered":"\t\t<div data-elementor-type=\"wp-page\" data-elementor-id=\"55191\" class=\"elementor elementor-55191 elementor-46488\" data-elementor-post-type=\"page\">\n\t\t\t\t\t\t<section class=\"elementor-section elementor-top-section elementor-element elementor-element-74a0cd0 elementor-section-boxed elementor-section-height-default elementor-section-height-default\" data-id=\"74a0cd0\" data-element_type=\"section\" data-e-type=\"section\">\n\t\t\t\t\t\t<div class=\"elementor-container elementor-column-gap-default\">\n\t\t\t\t\t<div class=\"elementor-column elementor-col-100 elementor-top-column elementor-element elementor-element-a911790\" data-id=\"a911790\" data-element_type=\"column\" data-e-type=\"column\">\n\t\t\t<div class=\"elementor-widget-wrap elementor-element-populated\">\n\t\t\t\t\t\t<div class=\"elementor-element elementor-element-5293031 elementor-widget elementor-widget-heading\" data-id=\"5293031\" data-element_type=\"widget\" data-e-type=\"widget\" data-widget_type=\"heading.default\">\n\t\t\t\t<div class=\"elementor-widget-container\">\n\t\t\t\t\t<h2 class=\"elementor-heading-title elementor-size-default\">Verhaltensregeln<\/h2>\t\t\t\t<\/div>\n\t\t\t\t<\/div>\n\t\t\t\t\t<\/div>\n\t\t<\/div>\n\t\t\t\t\t<\/div>\n\t\t<\/section>\n\t\t\t\t<section class=\"elementor-section elementor-top-section elementor-element elementor-element-ebcd2a2 elementor-section-boxed elementor-section-height-default elementor-section-height-default\" data-id=\"ebcd2a2\" data-element_type=\"section\" data-e-type=\"section\">\n\t\t\t\t\t\t<div class=\"elementor-container elementor-column-gap-default\">\n\t\t\t\t\t<div class=\"elementor-column elementor-col-100 elementor-top-column elementor-element elementor-element-ade44e2\" data-id=\"ade44e2\" data-element_type=\"column\" data-e-type=\"column\">\n\t\t\t<div class=\"elementor-widget-wrap elementor-element-populated\">\n\t\t\t\t\t\t<div class=\"elementor-element elementor-element-cb7c951 elementor-widget elementor-widget-heading\" data-id=\"cb7c951\" data-element_type=\"widget\" data-e-type=\"widget\" data-widget_type=\"heading.default\">\n\t\t\t\t<div class=\"elementor-widget-container\">\n\t\t\t\t\t<h1 class=\"elementor-heading-title elementor-size-default\">Wir machen Spiele von Herzen. <\/h1>\t\t\t\t<\/div>\n\t\t\t\t<\/div>\n\t\t\t\t\t<\/div>\n\t\t<\/div>\n\t\t\t\t\t<\/div>\n\t\t<\/section>\n\t\t\t\t<section class=\"elementor-section elementor-top-section elementor-element elementor-element-686c801 elementor-section-boxed elementor-section-height-default elementor-section-height-default\" data-id=\"686c801\" data-element_type=\"section\" data-e-type=\"section\">\n\t\t\t\t\t\t<div class=\"elementor-container elementor-column-gap-default\">\n\t\t\t\t\t<div class=\"elementor-column elementor-col-100 elementor-top-column elementor-element elementor-element-79338bb\" data-id=\"79338bb\" data-element_type=\"column\" data-e-type=\"column\">\n\t\t\t<div class=\"elementor-widget-wrap elementor-element-populated\">\n\t\t\t\t\t\t<div class=\"elementor-element elementor-element-92be930 elementor-widget elementor-widget-text-editor\" data-id=\"92be930\" data-element_type=\"widget\" data-e-type=\"widget\" data-widget_type=\"text-editor.default\">\n\t\t\t\t<div class=\"elementor-widget-container\">\n\t\t\t\t\t\t\t\t\t<p>Unsere Prinzipien bei Tactic sind dieselben geblieben wie zu Beginn. Wir m\u00f6chten Familien und Freunden gemeinsam erlebte Momente bieten, die zu wertvollen Erinnerungen werden. Wir streben nach wie vor danach, lebhafte finnische Spiele und Spielzeugwaren zu entwickeln.<\/p>\n<p>Unsere Qualit\u00e4tsprodukte wurden mit viel Liebe hergestellt, wie man es f\u00fcr seine eigene Familie tut. In Zeiten wie diesen hat gemeinsames Zusammensein mit Familie und Freunden mehr Wert denn je. Im Zentrum unserer Produktion stehen Verantwortungsbewusstsein, sowie ethisches und umweltbewusstes Handeln.<\/p>\n<p>Unsere Finnischen Wurzeln tragen einen wichtigen Stellenwert. Wir sind stolz \u00fcber die Tatsache, dass alle unsere Produkte zum Grossteil in Finnland hergestellt und die Brettspiele werden alle im finnischen Pori produziert werden. Wir z\u00e4hlen zu den wesentlichen Arbeitgebern und Einflusstr\u00e4gern zur St\u00e4rkung der regionalen Wettbewerbsf\u00e4higkeit.<\/p>\n\t\t\t\t\t\t\t\t<\/div>\n\t\t\t\t<\/div>\n\t\t\t\t\t<\/div>\n\t\t<\/div>\n\t\t\t\t\t<\/div>\n\t\t<\/section>\n\t\t\t\t<section class=\"elementor-section elementor-top-section elementor-element elementor-element-5fc610e elementor-section-boxed elementor-section-height-default elementor-section-height-default\" data-id=\"5fc610e\" data-element_type=\"section\" data-e-type=\"section\">\n\t\t\t\t\t\t<div class=\"elementor-container elementor-column-gap-default\">\n\t\t\t\t\t<div class=\"elementor-column elementor-col-100 elementor-top-column elementor-element elementor-element-5ec5ebe\" data-id=\"5ec5ebe\" data-element_type=\"column\" data-e-type=\"column\">\n\t\t\t<div class=\"elementor-widget-wrap elementor-element-populated\">\n\t\t\t\t\t\t<div class=\"elementor-element elementor-element-f0f259e elementor-widget elementor-widget-heading\" data-id=\"f0f259e\" data-element_type=\"widget\" data-e-type=\"widget\" data-widget_type=\"heading.default\">\n\t\t\t\t<div class=\"elementor-widget-container\">\n\t\t\t\t\t<h3 class=\"elementor-heading-title elementor-size-default\">Werte weisen den Weg<\/h3>\t\t\t\t<\/div>\n\t\t\t\t<\/div>\n\t\t\t\t\t<\/div>\n\t\t<\/div>\n\t\t\t\t\t<\/div>\n\t\t<\/section>\n\t\t\t\t<section class=\"elementor-section elementor-top-section elementor-element elementor-element-ee46874 elementor-section-boxed elementor-section-height-default elementor-section-height-default\" data-id=\"ee46874\" data-element_type=\"section\" data-e-type=\"section\">\n\t\t\t\t\t\t<div class=\"elementor-container elementor-column-gap-default\">\n\t\t\t\t\t<div class=\"elementor-column elementor-col-100 elementor-top-column elementor-element elementor-element-df6751d\" data-id=\"df6751d\" data-element_type=\"column\" data-e-type=\"column\">\n\t\t\t<div class=\"elementor-widget-wrap elementor-element-populated\">\n\t\t\t\t\t\t<div class=\"elementor-element elementor-element-f620978 elementor-widget elementor-widget-text-editor\" data-id=\"f620978\" data-element_type=\"widget\" data-e-type=\"widget\" data-widget_type=\"text-editor.default\">\n\t\t\t\t<div class=\"elementor-widget-container\">\n\t\t\t\t\t\t\t\t\t<p><strong>Positive Werte<\/strong><br \/>\nWir m\u00f6chten mit unseren Spielen Freude verbreiten. Millionen von Menschen weltweit, Familien und Freunde, verbringen beim Brettspielen Mu\u00dfestunden.<\/p>\n<p><strong>Soziale F\u00e4higkeiten<\/strong><br \/>\nSpiele sind am besten, wenn sie in guter Gesellschaft genossen werden. Brettspiele f\u00f6rdern Ged\u00e4chtnis, Denken und strategische F\u00e4higkeiten bei Jung und Alt \u2013 und ersetzen die oft so langen Bildschirmzeiten.<\/p>\n<p><strong>Unterhaltung<\/strong><br \/>\nWir m\u00f6chten Menschen unterhalten. Und wir waren erfolgreich, wenn unsere Spiele immer und immer wieder gespielt werden, von einer Generation zur n\u00e4chsten.<\/p>\n<p><strong>Ehrlichkeit<\/strong><br \/>\nDie Finnischen Eigenschaften Ausdauer, genannt \u2018sisu\u2019 , sowie Ehrlichkeit leiten f\u00fchren uns auf unserem Weg im Umgang mit Kunden und Partnerndealing. Wir geben uns M\u00fche, aber auf faire Weise.<\/p>\n<p><strong>Verantwortung<\/strong><br \/>\nWir sind ein verantwortungsbewusstes Familienunternehmen. \u00d6kologisches Denken und Nachhaltigkeit stellen die Grundlagen unserer Produktionskette und einzelner Produkte dar.<\/p>\n\t\t\t\t\t\t\t\t<\/div>\n\t\t\t\t<\/div>\n\t\t\t\t<div class=\"elementor-element elementor-element-5767b67 elementor-widget elementor-widget-spacer\" data-id=\"5767b67\" data-element_type=\"widget\" data-e-type=\"widget\" data-widget_type=\"spacer.default\">\n\t\t\t\t<div class=\"elementor-widget-container\">\n\t\t\t\t\t\t\t<div class=\"elementor-spacer\">\n\t\t\t<div class=\"elementor-spacer-inner\"><\/div>\n\t\t<\/div>\n\t\t\t\t\t\t<\/div>\n\t\t\t\t<\/div>\n\t\t\t\t\t<\/div>\n\t\t<\/div>\n\t\t\t\t\t<\/div>\n\t\t<\/section>\n\t\t\t\t<\/div>\n\t\t","protected":false},"excerpt":{"rendered":"<p>Verhaltensregeln Wir machen Spiele von Herzen. Unsere Prinzipien bei Tactic sind dieselben geblieben wie zu Beginn. Wir m\u00f6chten Familien und Freunden gemeinsam erlebte Momente bieten, die zu wertvollen Erinnerungen werden. Wir streben nach wie vor danach, lebhafte finnische Spiele und Spielzeugwaren zu entwickeln. Unsere Qualit\u00e4tsprodukte wurden mit viel Liebe hergestellt, wie man es f\u00fcr seine [&hellip;]<\/p>\n","protected":false},"author":2,"featured_media":0,"parent":55183,"menu_order":1,"comment_status":"closed","ping_status":"closed","template":"","meta":{"content-type":"","_monsterinsights_skip_tracking":false,"_monsterinsights_sitenote_active":false,"_monsterinsights_sitenote_note":"","_monsterinsights_sitenote_category":0,"footnotes":""},"class_list":["post-55191","page","type-page","status-publish","hentry"],"aioseo_notices":[],"_links":{"self":[{"href":"https:\/\/games.tactic.net\/de\/wp-json\/wp\/v2\/pages\/55191","targetHints":{"allow":["GET"]}}],"collection":[{"href":"https:\/\/games.tactic.net\/de\/wp-json\/wp\/v2\/pages"}],"about":[{"href":"https:\/\/games.tactic.net\/de\/wp-json\/wp\/v2\/types\/page"}],"author":[{"embeddable":true,"href":"https:\/\/games.tactic.net\/de\/wp-json\/wp\/v2\/users\/2"}],"replies":[{"embeddable":true,"href":"https:\/\/games.tactic.net\/de\/wp-json\/wp\/v2\/comments?post=55191"}],"version-history":[{"count":2,"href":"https:\/\/games.tactic.net\/de\/wp-json\/wp\/v2\/pages\/55191\/revisions"}],"predecessor-version":[{"id":55193,"href":"https:\/\/games.tactic.net\/de\/wp-json\/wp\/v2\/pages\/55191\/revisions\/55193"}],"up":[{"embeddable":true,"href":"https:\/\/games.tactic.net\/de\/wp-json\/wp\/v2\/pages\/55183"}],"wp:attachment":[{"href":"https:\/\/games.tactic.net\/de\/wp-json\/wp\/v2\/media?parent=55191"}],"curies":[{"name":"wp","href":"https:\/\/api.w.org\/{rel}","templated":true}]}}