{"id":98147,"date":"2021-06-23T14:46:38","date_gmt":"2021-06-23T11:46:38","guid":{"rendered":"https:\/\/dev.tactic.net\/tuote\/kimble\/"},"modified":"2023-10-25T14:20:43","modified_gmt":"2023-10-25T11:20:43","slug":"kimble","status":"publish","type":"product","link":"https:\/\/games.tactic.net\/da\/tuote\/kimble\/","title":{"rendered":"Tactic Kimble board game"},"content":{"rendered":"<p>Tryk p\u00e5 terningen midt p\u00e5 spillepladen og ryk dine brikker. Den f\u00f8rste spiller, som har rykket alle sine brikker hele vejen rundt p\u00e5 spillepladen, er spillets vinder.<br \/>\nEn sp\u00e6ndende jagt mod m\u00e5l.<br \/>\nSpil og spildele er meget slidst\u00e6rke.<br \/>\nPerfekt balance mellem held og strategi.<\/p>\n","protected":false},"excerpt":{"rendered":"<p>Tryk p\u00e5 terningen midt p\u00e5 spillepladen og ryk dine brikker. Den f\u00f8rste spiller, som har rykket alle sine brikker hele vejen rundt p\u00e5 spillepladen, er spillets vinder.<\/p>\n","protected":false},"featured_media":0,"template":"","meta":{"content-type":"","_monsterinsights_skip_tracking":false,"_monsterinsights_sitenote_active":false,"_monsterinsights_sitenote_note":"","_monsterinsights_sitenote_category":0},"product_brand":[],"product_cat":[1455],"product_tag":[1250,1002,1237],"brand":[{"id":1001,"name":"Kimble","slug":"kimble-2"}],"target-group":[],"discontinued":[],"class_list":{"0":"post-98147","1":"product","2":"type-product","3":"status-publish","5":"product_cat-braetspil","6":"product_tag-faerdighed-da","7":"product_tag-held","8":"product_tag-strategi-da","9":"brand-kimble-2","11":"first","12":"instock","13":"taxable","14":"shipping-taxable","15":"product-type-simple"},"aioseo_notices":[],"_links":{"self":[{"href":"https:\/\/games.tactic.net\/da\/wp-json\/wp\/v2\/product\/98147","targetHints":{"allow":["GET"]}}],"collection":[{"href":"https:\/\/games.tactic.net\/da\/wp-json\/wp\/v2\/product"}],"about":[{"href":"https:\/\/games.tactic.net\/da\/wp-json\/wp\/v2\/types\/product"}],"wp:attachment":[{"href":"https:\/\/games.tactic.net\/da\/wp-json\/wp\/v2\/media?parent=98147"}],"wp:term":[{"taxonomy":"product_brand","embeddable":true,"href":"https:\/\/games.tactic.net\/da\/wp-json\/wp\/v2\/product_brand?post=98147"},{"taxonomy":"product_cat","embeddable":true,"href":"https:\/\/games.tactic.net\/da\/wp-json\/wp\/v2\/product_cat?post=98147"},{"taxonomy":"product_tag","embeddable":true,"href":"https:\/\/games.tactic.net\/da\/wp-json\/wp\/v2\/product_tag?post=98147"},{"taxonomy":"brand","embeddable":true,"href":"https:\/\/games.tactic.net\/da\/wp-json\/wp\/v2\/brand?post=98147"},{"taxonomy":"target-group","embeddable":true,"href":"https:\/\/games.tactic.net\/da\/wp-json\/wp\/v2\/target-group?post=98147"},{"taxonomy":"discontinued","embeddable":true,"href":"https:\/\/games.tactic.net\/da\/wp-json\/wp\/v2\/discontinued?post=98147"}],"curies":[{"name":"wp","href":"https:\/\/api.w.org\/{rel}","templated":true}]}}