{"id":92048,"date":"2021-06-23T12:31:51","date_gmt":"2021-06-23T09:31:51","guid":{"rendered":"https:\/\/dev.tactic.net\/tuote\/hoppesaek\/"},"modified":"2023-10-17T19:38:28","modified_gmt":"2023-10-17T16:38:28","slug":"hoppesaek","status":"publish","type":"product","link":"https:\/\/games.tactic.net\/da\/tuote\/hoppesaek\/","title":{"rendered":"Tactic Active Play Hoppes\u00e6k"},"content":{"rendered":"<p>G\u00f8r dig klar til et sjovt udend\u00f8rs hoppel\u00f8b.<\/p>\n","protected":false},"excerpt":{"rendered":"<p>G\u00f8r dig klar til et sjovt udend\u00f8rs hoppel\u00f8b.<\/p>\n","protected":false},"featured_media":0,"template":"","meta":{"content-type":"","_monsterinsights_skip_tracking":false,"_monsterinsights_sitenote_active":false,"_monsterinsights_sitenote_note":"","_monsterinsights_sitenote_category":0},"product_brand":[],"product_cat":[1627,1628],"product_tag":[1223,994],"brand":[],"target-group":[],"discontinued":[],"class_list":{"0":"post-92048","1":"product","2":"type-product","3":"status-publish","5":"product_cat-active-play-udendoers-spil","6":"product_cat-active-play-bornespil","7":"product_tag-aktive-da","8":"product_tag-sammen","10":"first","11":"outofstock","12":"taxable","13":"shipping-taxable","14":"product-type-simple"},"aioseo_notices":[],"_links":{"self":[{"href":"https:\/\/games.tactic.net\/da\/wp-json\/wp\/v2\/product\/92048","targetHints":{"allow":["GET"]}}],"collection":[{"href":"https:\/\/games.tactic.net\/da\/wp-json\/wp\/v2\/product"}],"about":[{"href":"https:\/\/games.tactic.net\/da\/wp-json\/wp\/v2\/types\/product"}],"wp:attachment":[{"href":"https:\/\/games.tactic.net\/da\/wp-json\/wp\/v2\/media?parent=92048"}],"wp:term":[{"taxonomy":"product_brand","embeddable":true,"href":"https:\/\/games.tactic.net\/da\/wp-json\/wp\/v2\/product_brand?post=92048"},{"taxonomy":"product_cat","embeddable":true,"href":"https:\/\/games.tactic.net\/da\/wp-json\/wp\/v2\/product_cat?post=92048"},{"taxonomy":"product_tag","embeddable":true,"href":"https:\/\/games.tactic.net\/da\/wp-json\/wp\/v2\/product_tag?post=92048"},{"taxonomy":"brand","embeddable":true,"href":"https:\/\/games.tactic.net\/da\/wp-json\/wp\/v2\/brand?post=92048"},{"taxonomy":"target-group","embeddable":true,"href":"https:\/\/games.tactic.net\/da\/wp-json\/wp\/v2\/target-group?post=92048"},{"taxonomy":"discontinued","embeddable":true,"href":"https:\/\/games.tactic.net\/da\/wp-json\/wp\/v2\/discontinued?post=92048"}],"curies":[{"name":"wp","href":"https:\/\/api.w.org\/{rel}","templated":true}]}}