{"id":917857,"date":"2023-10-16T12:18:36","date_gmt":"2023-10-16T09:18:36","guid":{"rendered":"https:\/\/games.tactic.net\/tuote\/tz-beast-machine-beast-mover-2-cars\/"},"modified":"2025-12-16T10:24:38","modified_gmt":"2025-12-16T08:24:38","slug":"tz-beast-machine-beast-mover-2-cars","status":"archive","type":"product","link":"https:\/\/games.tactic.net\/da\/tuote\/tz-beast-machine-beast-mover-2-cars\/","title":{"rendered":"Teamsterz Beast Machines Beast Mover and 2 toy cars"},"content":{"rendered":"<p>K\u00f8r dine foretrukne Beast Machine-biler fra sted til sted med denne Teamsterz Die Cast Beast Mover med 2 die-cast Beast Machine-k\u00f8ret\u00f8jer. Med de 2 med f\u00f8lgende biler kan du l\u00e6sse dine beast maskinbiler p\u00e5 transporteren med den nemme l\u00e6sserampe. De inkluderede k\u00f8ret\u00f8jer er ca. 7 cm skala og har en h\u00f8jkvalitets die-cast beistmaskinedetaljer og frit bev\u00e6gelige hjul. Hj\u00e6lper med at udvikle finmotorik og inspirerer til fantasifuld historiefort\u00e6lling. Velegnet til alderen 3 \u00e5r +<\/p>\n","protected":false},"excerpt":{"rendered":"<p>Beast Machines &#8211; Die Cast Beast Mover<\/p>\n","protected":false},"featured_media":0,"template":"","meta":{"content-type":"","_monsterinsights_skip_tracking":false,"_monsterinsights_sitenote_active":false,"_monsterinsights_sitenote_note":"","_monsterinsights_sitenote_category":0},"product_brand":[],"product_cat":[1615],"product_tag":[],"brand":[],"target-group":[],"discontinued":[],"class_list":{"0":"post-917857","1":"product","2":"type-product","3":"status-archive","5":"product_cat-teamsterz-legetoej","7":"first","8":"outofstock","9":"taxable","10":"shipping-taxable","11":"product-type-simple"},"aioseo_notices":[],"_links":{"self":[{"href":"https:\/\/games.tactic.net\/da\/wp-json\/wp\/v2\/product\/917857","targetHints":{"allow":["GET"]}}],"collection":[{"href":"https:\/\/games.tactic.net\/da\/wp-json\/wp\/v2\/product"}],"about":[{"href":"https:\/\/games.tactic.net\/da\/wp-json\/wp\/v2\/types\/product"}],"wp:attachment":[{"href":"https:\/\/games.tactic.net\/da\/wp-json\/wp\/v2\/media?parent=917857"}],"wp:term":[{"taxonomy":"product_brand","embeddable":true,"href":"https:\/\/games.tactic.net\/da\/wp-json\/wp\/v2\/product_brand?post=917857"},{"taxonomy":"product_cat","embeddable":true,"href":"https:\/\/games.tactic.net\/da\/wp-json\/wp\/v2\/product_cat?post=917857"},{"taxonomy":"product_tag","embeddable":true,"href":"https:\/\/games.tactic.net\/da\/wp-json\/wp\/v2\/product_tag?post=917857"},{"taxonomy":"brand","embeddable":true,"href":"https:\/\/games.tactic.net\/da\/wp-json\/wp\/v2\/brand?post=917857"},{"taxonomy":"target-group","embeddable":true,"href":"https:\/\/games.tactic.net\/da\/wp-json\/wp\/v2\/target-group?post=917857"},{"taxonomy":"discontinued","embeddable":true,"href":"https:\/\/games.tactic.net\/da\/wp-json\/wp\/v2\/discontinued?post=917857"}],"curies":[{"name":"wp","href":"https:\/\/api.w.org\/{rel}","templated":true}]}}