{"id":917349,"date":"2023-10-13T15:18:42","date_gmt":"2023-10-13T12:18:42","guid":{"rendered":"https:\/\/games.tactic.net\/tuote\/bruder-mb-sprinter-transfer-with-driver\/"},"modified":"2026-03-23T10:10:00","modified_gmt":"2026-03-23T08:10:00","slug":"bruder-mb-sprinter-transfer-with-driver","status":"archive","type":"product","link":"https:\/\/games.tactic.net\/da\/tuote\/bruder-mb-sprinter-transfer-with-driver\/","title":{"rendered":"Bruder Mercedes-Benz Sprinter Transfer med chauff\u00f8r leget\u00f8j"},"content":{"rendered":"<p>Sprinter Transfer d\u00e6kker n\u00e6sten uendelige anvendelser \u2013 fra skolebus og mandskabsvogn til lufthavnstransfer og komfortable rutebiler. Den nye Sprinter er nu med i BRUDERs program. F\u00f8rerd\u00f8r og bagd\u00f8re kan \u00e5bnes. Nyudviklet skyded\u00f8r i passagersiden er et s\u00e6rligt highlight. Interi\u00f8ret er fleksibelt: bags\u00e6derne kan vendes, flyttes eller fjernes. F\u00f8reren medf\u00f8lger. Alle bworld-figurer passer til.<\/p>\n","protected":false},"excerpt":{"rendered":"<p>Sprinter Transfer tilbyder mange anvendelsesmuligheder. Denne model leveres med chauff\u00f8r og kan leges med med det samme.<\/p>\n","protected":false},"featured_media":0,"template":"","meta":{"content-type":"","_monsterinsights_skip_tracking":false,"_monsterinsights_sitenote_active":false,"_monsterinsights_sitenote_note":"","_monsterinsights_sitenote_category":0},"product_brand":[],"product_cat":[1498],"product_tag":[],"brand":[],"target-group":[],"discontinued":[],"class_list":{"0":"post-917349","1":"product","2":"type-product","3":"status-archive","5":"product_cat-bruder-legetoej","7":"first","8":"outofstock","9":"taxable","10":"shipping-taxable","11":"product-type-simple"},"aioseo_notices":[],"_links":{"self":[{"href":"https:\/\/games.tactic.net\/da\/wp-json\/wp\/v2\/product\/917349","targetHints":{"allow":["GET"]}}],"collection":[{"href":"https:\/\/games.tactic.net\/da\/wp-json\/wp\/v2\/product"}],"about":[{"href":"https:\/\/games.tactic.net\/da\/wp-json\/wp\/v2\/types\/product"}],"wp:attachment":[{"href":"https:\/\/games.tactic.net\/da\/wp-json\/wp\/v2\/media?parent=917349"}],"wp:term":[{"taxonomy":"product_brand","embeddable":true,"href":"https:\/\/games.tactic.net\/da\/wp-json\/wp\/v2\/product_brand?post=917349"},{"taxonomy":"product_cat","embeddable":true,"href":"https:\/\/games.tactic.net\/da\/wp-json\/wp\/v2\/product_cat?post=917349"},{"taxonomy":"product_tag","embeddable":true,"href":"https:\/\/games.tactic.net\/da\/wp-json\/wp\/v2\/product_tag?post=917349"},{"taxonomy":"brand","embeddable":true,"href":"https:\/\/games.tactic.net\/da\/wp-json\/wp\/v2\/brand?post=917349"},{"taxonomy":"target-group","embeddable":true,"href":"https:\/\/games.tactic.net\/da\/wp-json\/wp\/v2\/target-group?post=917349"},{"taxonomy":"discontinued","embeddable":true,"href":"https:\/\/games.tactic.net\/da\/wp-json\/wp\/v2\/discontinued?post=917349"}],"curies":[{"name":"wp","href":"https:\/\/api.w.org\/{rel}","templated":true}]}}