{"id":832323,"date":"2023-09-29T11:51:58","date_gmt":"2023-09-29T08:51:58","guid":{"rendered":"https:\/\/games.tactic.net\/tuote\/bruder-man-tgs-truck-w-roll-off-containerschaffer-loader\/"},"modified":"2023-10-20T16:42:46","modified_gmt":"2023-10-20T13:42:46","slug":"bruder-man-tgs-truck-w-roll-off-containerschaffer-loader","status":"publish","type":"product","link":"https:\/\/games.tactic.net\/da\/tuote\/bruder-man-tgs-truck-w-roll-off-containerschaffer-loader\/","title":{"rendered":"Bruder MAN TGS Truck with roll off container &#038; Sch\u00e4ffer yard loader toy"},"content":{"rendered":"<p>MAN TGS er det perfekte allround-k\u00f8ret\u00f8j til byggepladser, langdistance-implementering og lokal distribution. Takket v\u00e6re et holdbart design, med kraftfulde motorer og en overgennemsnitlig nyttelast, er denne lastbil prototypen p\u00e5 det ofte beskrevne &#8220;all-round k\u00f8ret\u00f8j&#8221;. Det tofarvede f\u00f8rerhus har d\u00f8re, der kan \u00e5bnes for at give enhver bworld-figur en moderne arbejdsplads. Transportcontaineren har to drejelige h\u00e6ngslede d\u00f8re i enden og kan s\u00e6nkes og tages op igen bagved af gribearmen. N\u00e5r containeren st\u00e5r p\u00e5 gulvet, og d\u00f8rene er \u00e5bne, kan de mindre BRUDER-k\u00f8ret\u00f8jer endda k\u00f8re ind i containeren og derefter transporteres af containerbilen. Denne mulighed bruges meget ofte i virkeligheden p\u00e5 byggepladser, og sm\u00e5 bygherrer kan genskabe disse fleksible muligheder p\u00e5 b\u00f8rnev\u00e6relset. Den popul\u00e6re Schaeff g\u00e5rdl\u00e6sser er nu inkluderet i denne fantastiske kombination.<\/p>\n","protected":false},"excerpt":{"rendered":"<p>Bruder MAN TGS lastbil med &#8220;roll off&#8221;- container &#038; Sch\u00e4ffer g\u00e5rdl\u00e6sser.<\/p>\n","protected":false},"featured_media":0,"template":"","meta":{"content-type":"","_monsterinsights_skip_tracking":false,"_monsterinsights_sitenote_active":false,"_monsterinsights_sitenote_note":"","_monsterinsights_sitenote_category":0},"product_brand":[],"product_cat":[1498],"product_tag":[],"brand":[],"target-group":[],"discontinued":[],"class_list":{"0":"post-832323","1":"product","2":"type-product","3":"status-publish","5":"product_cat-bruder-legetoej","7":"first","8":"instock","9":"taxable","10":"shipping-taxable","11":"product-type-simple"},"aioseo_notices":[],"_links":{"self":[{"href":"https:\/\/games.tactic.net\/da\/wp-json\/wp\/v2\/product\/832323","targetHints":{"allow":["GET"]}}],"collection":[{"href":"https:\/\/games.tactic.net\/da\/wp-json\/wp\/v2\/product"}],"about":[{"href":"https:\/\/games.tactic.net\/da\/wp-json\/wp\/v2\/types\/product"}],"wp:attachment":[{"href":"https:\/\/games.tactic.net\/da\/wp-json\/wp\/v2\/media?parent=832323"}],"wp:term":[{"taxonomy":"product_brand","embeddable":true,"href":"https:\/\/games.tactic.net\/da\/wp-json\/wp\/v2\/product_brand?post=832323"},{"taxonomy":"product_cat","embeddable":true,"href":"https:\/\/games.tactic.net\/da\/wp-json\/wp\/v2\/product_cat?post=832323"},{"taxonomy":"product_tag","embeddable":true,"href":"https:\/\/games.tactic.net\/da\/wp-json\/wp\/v2\/product_tag?post=832323"},{"taxonomy":"brand","embeddable":true,"href":"https:\/\/games.tactic.net\/da\/wp-json\/wp\/v2\/brand?post=832323"},{"taxonomy":"target-group","embeddable":true,"href":"https:\/\/games.tactic.net\/da\/wp-json\/wp\/v2\/target-group?post=832323"},{"taxonomy":"discontinued","embeddable":true,"href":"https:\/\/games.tactic.net\/da\/wp-json\/wp\/v2\/discontinued?post=832323"}],"curies":[{"name":"wp","href":"https:\/\/api.w.org\/{rel}","templated":true}]}}