{"id":803147,"date":"2023-09-27T08:18:03","date_gmt":"2023-09-27T05:18:03","guid":{"rendered":"https:\/\/games.tactic.net\/tuote\/trendy-rainbow-tower\/"},"modified":"2023-10-25T14:01:12","modified_gmt":"2023-10-25T11:01:12","slug":"trendy-rainbow-tower","status":"publish","type":"product","link":"https:\/\/games.tactic.net\/da\/tuote\/trendy-rainbow-tower\/","title":{"rendered":"Tactic Trendy Rainbow Tower board game"},"content":{"rendered":"<p>Lad ikke t\u00e5rnet v\u00e6lte! I dette spil tr\u00e6kker spillerne forsigtigt blokke ud af t\u00e5rnet og placerer dem p\u00e5 toppen, men der er et farverigt spin! Terningen fort\u00e6ller dig, hvilken farveblok du skal flytte. Hold dine h\u00e6nder i ro og hovedet koldt, ellers f\u00e5r du m\u00e5ske bare t\u00e5rnet til at v\u00e6lte! &#8211; En elsket klassiker med et farverigt twist! &#8211; Perfekt til at l\u00e6re farvegenkendelse og rumlig bevidsthed. &#8211; Alle spildele i tr\u00e6!<\/p>\n","protected":false},"excerpt":{"rendered":"<p>Lad ikke t\u00e5rnet v\u00e6lte! I dette spil tr\u00e6kker spillerne forsigtigt blokke ud af t\u00e5rnet og placerer dem p\u00e5 toppen, men der er et farverigt spin! Terningen fort\u00e6ller dig, hvilken farveblok du skal flytte. Hold dine h\u00e6nder i ro og hovedet koldt, ellers f\u00e5r du m\u00e5ske bare t\u00e5rnet til at v\u00e6lte! &#8211; En elsket klassiker med [&hellip;]<\/p>\n","protected":false},"featured_media":0,"template":"","meta":{"content-type":"","_monsterinsights_skip_tracking":false,"_monsterinsights_sitenote_active":false,"_monsterinsights_sitenote_note":"","_monsterinsights_sitenote_category":0},"product_brand":[],"product_cat":[1574],"product_tag":[],"brand":[],"target-group":[],"discontinued":[],"class_list":{"0":"post-803147","1":"product","2":"type-product","3":"status-publish","5":"product_cat-boerne-braetspil","7":"first","8":"instock","9":"taxable","10":"shipping-taxable","11":"product-type-simple"},"aioseo_notices":[],"_links":{"self":[{"href":"https:\/\/games.tactic.net\/da\/wp-json\/wp\/v2\/product\/803147","targetHints":{"allow":["GET"]}}],"collection":[{"href":"https:\/\/games.tactic.net\/da\/wp-json\/wp\/v2\/product"}],"about":[{"href":"https:\/\/games.tactic.net\/da\/wp-json\/wp\/v2\/types\/product"}],"wp:attachment":[{"href":"https:\/\/games.tactic.net\/da\/wp-json\/wp\/v2\/media?parent=803147"}],"wp:term":[{"taxonomy":"product_brand","embeddable":true,"href":"https:\/\/games.tactic.net\/da\/wp-json\/wp\/v2\/product_brand?post=803147"},{"taxonomy":"product_cat","embeddable":true,"href":"https:\/\/games.tactic.net\/da\/wp-json\/wp\/v2\/product_cat?post=803147"},{"taxonomy":"product_tag","embeddable":true,"href":"https:\/\/games.tactic.net\/da\/wp-json\/wp\/v2\/product_tag?post=803147"},{"taxonomy":"brand","embeddable":true,"href":"https:\/\/games.tactic.net\/da\/wp-json\/wp\/v2\/brand?post=803147"},{"taxonomy":"target-group","embeddable":true,"href":"https:\/\/games.tactic.net\/da\/wp-json\/wp\/v2\/target-group?post=803147"},{"taxonomy":"discontinued","embeddable":true,"href":"https:\/\/games.tactic.net\/da\/wp-json\/wp\/v2\/discontinued?post=803147"}],"curies":[{"name":"wp","href":"https:\/\/api.w.org\/{rel}","templated":true}]}}