{"id":799596,"date":"2023-09-26T20:35:40","date_gmt":"2023-09-26T17:35:40","guid":{"rendered":"https:\/\/games.tactic.net\/tuote\/top-magic\/"},"modified":"2024-08-20T09:23:54","modified_gmt":"2024-08-20T06:23:54","slug":"top-magic","status":"archive","type":"product","link":"https:\/\/games.tactic.net\/da\/tuote\/top-magic\/","title":{"rendered":"Tactic Top Magic assortment magic trick"},"content":{"rendered":"<p>Imponerende trylleri. Top Magic er Tactics f\u00f8rste serie indenfor tricks og tryllerier for b\u00f8rn. Serien best\u00e5r af 6 forskellige \u00e6sker fuld af magi. L\u00e6r at lave imponerende korttricks og hvordan man f\u00e5r ting til at forsvinde, og overrask dine venner. Saml alle 6 \u00e6sker! 36 \u00e6sker i en samling!<\/p>\n","protected":false},"excerpt":{"rendered":"<p>Imponerende trylleri. Top Magic er Tactics f\u00f8rste serie indenfor tricks og tryllerier for b\u00f8rn. Serien best\u00e5r af 6 forskellige \u00e6sker fuld af magi. 36 \u00e6sker i en samling!<\/p>\n","protected":false},"featured_media":0,"template":"","meta":{"content-type":"","_monsterinsights_skip_tracking":false,"_monsterinsights_sitenote_active":false,"_monsterinsights_sitenote_note":"","_monsterinsights_sitenote_category":0},"product_brand":[],"product_cat":[1596],"product_tag":[],"brand":[],"target-group":[],"discontinued":[],"class_list":{"0":"post-799596","1":"product","2":"type-product","3":"status-archive","5":"product_cat-trylleri","7":"first","8":"outofstock","9":"taxable","10":"shipping-taxable","11":"product-type-simple"},"aioseo_notices":[],"_links":{"self":[{"href":"https:\/\/games.tactic.net\/da\/wp-json\/wp\/v2\/product\/799596","targetHints":{"allow":["GET"]}}],"collection":[{"href":"https:\/\/games.tactic.net\/da\/wp-json\/wp\/v2\/product"}],"about":[{"href":"https:\/\/games.tactic.net\/da\/wp-json\/wp\/v2\/types\/product"}],"wp:attachment":[{"href":"https:\/\/games.tactic.net\/da\/wp-json\/wp\/v2\/media?parent=799596"}],"wp:term":[{"taxonomy":"product_brand","embeddable":true,"href":"https:\/\/games.tactic.net\/da\/wp-json\/wp\/v2\/product_brand?post=799596"},{"taxonomy":"product_cat","embeddable":true,"href":"https:\/\/games.tactic.net\/da\/wp-json\/wp\/v2\/product_cat?post=799596"},{"taxonomy":"product_tag","embeddable":true,"href":"https:\/\/games.tactic.net\/da\/wp-json\/wp\/v2\/product_tag?post=799596"},{"taxonomy":"brand","embeddable":true,"href":"https:\/\/games.tactic.net\/da\/wp-json\/wp\/v2\/brand?post=799596"},{"taxonomy":"target-group","embeddable":true,"href":"https:\/\/games.tactic.net\/da\/wp-json\/wp\/v2\/target-group?post=799596"},{"taxonomy":"discontinued","embeddable":true,"href":"https:\/\/games.tactic.net\/da\/wp-json\/wp\/v2\/discontinued?post=799596"}],"curies":[{"name":"wp","href":"https:\/\/api.w.org\/{rel}","templated":true}]}}