{"id":798118,"date":"2023-09-26T14:27:16","date_gmt":"2023-09-26T11:27:16","guid":{"rendered":"https:\/\/games.tactic.net\/tuote\/collecta-rough-collie-l\/"},"modified":"2023-10-12T16:11:01","modified_gmt":"2023-10-12T13:11:01","slug":"collecta-rough-collie-l","status":"publish","type":"product","link":"https:\/\/games.tactic.net\/da\/tuote\/collecta-rough-collie-l\/","title":{"rendered":"CollectA Rough Collie L toy"},"content":{"rendered":"<p>Rough Collie, ogs\u00e5 kendt som Langh\u00e5ret Collie, i dag kendt som popul\u00e6r og meget aktiv familiehund. Typiske kendetegn er den langh\u00e5rede, grove yderpels og en ulden bl\u00f8d underuld, som danner en bem\u00e6rkelsesv\u00e6rdig rynke rundt om halsen. Ogs\u00e5 det buskede udseende ved bagparten er godt sk\u00e5ret ud i CollectA-modellen. \u00d8rerne formodes at v\u00e6re semi-prikkede, eller tippede, med den \u00f8verste tredjedel foldet over. Fra 3 \u00e5r. I Collectas udvalg kan du finde dyrefigurer lige fra dinosaurer til sm\u00e5 bondeg\u00e5rdsdyr. Der er leget\u00f8j i flere forskellige st\u00f8rrelser og egnet til enhver form for leg.<\/p>\n","protected":false},"excerpt":{"rendered":"<p>Collecta Rough Collie L &#8211; 9 x 6 cm.<\/p>\n","protected":false},"featured_media":0,"template":"","meta":{"content-type":"","_monsterinsights_skip_tracking":false,"_monsterinsights_sitenote_active":false,"_monsterinsights_sitenote_note":"","_monsterinsights_sitenote_category":0},"product_brand":[],"product_cat":[2199],"product_tag":[],"brand":[],"target-group":[],"discontinued":[],"class_list":{"0":"post-798118","1":"product","2":"type-product","3":"status-publish","5":"product_cat-collecta-legetoej","7":"first","8":"instock","9":"taxable","10":"shipping-taxable","11":"product-type-simple"},"aioseo_notices":[],"_links":{"self":[{"href":"https:\/\/games.tactic.net\/da\/wp-json\/wp\/v2\/product\/798118","targetHints":{"allow":["GET"]}}],"collection":[{"href":"https:\/\/games.tactic.net\/da\/wp-json\/wp\/v2\/product"}],"about":[{"href":"https:\/\/games.tactic.net\/da\/wp-json\/wp\/v2\/types\/product"}],"wp:attachment":[{"href":"https:\/\/games.tactic.net\/da\/wp-json\/wp\/v2\/media?parent=798118"}],"wp:term":[{"taxonomy":"product_brand","embeddable":true,"href":"https:\/\/games.tactic.net\/da\/wp-json\/wp\/v2\/product_brand?post=798118"},{"taxonomy":"product_cat","embeddable":true,"href":"https:\/\/games.tactic.net\/da\/wp-json\/wp\/v2\/product_cat?post=798118"},{"taxonomy":"product_tag","embeddable":true,"href":"https:\/\/games.tactic.net\/da\/wp-json\/wp\/v2\/product_tag?post=798118"},{"taxonomy":"brand","embeddable":true,"href":"https:\/\/games.tactic.net\/da\/wp-json\/wp\/v2\/brand?post=798118"},{"taxonomy":"target-group","embeddable":true,"href":"https:\/\/games.tactic.net\/da\/wp-json\/wp\/v2\/target-group?post=798118"},{"taxonomy":"discontinued","embeddable":true,"href":"https:\/\/games.tactic.net\/da\/wp-json\/wp\/v2\/discontinued?post=798118"}],"curies":[{"name":"wp","href":"https:\/\/api.w.org\/{rel}","templated":true}]}}