{"id":798033,"date":"2023-09-26T14:25:55","date_gmt":"2023-09-26T11:25:55","guid":{"rendered":"https:\/\/games.tactic.net\/tuote\/collecta-tinker-stallion-piebald-xl\/"},"modified":"2023-10-12T16:10:23","modified_gmt":"2023-10-12T13:10:23","slug":"collecta-tinker-stallion-piebald-xl","status":"publish","type":"product","link":"https:\/\/games.tactic.net\/da\/tuote\/collecta-tinker-stallion-piebald-xl\/","title":{"rendered":"CollectA Tinker Stallion Piebald XL toy"},"content":{"rendered":"<p>Tinkere er kraftige heste med fuld manke, et markant hovsk\u00e6g, kort ryg og store hove. Det typiske brogede pelsm\u00f8nster blev fremavlet m\u00e5lrettet omkring \u00e5r 1900. Tinkere blev f\u00f8rst betegnet \u201eskader\u201c. Racen er meget harmonisk og fredsommelig. Fra 3 \u00e5r. I Collectas udvalg kan du finde dyrefigurer lige fra dinosaurer til sm\u00e5 bondeg\u00e5rdsdyr. Der er leget\u00f8j i flere forskellige st\u00f8rrelser og egnet til enhver form for leg.<\/p>\n","protected":false},"excerpt":{"rendered":"<p>Collecta Tinker Stallion XL &#8211; 18 x 12,5 cm.<\/p>\n","protected":false},"featured_media":0,"template":"","meta":{"content-type":"","_monsterinsights_skip_tracking":false,"_monsterinsights_sitenote_active":false,"_monsterinsights_sitenote_note":"","_monsterinsights_sitenote_category":0},"product_brand":[],"product_cat":[2199],"product_tag":[],"brand":[],"target-group":[],"discontinued":[],"class_list":{"0":"post-798033","1":"product","2":"type-product","3":"status-publish","5":"product_cat-collecta-legetoej","7":"first","8":"instock","9":"taxable","10":"shipping-taxable","11":"product-type-simple"},"aioseo_notices":[],"_links":{"self":[{"href":"https:\/\/games.tactic.net\/da\/wp-json\/wp\/v2\/product\/798033","targetHints":{"allow":["GET"]}}],"collection":[{"href":"https:\/\/games.tactic.net\/da\/wp-json\/wp\/v2\/product"}],"about":[{"href":"https:\/\/games.tactic.net\/da\/wp-json\/wp\/v2\/types\/product"}],"wp:attachment":[{"href":"https:\/\/games.tactic.net\/da\/wp-json\/wp\/v2\/media?parent=798033"}],"wp:term":[{"taxonomy":"product_brand","embeddable":true,"href":"https:\/\/games.tactic.net\/da\/wp-json\/wp\/v2\/product_brand?post=798033"},{"taxonomy":"product_cat","embeddable":true,"href":"https:\/\/games.tactic.net\/da\/wp-json\/wp\/v2\/product_cat?post=798033"},{"taxonomy":"product_tag","embeddable":true,"href":"https:\/\/games.tactic.net\/da\/wp-json\/wp\/v2\/product_tag?post=798033"},{"taxonomy":"brand","embeddable":true,"href":"https:\/\/games.tactic.net\/da\/wp-json\/wp\/v2\/brand?post=798033"},{"taxonomy":"target-group","embeddable":true,"href":"https:\/\/games.tactic.net\/da\/wp-json\/wp\/v2\/target-group?post=798033"},{"taxonomy":"discontinued","embeddable":true,"href":"https:\/\/games.tactic.net\/da\/wp-json\/wp\/v2\/discontinued?post=798033"}],"curies":[{"name":"wp","href":"https:\/\/api.w.org\/{rel}","templated":true}]}}