{"id":797863,"date":"2023-09-26T14:23:14","date_gmt":"2023-09-26T11:23:14","guid":{"rendered":"https:\/\/games.tactic.net\/tuote\/collecta-friesian-stallion-xl\/"},"modified":"2023-10-12T16:09:06","modified_gmt":"2023-10-12T13:09:06","slug":"collecta-friesian-stallion-xl","status":"publish","type":"product","link":"https:\/\/games.tactic.net\/da\/tuote\/collecta-friesian-stallion-xl\/","title":{"rendered":"CollectA Friesian Stallion XL toy"},"content":{"rendered":"<p>Hans lange manke l\u00f8ber frodigt over ryggen, n\u00e5r han galopperer af sted. Den stolte frieserhingst er sort som natten, og med sin imponerende st\u00f8rrelse tiltr\u00e6kker han beundrende blikke, hvor han end g\u00e5r. . Denne store, st\u00e6rke hest har en mild personlighed og er meget p\u00e5lidelig. Frieserhingsten foretr\u00e6kker at holde sig t\u00e6t p\u00e5 mennesker, som han kan stole p\u00e5. Fra 3 \u00e5r. I Collectas udvalg kan du finde dyrefigurer lige fra dinosaurer til sm\u00e5 bondeg\u00e5rdsdyr. Der er leget\u00f8j i flere forskellige st\u00f8rrelser og egnet til enhver form for leg.<\/p>\n","protected":false},"excerpt":{"rendered":"<p>Collecta Friesian Stallion XL &#8211; 15,5 x 12,5 cm.<\/p>\n","protected":false},"featured_media":0,"template":"","meta":{"content-type":"","_monsterinsights_skip_tracking":false,"_monsterinsights_sitenote_active":false,"_monsterinsights_sitenote_note":"","_monsterinsights_sitenote_category":0},"product_brand":[],"product_cat":[2199],"product_tag":[],"brand":[],"target-group":[],"discontinued":[],"class_list":{"0":"post-797863","1":"product","2":"type-product","3":"status-publish","5":"product_cat-collecta-legetoej","7":"first","8":"instock","9":"taxable","10":"shipping-taxable","11":"product-type-simple"},"aioseo_notices":[],"_links":{"self":[{"href":"https:\/\/games.tactic.net\/da\/wp-json\/wp\/v2\/product\/797863","targetHints":{"allow":["GET"]}}],"collection":[{"href":"https:\/\/games.tactic.net\/da\/wp-json\/wp\/v2\/product"}],"about":[{"href":"https:\/\/games.tactic.net\/da\/wp-json\/wp\/v2\/types\/product"}],"wp:attachment":[{"href":"https:\/\/games.tactic.net\/da\/wp-json\/wp\/v2\/media?parent=797863"}],"wp:term":[{"taxonomy":"product_brand","embeddable":true,"href":"https:\/\/games.tactic.net\/da\/wp-json\/wp\/v2\/product_brand?post=797863"},{"taxonomy":"product_cat","embeddable":true,"href":"https:\/\/games.tactic.net\/da\/wp-json\/wp\/v2\/product_cat?post=797863"},{"taxonomy":"product_tag","embeddable":true,"href":"https:\/\/games.tactic.net\/da\/wp-json\/wp\/v2\/product_tag?post=797863"},{"taxonomy":"brand","embeddable":true,"href":"https:\/\/games.tactic.net\/da\/wp-json\/wp\/v2\/brand?post=797863"},{"taxonomy":"target-group","embeddable":true,"href":"https:\/\/games.tactic.net\/da\/wp-json\/wp\/v2\/target-group?post=797863"},{"taxonomy":"discontinued","embeddable":true,"href":"https:\/\/games.tactic.net\/da\/wp-json\/wp\/v2\/discontinued?post=797863"}],"curies":[{"name":"wp","href":"https:\/\/api.w.org\/{rel}","templated":true}]}}