{"id":797659,"date":"2023-09-26T14:19:53","date_gmt":"2023-09-26T11:19:53","guid":{"rendered":"https:\/\/games.tactic.net\/tuote\/collecta-siberian-tiger-xl\/"},"modified":"2023-10-12T16:07:14","modified_gmt":"2023-10-12T13:07:14","slug":"collecta-siberian-tiger-xl","status":"publish","type":"product","link":"https:\/\/games.tactic.net\/da\/tuote\/collecta-siberian-tiger-xl\/","title":{"rendered":"CollectA Siberian Tiger XL toy"},"content":{"rendered":"<p>Tigerens striber er lige s\u00e5 varierede og unikke som fingeraftryk. Selv huden under pelsen er stribet. Ved f\u00f8rste \u00f8jekast synes det p\u00e5faldende m\u00f8nster ikke at v\u00e6re nogen fordel. Tigeren \u00f8nsker trods alt ikke at blive opdaget af sit bytte med det samme. N\u00e5r tigeren g\u00e5r p\u00e5 jagt i tusm\u00f8rket, er den dog perfekt camoufleret med sine striber. S\u00e5 ligner de h\u00f8jt gr\u00e6s, der bev\u00e6ger sig i vinden, eller som flygtige skygger. I mods\u00e6tning til mange andre kattedyr og store katte, er tigeren god til at sv\u00f8mme, og den kan lide det. Derfor er vandet ikke sikkert for mange byttedyr. Fra 3 \u00e5r. I Collectas udvalg kan du finde dyrefigurer lige fra dinosaurer til sm\u00e5 bondeg\u00e5rdsdyr. Der er leget\u00f8j i flere forskellige st\u00f8rrelser og egnet til enhver form for leg.<\/p>\n","protected":false},"excerpt":{"rendered":"<p>Collecta Sibirisk tiger XL &#8211; 16,2 x 7 cm.<\/p>\n","protected":false},"featured_media":0,"template":"","meta":{"content-type":"","_monsterinsights_skip_tracking":false,"_monsterinsights_sitenote_active":false,"_monsterinsights_sitenote_note":"","_monsterinsights_sitenote_category":0},"product_brand":[],"product_cat":[2199],"product_tag":[],"brand":[],"target-group":[],"discontinued":[],"class_list":{"0":"post-797659","1":"product","2":"type-product","3":"status-publish","5":"product_cat-collecta-legetoej","7":"first","8":"instock","9":"taxable","10":"shipping-taxable","11":"product-type-simple"},"aioseo_notices":[],"_links":{"self":[{"href":"https:\/\/games.tactic.net\/da\/wp-json\/wp\/v2\/product\/797659","targetHints":{"allow":["GET"]}}],"collection":[{"href":"https:\/\/games.tactic.net\/da\/wp-json\/wp\/v2\/product"}],"about":[{"href":"https:\/\/games.tactic.net\/da\/wp-json\/wp\/v2\/types\/product"}],"wp:attachment":[{"href":"https:\/\/games.tactic.net\/da\/wp-json\/wp\/v2\/media?parent=797659"}],"wp:term":[{"taxonomy":"product_brand","embeddable":true,"href":"https:\/\/games.tactic.net\/da\/wp-json\/wp\/v2\/product_brand?post=797659"},{"taxonomy":"product_cat","embeddable":true,"href":"https:\/\/games.tactic.net\/da\/wp-json\/wp\/v2\/product_cat?post=797659"},{"taxonomy":"product_tag","embeddable":true,"href":"https:\/\/games.tactic.net\/da\/wp-json\/wp\/v2\/product_tag?post=797659"},{"taxonomy":"brand","embeddable":true,"href":"https:\/\/games.tactic.net\/da\/wp-json\/wp\/v2\/brand?post=797659"},{"taxonomy":"target-group","embeddable":true,"href":"https:\/\/games.tactic.net\/da\/wp-json\/wp\/v2\/target-group?post=797659"},{"taxonomy":"discontinued","embeddable":true,"href":"https:\/\/games.tactic.net\/da\/wp-json\/wp\/v2\/discontinued?post=797659"}],"curies":[{"name":"wp","href":"https:\/\/api.w.org\/{rel}","templated":true}]}}