{"id":797642,"date":"2023-09-26T14:19:38","date_gmt":"2023-09-26T11:19:38","guid":{"rendered":"https:\/\/games.tactic.net\/tuote\/collecta-african-lion-l\/"},"modified":"2023-10-12T16:07:07","modified_gmt":"2023-10-12T13:07:07","slug":"collecta-african-lion-l","status":"publish","type":"product","link":"https:\/\/games.tactic.net\/da\/tuote\/collecta-african-lion-l\/","title":{"rendered":"CollectA African Lion L toy"},"content":{"rendered":"<p>Jo st\u00f8rre en manke l\u00f8ven har, jo mere skr\u00e6mmende virker den p\u00e5 ubudne g\u00e6ster i dens territorium. L\u00f8ver er de eneste, der jager sammen i flokke. Denne opgave er dog som regel overladt til hunl\u00f8verne i flokken. L\u00f8ven er ikke s\u00e6rlig hurtig i mods\u00e6tning til geparden, og derfor finder den i stedet styrke i at jage i flok. L\u00f8verne kommer luskende fra forskellige retninger, omringer byttet og bruger overraskelsesmomentet. P\u00e5 denne m\u00e5de kan de dr\u00e6be st\u00f8rre dyr som gnuer, zebraer, b\u00f8fler og svage elefanter. Fra 3 \u00e5r. I Collectas udvalg kan du finde dyrefigurer lige fra dinosaurer til sm\u00e5 bondeg\u00e5rdsdyr. Der er leget\u00f8j i flere forskellige st\u00f8rrelser og egnet til enhver form for leg.<\/p>\n","protected":false},"excerpt":{"rendered":"<p>Collecta afrikansk l\u00f8ve L &#8211; 14 x 9 cm.<\/p>\n","protected":false},"featured_media":0,"template":"","meta":{"content-type":"","_monsterinsights_skip_tracking":false,"_monsterinsights_sitenote_active":false,"_monsterinsights_sitenote_note":"","_monsterinsights_sitenote_category":0},"product_brand":[],"product_cat":[2199],"product_tag":[],"brand":[],"target-group":[],"discontinued":[],"class_list":{"0":"post-797642","1":"product","2":"type-product","3":"status-publish","5":"product_cat-collecta-legetoej","7":"first","8":"instock","9":"taxable","10":"shipping-taxable","11":"product-type-simple"},"aioseo_notices":[],"_links":{"self":[{"href":"https:\/\/games.tactic.net\/da\/wp-json\/wp\/v2\/product\/797642","targetHints":{"allow":["GET"]}}],"collection":[{"href":"https:\/\/games.tactic.net\/da\/wp-json\/wp\/v2\/product"}],"about":[{"href":"https:\/\/games.tactic.net\/da\/wp-json\/wp\/v2\/types\/product"}],"wp:attachment":[{"href":"https:\/\/games.tactic.net\/da\/wp-json\/wp\/v2\/media?parent=797642"}],"wp:term":[{"taxonomy":"product_brand","embeddable":true,"href":"https:\/\/games.tactic.net\/da\/wp-json\/wp\/v2\/product_brand?post=797642"},{"taxonomy":"product_cat","embeddable":true,"href":"https:\/\/games.tactic.net\/da\/wp-json\/wp\/v2\/product_cat?post=797642"},{"taxonomy":"product_tag","embeddable":true,"href":"https:\/\/games.tactic.net\/da\/wp-json\/wp\/v2\/product_tag?post=797642"},{"taxonomy":"brand","embeddable":true,"href":"https:\/\/games.tactic.net\/da\/wp-json\/wp\/v2\/brand?post=797642"},{"taxonomy":"target-group","embeddable":true,"href":"https:\/\/games.tactic.net\/da\/wp-json\/wp\/v2\/target-group?post=797642"},{"taxonomy":"discontinued","embeddable":true,"href":"https:\/\/games.tactic.net\/da\/wp-json\/wp\/v2\/discontinued?post=797642"}],"curies":[{"name":"wp","href":"https:\/\/api.w.org\/{rel}","templated":true}]}}