{"id":797557,"date":"2023-09-26T14:18:12","date_gmt":"2023-09-26T11:18:12","guid":{"rendered":"https:\/\/games.tactic.net\/tuote\/collecta-reticulated-giraffe-xl\/"},"modified":"2023-10-12T16:06:22","modified_gmt":"2023-10-12T13:06:22","slug":"collecta-reticulated-giraffe-xl","status":"publish","type":"product","link":"https:\/\/games.tactic.net\/da\/tuote\/collecta-reticulated-giraffe-xl\/","title":{"rendered":"CollectA Reticulated Giraffe XL toy"},"content":{"rendered":"<p>P\u00e5 trods af camouflage-pletterne i deres pels, undg\u00e5r giraffer ikke altid rovdyr. Men de ved, hvordan de skal forsvare sig og kan sparke virkeligt h\u00e5rdt med deres forreste hove. Dette g\u00f8r de mest, n\u00e5r de vil beskytte deres unger, for de voksne dyr bliver normalt sj\u00e6ldent angrebet. Enhver, der har mulighed for at se giraffer p\u00e5 t\u00e6t hold, kan nemt skelne hunnerne fra hannerne. De er noget mindre og har tynde horn med en lille tot h\u00e5r p\u00e5 toppen. Giraf-tyrene har derimod tykke horn uden h\u00e5r p\u00e5 toppen. Fra 3 \u00e5r. I Collectas udvalg kan du finde dyrefigurer lige fra dinosaurer til sm\u00e5 bondeg\u00e5rdsdyr. Der er leget\u00f8j i flere forskellige st\u00f8rrelser og egnet til enhver form for leg.<\/p>\n","protected":false},"excerpt":{"rendered":"<p>Collecta Giraf XL &#8211; 14 x 9 cm.<\/p>\n","protected":false},"featured_media":0,"template":"","meta":{"content-type":"","_monsterinsights_skip_tracking":false,"_monsterinsights_sitenote_active":false,"_monsterinsights_sitenote_note":"","_monsterinsights_sitenote_category":0},"product_brand":[],"product_cat":[2199],"product_tag":[],"brand":[],"target-group":[],"discontinued":[],"class_list":{"0":"post-797557","1":"product","2":"type-product","3":"status-publish","5":"product_cat-collecta-legetoej","7":"first","8":"instock","9":"taxable","10":"shipping-taxable","11":"product-type-simple"},"aioseo_notices":[],"_links":{"self":[{"href":"https:\/\/games.tactic.net\/da\/wp-json\/wp\/v2\/product\/797557","targetHints":{"allow":["GET"]}}],"collection":[{"href":"https:\/\/games.tactic.net\/da\/wp-json\/wp\/v2\/product"}],"about":[{"href":"https:\/\/games.tactic.net\/da\/wp-json\/wp\/v2\/types\/product"}],"wp:attachment":[{"href":"https:\/\/games.tactic.net\/da\/wp-json\/wp\/v2\/media?parent=797557"}],"wp:term":[{"taxonomy":"product_brand","embeddable":true,"href":"https:\/\/games.tactic.net\/da\/wp-json\/wp\/v2\/product_brand?post=797557"},{"taxonomy":"product_cat","embeddable":true,"href":"https:\/\/games.tactic.net\/da\/wp-json\/wp\/v2\/product_cat?post=797557"},{"taxonomy":"product_tag","embeddable":true,"href":"https:\/\/games.tactic.net\/da\/wp-json\/wp\/v2\/product_tag?post=797557"},{"taxonomy":"brand","embeddable":true,"href":"https:\/\/games.tactic.net\/da\/wp-json\/wp\/v2\/brand?post=797557"},{"taxonomy":"target-group","embeddable":true,"href":"https:\/\/games.tactic.net\/da\/wp-json\/wp\/v2\/target-group?post=797557"},{"taxonomy":"discontinued","embeddable":true,"href":"https:\/\/games.tactic.net\/da\/wp-json\/wp\/v2\/discontinued?post=797557"}],"curies":[{"name":"wp","href":"https:\/\/api.w.org\/{rel}","templated":true}]}}