{"id":797540,"date":"2023-09-26T14:17:54","date_gmt":"2023-09-26T11:17:54","guid":{"rendered":"https:\/\/games.tactic.net\/tuote\/collecta-red-deer-calf-s\/"},"modified":"2023-10-12T16:06:14","modified_gmt":"2023-10-12T13:06:14","slug":"collecta-red-deer-calf-s","status":"publish","type":"product","link":"https:\/\/games.tactic.net\/da\/tuote\/collecta-red-deer-calf-s\/","title":{"rendered":"CollectA Red Deer Calf S toy"},"content":{"rendered":"<p>R\u00e5dyrkalv f\u00f8des med brune rosetter, der forsvinder efterh\u00e5nden som de \u00e6ldes, selvom nogle l\u00f8ver kan bevare svage pletter. Fra 3 \u00e5r. I Collectas udvalg kan du finde dyrefigurer lige fra dinosaurer til sm\u00e5 bondeg\u00e5rdsdyr. Der er leget\u00f8j i flere forskellige st\u00f8rrelser og egnet til enhver form for leg.<\/p>\n","protected":false},"excerpt":{"rendered":"<p>Collecta Red Deer Calf S &#8211; 6 x 7 cm.<\/p>\n","protected":false},"featured_media":0,"template":"","meta":{"content-type":"","_monsterinsights_skip_tracking":false,"_monsterinsights_sitenote_active":false,"_monsterinsights_sitenote_note":"","_monsterinsights_sitenote_category":0},"product_brand":[],"product_cat":[2199],"product_tag":[],"brand":[],"target-group":[],"discontinued":[],"class_list":{"0":"post-797540","1":"product","2":"type-product","3":"status-publish","5":"product_cat-collecta-legetoej","7":"first","8":"instock","9":"taxable","10":"shipping-taxable","11":"product-type-simple"},"aioseo_notices":[],"_links":{"self":[{"href":"https:\/\/games.tactic.net\/da\/wp-json\/wp\/v2\/product\/797540","targetHints":{"allow":["GET"]}}],"collection":[{"href":"https:\/\/games.tactic.net\/da\/wp-json\/wp\/v2\/product"}],"about":[{"href":"https:\/\/games.tactic.net\/da\/wp-json\/wp\/v2\/types\/product"}],"wp:attachment":[{"href":"https:\/\/games.tactic.net\/da\/wp-json\/wp\/v2\/media?parent=797540"}],"wp:term":[{"taxonomy":"product_brand","embeddable":true,"href":"https:\/\/games.tactic.net\/da\/wp-json\/wp\/v2\/product_brand?post=797540"},{"taxonomy":"product_cat","embeddable":true,"href":"https:\/\/games.tactic.net\/da\/wp-json\/wp\/v2\/product_cat?post=797540"},{"taxonomy":"product_tag","embeddable":true,"href":"https:\/\/games.tactic.net\/da\/wp-json\/wp\/v2\/product_tag?post=797540"},{"taxonomy":"brand","embeddable":true,"href":"https:\/\/games.tactic.net\/da\/wp-json\/wp\/v2\/brand?post=797540"},{"taxonomy":"target-group","embeddable":true,"href":"https:\/\/games.tactic.net\/da\/wp-json\/wp\/v2\/target-group?post=797540"},{"taxonomy":"discontinued","embeddable":true,"href":"https:\/\/games.tactic.net\/da\/wp-json\/wp\/v2\/discontinued?post=797540"}],"curies":[{"name":"wp","href":"https:\/\/api.w.org\/{rel}","templated":true}]}}