{"id":797455,"date":"2023-09-26T14:16:30","date_gmt":"2023-09-26T11:16:30","guid":{"rendered":"https:\/\/games.tactic.net\/tuote\/collecta-tyrannosaurus-rex-green-l\/"},"modified":"2023-10-12T16:05:34","modified_gmt":"2023-10-12T13:05:34","slug":"collecta-tyrannosaurus-rex-green-l","status":"publish","type":"product","link":"https:\/\/games.tactic.net\/da\/tuote\/collecta-tyrannosaurus-rex-green-l\/","title":{"rendered":"CollectA Tyrannosaurus Rex Green L toy"},"content":{"rendered":"<p>Selvom Tyrannosaurus Rex s\u00e5 ret truende ud, kunne den knap bruge sine forben, der kun var bev\u00e6bnet med to kl\u00f8er, og som ikke engang kunne n\u00e5 op til munden. Tyrannosaurus Rex var n\u00e6sten syv meter h\u00f8j og 13 meter lang og var sandsynligvis ikke nogen s\u00e6rlig dygtig j\u00e6ger, men snarere en \u00e5dsel\u00e6der, der levede af andre dyrs levninger. Den havde mere end 50 t\u00e6nder, der var l\u00e6ngere end 15 cm, som den ikke brugte til at tygge med, men snarere til at fl\u00e6nse f\u00f8den med, da den slugte maden i store lunser. For at f\u00e5 en bedre dybdeopfattelse, n\u00e5r den s\u00f8gte efter f\u00f8de, pegede begge \u00f8jne p\u00e5 Tyrannosaurus Rex fremefter, s\u00e5 begge \u00f8jnes synsfelt overlappede hinanden. Fra 3 \u00e5r. I Collectas udvalg kan du finde dyrefigurer lige fra dinosaurer til sm\u00e5 bondeg\u00e5rdsdyr. Der er leget\u00f8j i flere forskellige st\u00f8rrelser og egnet til enhver form for leg.<\/p>\n","protected":false},"excerpt":{"rendered":"<p>Collecta Tyrannosaurus rex<\/p>\n","protected":false},"featured_media":0,"template":"","meta":{"content-type":"","_monsterinsights_skip_tracking":false,"_monsterinsights_sitenote_active":false,"_monsterinsights_sitenote_note":"","_monsterinsights_sitenote_category":0},"product_brand":[],"product_cat":[2199],"product_tag":[],"brand":[],"target-group":[],"discontinued":[],"class_list":{"0":"post-797455","1":"product","2":"type-product","3":"status-publish","5":"product_cat-collecta-legetoej","7":"first","8":"instock","9":"taxable","10":"shipping-taxable","11":"product-type-simple"},"aioseo_notices":[],"_links":{"self":[{"href":"https:\/\/games.tactic.net\/da\/wp-json\/wp\/v2\/product\/797455","targetHints":{"allow":["GET"]}}],"collection":[{"href":"https:\/\/games.tactic.net\/da\/wp-json\/wp\/v2\/product"}],"about":[{"href":"https:\/\/games.tactic.net\/da\/wp-json\/wp\/v2\/types\/product"}],"wp:attachment":[{"href":"https:\/\/games.tactic.net\/da\/wp-json\/wp\/v2\/media?parent=797455"}],"wp:term":[{"taxonomy":"product_brand","embeddable":true,"href":"https:\/\/games.tactic.net\/da\/wp-json\/wp\/v2\/product_brand?post=797455"},{"taxonomy":"product_cat","embeddable":true,"href":"https:\/\/games.tactic.net\/da\/wp-json\/wp\/v2\/product_cat?post=797455"},{"taxonomy":"product_tag","embeddable":true,"href":"https:\/\/games.tactic.net\/da\/wp-json\/wp\/v2\/product_tag?post=797455"},{"taxonomy":"brand","embeddable":true,"href":"https:\/\/games.tactic.net\/da\/wp-json\/wp\/v2\/brand?post=797455"},{"taxonomy":"target-group","embeddable":true,"href":"https:\/\/games.tactic.net\/da\/wp-json\/wp\/v2\/target-group?post=797455"},{"taxonomy":"discontinued","embeddable":true,"href":"https:\/\/games.tactic.net\/da\/wp-json\/wp\/v2\/discontinued?post=797455"}],"curies":[{"name":"wp","href":"https:\/\/api.w.org\/{rel}","templated":true}]}}