{"id":797438,"date":"2023-09-26T14:16:15","date_gmt":"2023-09-26T11:16:15","guid":{"rendered":"https:\/\/games.tactic.net\/tuote\/collecta-triceratops-l\/"},"modified":"2023-10-12T16:05:26","modified_gmt":"2023-10-12T13:05:26","slug":"collecta-triceratops-l","status":"publish","type":"product","link":"https:\/\/games.tactic.net\/da\/tuote\/collecta-triceratops-l\/","title":{"rendered":"CollectA Triceratops L toy"},"content":{"rendered":"<p>Triceratops betyder \u201dtre-hornet ansigt\u201d.<br \/>\nTriceratops var en af de mest karakteristisk udseende dinosaurer. Dens kranie er et af de st\u00f8rste hos noget landdyr nogensinde. Kraniet var op til tre meter langt og havde en stor nakkekam. Foran sad tre horn, som kunne blive op til 1 meter lange. Hornene og nakkekammen kan have v\u00e6ret brugt som beskyttelse mod rovdyr, men der er meget, som tyder p\u00e5, at de mest blev brugt som v\u00e5ben og forsvar i kampe med egne artsf\u00e6ller. L\u00e6ngde: 8-9 m. og en v\u00e6gt p\u00e5 5-6 ton I Collectas udvalg kan du finde dyrefigurer lige fra dinosaurer til sm\u00e5 bondeg\u00e5rdsdyr. Der er leget\u00f8j i flere forskellige st\u00f8rrelser og egnet til enhver form for leg.<\/p>\n","protected":false},"excerpt":{"rendered":"<p>Collecta Triceratops L &#8211; 18,5 x 8 cm.<\/p>\n","protected":false},"featured_media":0,"template":"","meta":{"content-type":"","_monsterinsights_skip_tracking":false,"_monsterinsights_sitenote_active":false,"_monsterinsights_sitenote_note":"","_monsterinsights_sitenote_category":0},"product_brand":[],"product_cat":[2199],"product_tag":[],"brand":[],"target-group":[],"discontinued":[],"class_list":{"0":"post-797438","1":"product","2":"type-product","3":"status-publish","5":"product_cat-collecta-legetoej","7":"first","8":"instock","9":"taxable","10":"shipping-taxable","11":"product-type-simple"},"aioseo_notices":[],"_links":{"self":[{"href":"https:\/\/games.tactic.net\/da\/wp-json\/wp\/v2\/product\/797438","targetHints":{"allow":["GET"]}}],"collection":[{"href":"https:\/\/games.tactic.net\/da\/wp-json\/wp\/v2\/product"}],"about":[{"href":"https:\/\/games.tactic.net\/da\/wp-json\/wp\/v2\/types\/product"}],"wp:attachment":[{"href":"https:\/\/games.tactic.net\/da\/wp-json\/wp\/v2\/media?parent=797438"}],"wp:term":[{"taxonomy":"product_brand","embeddable":true,"href":"https:\/\/games.tactic.net\/da\/wp-json\/wp\/v2\/product_brand?post=797438"},{"taxonomy":"product_cat","embeddable":true,"href":"https:\/\/games.tactic.net\/da\/wp-json\/wp\/v2\/product_cat?post=797438"},{"taxonomy":"product_tag","embeddable":true,"href":"https:\/\/games.tactic.net\/da\/wp-json\/wp\/v2\/product_tag?post=797438"},{"taxonomy":"brand","embeddable":true,"href":"https:\/\/games.tactic.net\/da\/wp-json\/wp\/v2\/brand?post=797438"},{"taxonomy":"target-group","embeddable":true,"href":"https:\/\/games.tactic.net\/da\/wp-json\/wp\/v2\/target-group?post=797438"},{"taxonomy":"discontinued","embeddable":true,"href":"https:\/\/games.tactic.net\/da\/wp-json\/wp\/v2\/discontinued?post=797438"}],"curies":[{"name":"wp","href":"https:\/\/api.w.org\/{rel}","templated":true}]}}