{"id":796404,"date":"2023-09-25T13:08:40","date_gmt":"2023-09-25T10:08:40","guid":{"rendered":"https:\/\/games.tactic.net\/tuote\/bruder-scania-super-560r-tow-truck-w-ls-bruder-roadster\/"},"modified":"2023-10-20T17:00:44","modified_gmt":"2023-10-20T14:00:44","slug":"bruder-scania-super-560r-tow-truck-w-ls-bruder-roadster","status":"publish","type":"product","link":"https:\/\/games.tactic.net\/da\/tuote\/bruder-scania-super-560r-tow-truck-w-ls-bruder-roadster\/","title":{"rendered":"Bruder Scania Super 560R Tow Truck with Light and Sound and Bruder Roadster toy"},"content":{"rendered":"<p>Komfortabel og robust pr\u00e6senterer BRUDER Scania Super R-serien i sit sortiment. R-serien er kendetegnet ved sin unikke kombination af komfort og holdbarhed. Den er derfor ideelt egnet til enhver situation, der m\u00e5tte opst\u00e5. Det er netop disse forskellige situationer, som b\u00f8rn realistisk kan opleve med disse BRUDER-modeller. Platformen kan s\u00e6nkes for at bj\u00e6rge k\u00f8ret\u00f8jer. Det er ogs\u00e5 muligt at laste k\u00f8ret\u00f8jer ved hj\u00e6lp af kranen, der kan forl\u00e6nges og drejes. I denne proces muligg\u00f8r lasteharnisket, der best\u00e5r af k\u00e6der og hjulklamper, sikker og hurtig l\u00f8ftning og lastning. Hjulkiler og foldbare st\u00f8tteben sikrer k\u00f8ret\u00f8jet, og m\u00f8nstrede d\u00e6k fuldender MAN TGS-lastbilen. Den detaljerede f\u00f8rerkabine har d\u00f8re, der \u00e5bnes, og foldbare spejle p\u00e5 f\u00f8rerhuset. Lyd- og lysmodulet er ogs\u00e5 forudinstalleret. BRUDER Roadster har et aftageligt tag og kan rumme enhver bworld-figur. Roadsteren leveres med det nye hjulskiftesystem for endnu mere sjov.<\/p>\n","protected":false},"excerpt":{"rendered":"<p>Scania Super 560R autotransporter med BRUDER Roadster og Lys og Lyd<\/p>\n","protected":false},"featured_media":0,"template":"","meta":{"content-type":"","_monsterinsights_skip_tracking":false,"_monsterinsights_sitenote_active":false,"_monsterinsights_sitenote_note":"","_monsterinsights_sitenote_category":0},"product_brand":[],"product_cat":[1498],"product_tag":[],"brand":[],"target-group":[],"discontinued":[],"class_list":{"0":"post-796404","1":"product","2":"type-product","3":"status-publish","5":"product_cat-bruder-legetoej","7":"first","8":"instock","9":"taxable","10":"shipping-taxable","11":"product-type-simple"},"aioseo_notices":[],"_links":{"self":[{"href":"https:\/\/games.tactic.net\/da\/wp-json\/wp\/v2\/product\/796404","targetHints":{"allow":["GET"]}}],"collection":[{"href":"https:\/\/games.tactic.net\/da\/wp-json\/wp\/v2\/product"}],"about":[{"href":"https:\/\/games.tactic.net\/da\/wp-json\/wp\/v2\/types\/product"}],"wp:attachment":[{"href":"https:\/\/games.tactic.net\/da\/wp-json\/wp\/v2\/media?parent=796404"}],"wp:term":[{"taxonomy":"product_brand","embeddable":true,"href":"https:\/\/games.tactic.net\/da\/wp-json\/wp\/v2\/product_brand?post=796404"},{"taxonomy":"product_cat","embeddable":true,"href":"https:\/\/games.tactic.net\/da\/wp-json\/wp\/v2\/product_cat?post=796404"},{"taxonomy":"product_tag","embeddable":true,"href":"https:\/\/games.tactic.net\/da\/wp-json\/wp\/v2\/product_tag?post=796404"},{"taxonomy":"brand","embeddable":true,"href":"https:\/\/games.tactic.net\/da\/wp-json\/wp\/v2\/brand?post=796404"},{"taxonomy":"target-group","embeddable":true,"href":"https:\/\/games.tactic.net\/da\/wp-json\/wp\/v2\/target-group?post=796404"},{"taxonomy":"discontinued","embeddable":true,"href":"https:\/\/games.tactic.net\/da\/wp-json\/wp\/v2\/discontinued?post=796404"}],"curies":[{"name":"wp","href":"https:\/\/api.w.org\/{rel}","templated":true}]}}