{"id":796386,"date":"2023-09-25T13:08:22","date_gmt":"2023-09-25T10:08:22","guid":{"rendered":"https:\/\/games.tactic.net\/tuote\/bruder-scania-super-560r-fire-engine-w-ladder-waterp-ls\/"},"modified":"2023-10-20T16:59:58","modified_gmt":"2023-10-20T13:59:58","slug":"bruder-scania-super-560r-fire-engine-w-ladder-waterp-ls","status":"publish","type":"product","link":"https:\/\/games.tactic.net\/da\/tuote\/bruder-scania-super-560r-fire-engine-w-ladder-waterp-ls\/","title":{"rendered":"Bruder Scania Super 560R Brandbil med stige, pumpe og lys &#038; lyd leget\u00f8j"},"content":{"rendered":"<p>Den nye Scania Super 560R drejestige-brandbil er et h\u00f8jdepunkt i BRUDERs brandprogram. Udover detaljer som \u00e5bne d\u00f8re og klapbare spejle har k\u00f8ret\u00f8jet en indbygget vandtank, der nemt fyldes. Slangen kan rulles op, holdes af BRUDER-figurer (f.eks. nr. 60100, ikke inkl.) eller fastg\u00f8res til kurven, og dysen fungerer rigtigt. Drejestigen kan forl\u00e6nges og h\u00f8jdejusteres med h\u00e5ndhjul. Ud over to s\u00e6der i kabinen er der en ekstra plads p\u00e5 stigen. Fire udtr\u00e6kkelige st\u00f8tteben sikrer stabilitet, og et stort rum med h\u00e6ngslet d\u00f8r giver plads til v\u00e6rkt\u00f8j. Lys- og lydmodul (nr. 02801) med fire funktioner er inkluderet og \u00f8ger legev\u00e6rdien. Kombin\u00e9r med bworld brandstation (nr. 62702).<\/p>\n","protected":false},"excerpt":{"rendered":"<p>Scania Super 560R brandbil med drejestige: detaljeret model med indbygget vandtank og funktionelt udstyr til realistisk redningsleg.<\/p>\n","protected":false},"featured_media":0,"template":"","meta":{"content-type":"","_monsterinsights_skip_tracking":false,"_monsterinsights_sitenote_active":false,"_monsterinsights_sitenote_note":"","_monsterinsights_sitenote_category":0},"product_brand":[],"product_cat":[1498],"product_tag":[],"brand":[],"target-group":[],"discontinued":[],"class_list":{"0":"post-796386","1":"product","2":"type-product","3":"status-publish","5":"product_cat-bruder-legetoej","7":"first","8":"instock","9":"taxable","10":"shipping-taxable","11":"product-type-simple"},"aioseo_notices":[],"_links":{"self":[{"href":"https:\/\/games.tactic.net\/da\/wp-json\/wp\/v2\/product\/796386","targetHints":{"allow":["GET"]}}],"collection":[{"href":"https:\/\/games.tactic.net\/da\/wp-json\/wp\/v2\/product"}],"about":[{"href":"https:\/\/games.tactic.net\/da\/wp-json\/wp\/v2\/types\/product"}],"wp:attachment":[{"href":"https:\/\/games.tactic.net\/da\/wp-json\/wp\/v2\/media?parent=796386"}],"wp:term":[{"taxonomy":"product_brand","embeddable":true,"href":"https:\/\/games.tactic.net\/da\/wp-json\/wp\/v2\/product_brand?post=796386"},{"taxonomy":"product_cat","embeddable":true,"href":"https:\/\/games.tactic.net\/da\/wp-json\/wp\/v2\/product_cat?post=796386"},{"taxonomy":"product_tag","embeddable":true,"href":"https:\/\/games.tactic.net\/da\/wp-json\/wp\/v2\/product_tag?post=796386"},{"taxonomy":"brand","embeddable":true,"href":"https:\/\/games.tactic.net\/da\/wp-json\/wp\/v2\/brand?post=796386"},{"taxonomy":"target-group","embeddable":true,"href":"https:\/\/games.tactic.net\/da\/wp-json\/wp\/v2\/target-group?post=796386"},{"taxonomy":"discontinued","embeddable":true,"href":"https:\/\/games.tactic.net\/da\/wp-json\/wp\/v2\/discontinued?post=796386"}],"curies":[{"name":"wp","href":"https:\/\/api.w.org\/{rel}","templated":true}]}}