{"id":796368,"date":"2023-09-25T13:08:02","date_gmt":"2023-09-25T10:08:02","guid":{"rendered":"https:\/\/games.tactic.net\/tuote\/bruder-scania-super-560r-construction-truck-w-crane2-pal\/"},"modified":"2023-10-20T16:59:34","modified_gmt":"2023-10-20T13:59:34","slug":"bruder-scania-super-560r-construction-truck-w-crane2-pal","status":"publish","type":"product","link":"https:\/\/games.tactic.net\/da\/tuote\/bruder-scania-super-560r-construction-truck-w-crane2-pal\/","title":{"rendered":"Bruder Scania Super 560R Construction truck with crane and 2 pallets toy"},"content":{"rendered":"<p>Komfortabel og robust pr\u00e6senterer BRUDER Scania Super R-serien i sit sortiment. R-serien er kendetegnet ved sin unikke kombination af komfort og holdbarhed. Den er derfor ideel til enhver situation, der m\u00e5tte opst\u00e5. Det er netop disse forskellige situationer, som b\u00f8rn kan opleve realistisk med disse BRUDER-modeller.<br \/>\nDet nye f\u00f8rerhus f\u00f8lger Scanias typiske, dynamiske design. Sammenklappelige udvendige spejle og d\u00f8re kan \u00e5bnes. K\u00f8ret\u00f8jets karrosseri best\u00e5r af en vippelig l\u00e6sseflade med tre foldbare sideporte. Bag kabinen er en 360\u00b0 drejelig, foldbar og teleskopisk l\u00e6ssekran, der frit kan bev\u00e6ges med h\u00e5nden og holdes i enhver position af l\u00e5semekanismen. Derudover kan st\u00f8ttebenene forl\u00e6nges og s\u00e6nkes sidev\u00e6rts af l\u00e6ssekranen for at give k\u00f8ret\u00f8jet st\u00f8rre stabilitet under lastning. Da der ogs\u00e5 medf\u00f8lger en pallegaffel med to paller og en skovlgreb, kan det sjove begynde med det samme.<\/p>\n","protected":false},"excerpt":{"rendered":"<p>Scania Super 560R Byggelastbil med kran og 2 paller<\/p>\n","protected":false},"featured_media":0,"template":"","meta":{"content-type":"","_monsterinsights_skip_tracking":false,"_monsterinsights_sitenote_active":false,"_monsterinsights_sitenote_note":"","_monsterinsights_sitenote_category":0},"product_brand":[],"product_cat":[1498],"product_tag":[],"brand":[],"target-group":[],"discontinued":[],"class_list":{"0":"post-796368","1":"product","2":"type-product","3":"status-publish","5":"product_cat-bruder-legetoej","7":"first","8":"instock","9":"taxable","10":"shipping-taxable","11":"product-type-simple"},"aioseo_notices":[],"_links":{"self":[{"href":"https:\/\/games.tactic.net\/da\/wp-json\/wp\/v2\/product\/796368","targetHints":{"allow":["GET"]}}],"collection":[{"href":"https:\/\/games.tactic.net\/da\/wp-json\/wp\/v2\/product"}],"about":[{"href":"https:\/\/games.tactic.net\/da\/wp-json\/wp\/v2\/types\/product"}],"wp:attachment":[{"href":"https:\/\/games.tactic.net\/da\/wp-json\/wp\/v2\/media?parent=796368"}],"wp:term":[{"taxonomy":"product_brand","embeddable":true,"href":"https:\/\/games.tactic.net\/da\/wp-json\/wp\/v2\/product_brand?post=796368"},{"taxonomy":"product_cat","embeddable":true,"href":"https:\/\/games.tactic.net\/da\/wp-json\/wp\/v2\/product_cat?post=796368"},{"taxonomy":"product_tag","embeddable":true,"href":"https:\/\/games.tactic.net\/da\/wp-json\/wp\/v2\/product_tag?post=796368"},{"taxonomy":"brand","embeddable":true,"href":"https:\/\/games.tactic.net\/da\/wp-json\/wp\/v2\/brand?post=796368"},{"taxonomy":"target-group","embeddable":true,"href":"https:\/\/games.tactic.net\/da\/wp-json\/wp\/v2\/target-group?post=796368"},{"taxonomy":"discontinued","embeddable":true,"href":"https:\/\/games.tactic.net\/da\/wp-json\/wp\/v2\/discontinued?post=796368"}],"curies":[{"name":"wp","href":"https:\/\/api.w.org\/{rel}","templated":true}]}}