{"id":796350,"date":"2023-09-25T13:07:41","date_gmt":"2023-09-25T10:07:41","guid":{"rendered":"https:\/\/games.tactic.net\/tuote\/bruder-mb-arocs-halfpipe-dump-truck\/"},"modified":"2023-10-20T16:46:26","modified_gmt":"2023-10-20T13:46:26","slug":"bruder-mb-arocs-halfpipe-dump-truck","status":"publish","type":"product","link":"https:\/\/games.tactic.net\/da\/tuote\/bruder-mb-arocs-halfpipe-dump-truck\/","title":{"rendered":"Bruder Mercedes-Benz Arocs Halfpipe tipper truck toy"},"content":{"rendered":"<p>Kraft, holdbarhed og effektivitet repr\u00e6senterer ofte afg\u00f8rende elementer p\u00e5 en arbejdsdag p\u00e5 veje og byggepladser. Derfor er den nye Mercedes-Benz Arocs specielt udviklet til disse behov. Designet er ogs\u00e5 blevet revideret for at matche disse tekniske funktioner. For eksempel er forsiden af \u200b\u200bk\u00f8lergrillen designet i det typiske Arocs-look og afspejler dens enorme kraft. Med denne model fokuserede vi intensivt p\u00e5 den holdbarhed, der kendetegner BRUDER-produkter, og udstyret f\u00f8rerhuset med en d\u00f8r, der kan \u00e5bnes, for at give BRUDER-leget\u00f8jsfigurer adgang til k\u00f8ret\u00f8jet. Takket v\u00e6re den specielle halfpipe-form placeres den l\u00e6ssede last automatisk i midten, hvilket er nyttigt b\u00e5de til k\u00f8rsel og til afl\u00e6sning s\u00e5 let som muligt. Vippetrugets tredobbelte udtr\u00e6kscylinder og bagklappen kan klikkes p\u00e5 plads i forskellige trin for at muligg\u00f8re s\u00e5 mange legesituationer som muligt. VOLVO kn\u00e6kstyrede vejl\u00e6sser (varenr. 02458) og den store Cat\u00ae elskovl (varenr. 02483) passer s\u00e6rligt godt sammen med denne imponerende tipvogn.<\/p>\n","protected":false},"excerpt":{"rendered":"<p>Bruder Mercedez-Benz Arocs lastbil med Halfpipe tip-lad<\/p>\n","protected":false},"featured_media":0,"template":"","meta":{"content-type":"","_monsterinsights_skip_tracking":false,"_monsterinsights_sitenote_active":false,"_monsterinsights_sitenote_note":"","_monsterinsights_sitenote_category":0},"product_brand":[],"product_cat":[1498],"product_tag":[],"brand":[],"target-group":[],"discontinued":[],"class_list":{"0":"post-796350","1":"product","2":"type-product","3":"status-publish","5":"product_cat-bruder-legetoej","7":"first","8":"outofstock","9":"taxable","10":"shipping-taxable","11":"product-type-simple"},"aioseo_notices":[],"_links":{"self":[{"href":"https:\/\/games.tactic.net\/da\/wp-json\/wp\/v2\/product\/796350","targetHints":{"allow":["GET"]}}],"collection":[{"href":"https:\/\/games.tactic.net\/da\/wp-json\/wp\/v2\/product"}],"about":[{"href":"https:\/\/games.tactic.net\/da\/wp-json\/wp\/v2\/types\/product"}],"wp:attachment":[{"href":"https:\/\/games.tactic.net\/da\/wp-json\/wp\/v2\/media?parent=796350"}],"wp:term":[{"taxonomy":"product_brand","embeddable":true,"href":"https:\/\/games.tactic.net\/da\/wp-json\/wp\/v2\/product_brand?post=796350"},{"taxonomy":"product_cat","embeddable":true,"href":"https:\/\/games.tactic.net\/da\/wp-json\/wp\/v2\/product_cat?post=796350"},{"taxonomy":"product_tag","embeddable":true,"href":"https:\/\/games.tactic.net\/da\/wp-json\/wp\/v2\/product_tag?post=796350"},{"taxonomy":"brand","embeddable":true,"href":"https:\/\/games.tactic.net\/da\/wp-json\/wp\/v2\/brand?post=796350"},{"taxonomy":"target-group","embeddable":true,"href":"https:\/\/games.tactic.net\/da\/wp-json\/wp\/v2\/target-group?post=796350"},{"taxonomy":"discontinued","embeddable":true,"href":"https:\/\/games.tactic.net\/da\/wp-json\/wp\/v2\/discontinued?post=796350"}],"curies":[{"name":"wp","href":"https:\/\/api.w.org\/{rel}","templated":true}]}}